{"id":14,"date":"2024-12-10T14:32:20","date_gmt":"2024-12-10T14:32:20","guid":{"rendered":"https:\/\/blogs2.abo.fi\/prospects\/?page_id=14"},"modified":"2025-04-16T06:49:00","modified_gmt":"2025-04-16T06:49:00","slug":"projektgruppen","status":"publish","type":"page","link":"https:\/\/blogs2.abo.fi\/prospects\/projektgruppen\/","title":{"rendered":"Projektgruppen"},"content":{"rendered":"<p>Forskningsprojektet ProSpectS leds av Siv Bj\u00f6rklund, professor i spr\u00e5kbad och flerspr\u00e5kighet vid \u00c5bo Akademi i Vasa. FD Sanna Pakarinen och FD Camilla Rosvall fungerar som postdoktorala forskare inom ProSpectS. FM Sannina Sj\u00f6berg fungerar som forskningsassistent inom projektet.<\/p>\n<p><img loading=\"lazy\" decoding=\"async\" class=\"alignnone size-medium wp-image-154\" src=\"http:\/\/blogs2.abo.fi\/prospects\/wp-content\/uploads\/sites\/272\/2025\/04\/SivBjorklund-225x300.jpg\" alt=\"\" width=\"225\" height=\"300\" srcset=\"https:\/\/blogs2.abo.fi\/prospects\/wp-content\/uploads\/sites\/272\/2025\/04\/SivBjorklund-225x300.jpg 225w, https:\/\/blogs2.abo.fi\/prospects\/wp-content\/uploads\/sites\/272\/2025\/04\/SivBjorklund.jpg 300w\" sizes=\"auto, (max-width: 225px) 100vw, 225px\" \/> Professor Siv Bj\u00f6rklund<\/p>\n<p><img loading=\"lazy\" decoding=\"async\" class=\"alignnone size-medium wp-image-142\" src=\"http:\/\/blogs2.abo.fi\/prospects\/wp-content\/uploads\/sites\/272\/2025\/04\/Sanna-Pakarinen-232x300.png\" alt=\"\" width=\"232\" height=\"300\" srcset=\"https:\/\/blogs2.abo.fi\/prospects\/wp-content\/uploads\/sites\/272\/2025\/04\/Sanna-Pakarinen-232x300.png 232w, https:\/\/blogs2.abo.fi\/prospects\/wp-content\/uploads\/sites\/272\/2025\/04\/Sanna-Pakarinen-794x1024.png 794w, https:\/\/blogs2.abo.fi\/prospects\/wp-content\/uploads\/sites\/272\/2025\/04\/Sanna-Pakarinen-768x991.png 768w, https:\/\/blogs2.abo.fi\/prospects\/wp-content\/uploads\/sites\/272\/2025\/04\/Sanna-Pakarinen.png 1057w\" sizes=\"auto, (max-width: 232px) 100vw, 232px\" \/> FD Sanna Pakarinen<\/p>\n<p><img loading=\"lazy\" decoding=\"async\" class=\"alignnone wp-image-146\" src=\"http:\/\/blogs2.abo.fi\/prospects\/wp-content\/uploads\/sites\/272\/2025\/04\/CamillaRosvall-246x300.jpg\" alt=\"\" width=\"230\" height=\"280\" srcset=\"https:\/\/blogs2.abo.fi\/prospects\/wp-content\/uploads\/sites\/272\/2025\/04\/CamillaRosvall-246x300.jpg 246w, https:\/\/blogs2.abo.fi\/prospects\/wp-content\/uploads\/sites\/272\/2025\/04\/CamillaRosvall-840x1024.jpg 840w, https:\/\/blogs2.abo.fi\/prospects\/wp-content\/uploads\/sites\/272\/2025\/04\/CamillaRosvall-768x936.jpg 768w, https:\/\/blogs2.abo.fi\/prospects\/wp-content\/uploads\/sites\/272\/2025\/04\/CamillaRosvall.jpg 968w\" sizes=\"auto, (max-width: 230px) 100vw, 230px\" \/> FD Camilla Rosvall<\/p>\n<p><img loading=\"lazy\" decoding=\"async\" class=\"alignnone wp-image-144\" src=\"http:\/\/blogs2.abo.fi\/prospects\/wp-content\/uploads\/sites\/272\/2025\/04\/FB_IMG_1543562441721-300x300.jpg\" alt=\"\" width=\"232\" height=\"232\" srcset=\"https:\/\/blogs2.abo.fi\/prospects\/wp-content\/uploads\/sites\/272\/2025\/04\/FB_IMG_1543562441721-300x300.jpg 300w, https:\/\/blogs2.abo.fi\/prospects\/wp-content\/uploads\/sites\/272\/2025\/04\/FB_IMG_1543562441721-150x150.jpg 150w, https:\/\/blogs2.abo.fi\/prospects\/wp-content\/uploads\/sites\/272\/2025\/04\/FB_IMG_1543562441721.jpg 720w\" sizes=\"auto, (max-width: 232px) 100vw, 232px\" \/> FM Sannina Sj\u00f6berg<\/p>\n","protected":false},"excerpt":{"rendered":"<p>Forskningsprojektet ProSpectS leds av Siv Bj\u00f6rklund, professor i spr\u00e5kbad och flerspr\u00e5kighet vid \u00c5bo Akademi i Vasa. FD Sanna Pakarinen och FD Camilla Rosvall fungerar som postdoktorala forskare inom ProSpectS. FM Sannina Sj\u00f6berg fungerar som forskningsassistent inom projektet. Professor Siv Bj\u00f6rklund FD Sanna Pakarinen FD Camilla Rosvall FM Sannina Sj\u00f6berg<\/p>\n","protected":false},"author":920,"featured_media":0,"parent":0,"menu_order":0,"comment_status":"closed","ping_status":"closed","template":"","meta":{"footnotes":""},"class_list":["post-14","page","type-page","status-publish","hentry"],"_links":{"self":[{"href":"https:\/\/blogs2.abo.fi\/prospects\/wp-json\/wp\/v2\/pages\/14","targetHints":{"allow":["GET"]}}],"collection":[{"href":"https:\/\/blogs2.abo.fi\/prospects\/wp-json\/wp\/v2\/pages"}],"about":[{"href":"https:\/\/blogs2.abo.fi\/prospects\/wp-json\/wp\/v2\/types\/page"}],"author":[{"embeddable":true,"href":"https:\/\/blogs2.abo.fi\/prospects\/wp-json\/wp\/v2\/users\/920"}],"replies":[{"embeddable":true,"href":"https:\/\/blogs2.abo.fi\/prospects\/wp-json\/wp\/v2\/comments?post=14"}],"version-history":[{"count":10,"href":"https:\/\/blogs2.abo.fi\/prospects\/wp-json\/wp\/v2\/pages\/14\/revisions"}],"predecessor-version":[{"id":155,"href":"https:\/\/blogs2.abo.fi\/prospects\/wp-json\/wp\/v2\/pages\/14\/revisions\/155"}],"wp:attachment":[{"href":"https:\/\/blogs2.abo.fi\/prospects\/wp-json\/wp\/v2\/media?parent=14"}],"curies":[{"name":"wp","href":"https:\/\/api.w.org\/{rel}","templated":true}]}}