{"id":125,"date":"2025-04-08T06:31:52","date_gmt":"2025-04-08T06:31:52","guid":{"rendered":"https:\/\/blogs2.abo.fi\/prospects\/?page_id=125"},"modified":"2025-05-08T06:30:01","modified_gmt":"2025-05-08T06:30:01","slug":"styrgruppen","status":"publish","type":"page","link":"https:\/\/blogs2.abo.fi\/prospects\/styrgruppen\/","title":{"rendered":"Styrgruppen"},"content":{"rendered":"<p>Projektet ProSpectS har en styrgrupp som sammantr\u00e4der en g\u00e5ng per termin. Styrgruppen best\u00e5r av medlemmarna nedan.<\/p>\n<p>The project ProSpectS has a steering group that convenes once every semester. The steering group consists of the members below.<\/p>\n<p><img loading=\"lazy\" decoding=\"async\" class=\"alignnone wp-image-151\" src=\"http:\/\/blogs2.abo.fi\/prospects\/wp-content\/uploads\/sites\/272\/2025\/04\/Fred-blue-224x300.jpg\" alt=\"\" width=\"240\" height=\"321\" srcset=\"https:\/\/blogs2.abo.fi\/prospects\/wp-content\/uploads\/sites\/272\/2025\/04\/Fred-blue-224x300.jpg 224w, https:\/\/blogs2.abo.fi\/prospects\/wp-content\/uploads\/sites\/272\/2025\/04\/Fred-blue-765x1024.jpg 765w, https:\/\/blogs2.abo.fi\/prospects\/wp-content\/uploads\/sites\/272\/2025\/04\/Fred-blue-768x1028.jpg 768w, https:\/\/blogs2.abo.fi\/prospects\/wp-content\/uploads\/sites\/272\/2025\/04\/Fred-blue-1147x1536.jpg 1147w, https:\/\/blogs2.abo.fi\/prospects\/wp-content\/uploads\/sites\/272\/2025\/04\/Fred-blue-1530x2048.jpg 1530w, https:\/\/blogs2.abo.fi\/prospects\/wp-content\/uploads\/sites\/272\/2025\/04\/Fred-blue.jpg 1562w\" sizes=\"auto, (max-width: 240px) 100vw, 240px\" \/><\/p>\n<p>Professor Fred Genesee, McGill University, Canada<\/p>\n<p>&nbsp;<\/p>\n<p><img loading=\"lazy\" decoding=\"async\" class=\"alignnone size-medium wp-image-126\" src=\"http:\/\/blogs2.abo.fi\/prospects\/wp-content\/uploads\/sites\/272\/2025\/04\/karitamardmiettinen-300x200.jpg\" alt=\"\" width=\"300\" height=\"200\" srcset=\"https:\/\/blogs2.abo.fi\/prospects\/wp-content\/uploads\/sites\/272\/2025\/04\/karitamardmiettinen-300x200.jpg 300w, https:\/\/blogs2.abo.fi\/prospects\/wp-content\/uploads\/sites\/272\/2025\/04\/karitamardmiettinen-1024x684.jpg 1024w, https:\/\/blogs2.abo.fi\/prospects\/wp-content\/uploads\/sites\/272\/2025\/04\/karitamardmiettinen-768x513.jpg 768w, https:\/\/blogs2.abo.fi\/prospects\/wp-content\/uploads\/sites\/272\/2025\/04\/karitamardmiettinen-1536x1025.jpg 1536w, https:\/\/blogs2.abo.fi\/prospects\/wp-content\/uploads\/sites\/272\/2025\/04\/karitamardmiettinen-2048x1367.jpg 2048w\" sizes=\"auto, (max-width: 300px) 100vw, 300px\" \/><\/p>\n<p>Professor Karita M\u00e5rd-Miettinen, University of Jyv\u00e4skyl\u00e4<\/p>\n<p>&nbsp;<\/p>\n<p><img loading=\"lazy\" decoding=\"async\" class=\"alignnone size-medium wp-image-149\" src=\"http:\/\/blogs2.abo.fi\/prospects\/wp-content\/uploads\/sites\/272\/2025\/04\/TJOCeallaigh-296x300.jpg\" alt=\"\" width=\"296\" height=\"300\" srcset=\"https:\/\/blogs2.abo.fi\/prospects\/wp-content\/uploads\/sites\/272\/2025\/04\/TJOCeallaigh-296x300.jpg 296w, https:\/\/blogs2.abo.fi\/prospects\/wp-content\/uploads\/sites\/272\/2025\/04\/TJOCeallaigh-768x779.jpg 768w, https:\/\/blogs2.abo.fi\/prospects\/wp-content\/uploads\/sites\/272\/2025\/04\/TJOCeallaigh.jpg 993w\" sizes=\"auto, (max-width: 296px) 100vw, 296px\" \/><\/p>\n<p>Senior Lecturer T.J. \u00d3 Ceallaigh, University College Cork, Irland<\/p>\n","protected":false},"excerpt":{"rendered":"<p>Projektet ProSpectS har en styrgrupp som sammantr\u00e4der en g\u00e5ng per termin. Styrgruppen best\u00e5r av medlemmarna nedan. The project ProSpectS has a steering group that convenes once every semester. The steering group consists of the members below. Professor Fred Genesee, McGill University, Canada &nbsp; Professor Karita M\u00e5rd-Miettinen, University of Jyv\u00e4skyl\u00e4 &nbsp; Senior Lecturer T.J. \u00d3 Ceallaigh, &hellip; <a href=\"https:\/\/blogs2.abo.fi\/prospects\/styrgruppen\/\" class=\"more-link\">Forts\u00e4tt l\u00e4sa <span class=\"screen-reader-text\">Styrgruppen<\/span><\/a><\/p>\n","protected":false},"author":964,"featured_media":0,"parent":0,"menu_order":0,"comment_status":"closed","ping_status":"closed","template":"","meta":{"footnotes":""},"class_list":["post-125","page","type-page","status-publish","hentry"],"_links":{"self":[{"href":"https:\/\/blogs2.abo.fi\/prospects\/wp-json\/wp\/v2\/pages\/125","targetHints":{"allow":["GET"]}}],"collection":[{"href":"https:\/\/blogs2.abo.fi\/prospects\/wp-json\/wp\/v2\/pages"}],"about":[{"href":"https:\/\/blogs2.abo.fi\/prospects\/wp-json\/wp\/v2\/types\/page"}],"author":[{"embeddable":true,"href":"https:\/\/blogs2.abo.fi\/prospects\/wp-json\/wp\/v2\/users\/964"}],"replies":[{"embeddable":true,"href":"https:\/\/blogs2.abo.fi\/prospects\/wp-json\/wp\/v2\/comments?post=125"}],"version-history":[{"count":7,"href":"https:\/\/blogs2.abo.fi\/prospects\/wp-json\/wp\/v2\/pages\/125\/revisions"}],"predecessor-version":[{"id":177,"href":"https:\/\/blogs2.abo.fi\/prospects\/wp-json\/wp\/v2\/pages\/125\/revisions\/177"}],"wp:attachment":[{"href":"https:\/\/blogs2.abo.fi\/prospects\/wp-json\/wp\/v2\/media?parent=125"}],"curies":[{"name":"wp","href":"https:\/\/api.w.org\/{rel}","templated":true}]}}