{"id":12,"date":"2024-12-10T14:30:24","date_gmt":"2024-12-10T14:30:24","guid":{"rendered":"https:\/\/blogs2.abo.fi\/prospects\/?page_id=12"},"modified":"2025-03-18T14:18:04","modified_gmt":"2025-03-18T14:18:04","slug":"om-projektet","status":"publish","type":"page","link":"https:\/\/blogs2.abo.fi\/prospects\/om-projektet\/","title":{"rendered":"Om projektet"},"content":{"rendered":"<p>Forskningsprojektet ProSpectS har som m\u00e5l att unders\u00f6ka ledarskap, handledning och st\u00f6d f\u00f6r l\u00e4rande i spr\u00e5kbad i Finland. Centrala akt\u00f6rer \u00e4r s\u00e5ledes daghemsf\u00f6rest\u00e5ndare, rektorer, speciall\u00e4rare, l\u00e4rare inom sm\u00e5barnspedagogik, f\u00f6rskoll\u00e4rare, klassl\u00e4rare och \u00e4mnesl\u00e4rare. Projektet unders\u00f6ker det finl\u00e4ndska spr\u00e5kbadet fr\u00e5n sm\u00e5barnspedagogiken till slutet av den grundl\u00e4ggande utbildningen. Ut\u00f6ver akt\u00f6rerna p\u00e5 f\u00e4ltet ing\u00e5r \u00e4ven spr\u00e5kbadsl\u00e4rarstuderande i projektets m\u00e5lgrupp.<\/p>\n","protected":false},"excerpt":{"rendered":"<p>Forskningsprojektet ProSpectS har som m\u00e5l att unders\u00f6ka ledarskap, handledning och st\u00f6d f\u00f6r l\u00e4rande i spr\u00e5kbad i Finland. Centrala akt\u00f6rer \u00e4r s\u00e5ledes daghemsf\u00f6rest\u00e5ndare, rektorer, speciall\u00e4rare, l\u00e4rare inom sm\u00e5barnspedagogik, f\u00f6rskoll\u00e4rare, klassl\u00e4rare och \u00e4mnesl\u00e4rare. Projektet unders\u00f6ker det finl\u00e4ndska spr\u00e5kbadet fr\u00e5n sm\u00e5barnspedagogiken till slutet av den grundl\u00e4ggande utbildningen. Ut\u00f6ver akt\u00f6rerna p\u00e5 f\u00e4ltet ing\u00e5r \u00e4ven spr\u00e5kbadsl\u00e4rarstuderande i projektets m\u00e5lgrupp.<\/p>\n","protected":false},"author":920,"featured_media":0,"parent":0,"menu_order":0,"comment_status":"closed","ping_status":"closed","template":"","meta":{"footnotes":""},"class_list":["post-12","page","type-page","status-publish","hentry"],"_links":{"self":[{"href":"https:\/\/blogs2.abo.fi\/prospects\/wp-json\/wp\/v2\/pages\/12","targetHints":{"allow":["GET"]}}],"collection":[{"href":"https:\/\/blogs2.abo.fi\/prospects\/wp-json\/wp\/v2\/pages"}],"about":[{"href":"https:\/\/blogs2.abo.fi\/prospects\/wp-json\/wp\/v2\/types\/page"}],"author":[{"embeddable":true,"href":"https:\/\/blogs2.abo.fi\/prospects\/wp-json\/wp\/v2\/users\/920"}],"replies":[{"embeddable":true,"href":"https:\/\/blogs2.abo.fi\/prospects\/wp-json\/wp\/v2\/comments?post=12"}],"version-history":[{"count":4,"href":"https:\/\/blogs2.abo.fi\/prospects\/wp-json\/wp\/v2\/pages\/12\/revisions"}],"predecessor-version":[{"id":82,"href":"https:\/\/blogs2.abo.fi\/prospects\/wp-json\/wp\/v2\/pages\/12\/revisions\/82"}],"wp:attachment":[{"href":"https:\/\/blogs2.abo.fi\/prospects\/wp-json\/wp\/v2\/media?parent=12"}],"curies":[{"name":"wp","href":"https:\/\/api.w.org\/{rel}","templated":true}]}}