{"id":7,"date":"2015-06-16T10:05:29","date_gmt":"2015-06-16T07:05:29","guid":{"rendered":"http:\/\/blogs2.abo.fi\/polku\/?page_id=7"},"modified":"2019-04-02T09:46:06","modified_gmt":"2019-04-02T06:46:06","slug":"home","status":"publish","type":"page","link":"https:\/\/blogs2.abo.fi\/polku\/","title":{"rendered":"POLKU"},"content":{"rendered":"<div class=\"project-content\">\n<p>Hanke kehitt\u00e4\u00e4 uusia toimintatapoja ja palvelupolkuja, jotka vahvistavat kv-opiskelijoiden ty\u00f6llistymist\u00e4 koulutustaan vastaavasti. Hy\u00f6dynt\u00e4m\u00e4ll\u00e4 kv-opiskelijoiden osaamista vahvistetaan Varsinais-Suomalaisten yritysten kasvua ja kansainv\u00e4listymist\u00e4. Hanke tukee kohderyhmien monikulttuurista osaamista ja yritysten\/ty\u00f6nantajien tietoisuutta ulkomaisen ty\u00f6voiman hy\u00f6dyist\u00e4 ja haasteista.<\/p>\n<h6>Hanke<\/h6>\n<ul>\n<li>lis\u00e4\u00e4 suomalaisten yritysten ja organisaatioiden kansainv\u00e4listymist\u00e4 ja kyky\u00e4 hy\u00f6dynt\u00e4\u00e4 kansainv\u00e4lisi\u00e4 lahjakkuuksia<\/li>\n<li>kehitt\u00e4\u00e4 ty\u00f6el\u00e4m\u00e4n ja koulutuksen vuorovaikutuksen<\/li>\n<li>edist\u00e4\u00e4 kansainv\u00e4listen opiskelijoiden ty\u00f6llistyminen erityisesti Varsinais-Suomeen<\/li>\n<li>vahvistaa kv-opiskelijoiden yritt\u00e4jyys- ja ty\u00f6el\u00e4m\u00e4taitoja<\/li>\n<li>tehostaa ohjauspalveluja ja kehitt\u00e4\u00e4 kv-opiskelijoidensuomen kielen ja kulttuurin tuntemusta<\/li>\n<li>tukee siirtym\u00e4vaiheita korkeakouluun tultaessa ja sielt\u00e4 ty\u00f6el\u00e4m\u00e4\u00e4n siirrytt\u00e4ess\u00e4<\/li>\n<\/ul>\n<p>Jos olet ty\u00f6nantaja ja yhteisty\u00f6 kiinnostaa, ota yhteytt\u00e4!<br \/>\n<a href=\"https:\/\/survey.abo.fi\/lomakkeet\/7763\/lomake.html\" target=\"_blank\" rel=\"noopener\">https:\/\/survey.abo.fi\/lomakkeet\/7763\/lomake.html<\/a> tai<br \/>\ns-postitse: <a href=\"mailto:arbetsforum@abo.fi\">arbetsforum@abo.fi<\/a><\/p>\n<p>Jos olet\u00a0 opiskelija ja kiinnostunut tulevista POLKU tapahtumista ilmoita yhteystietosi meille:<br \/>\n<a href=\"https:\/\/survey.abo.fi\/lomakkeet\/7037\/lomake.html\" target=\"_blank\" rel=\"noopener\">Kiinnostuksen ilmoittaminen POLKU hankkeeseen<\/a><\/p>\n<p>Euroopan Sosiaalirahasto osarahoittaa hanketta ja hankkeen p\u00e4\u00e4rahoittaja on Keski-Suomen ELY-keskus.<\/p>\n<p>Hanke toteutetaan ajanjaksolla 1.6.2015 &#8211; 31.5.2018.<\/p>\n<h6><strong>Yhteyshenkil\u00f6it\u00e4<br \/>\n<\/strong><\/h6>\n<p>hankekoordinaattori\u00a0<em><strong>Jan Kraufvelin<\/strong>,\u00a0<\/em>Arbetsforum vid \u00c5bo Akademi<br \/>\ns-posti:\u00a0<a href=\"mailto:polku@abo.fi\">jan.kraufvelin(at)abo.fi<\/a>, puh. 050 5365886<\/p>\n<p>hankekoordinaattori <strong><em>Mona Riska<\/em>, <\/strong>\u00c5bo Akademi (CLL)<br \/>\ns-posti: <a href=\"mailto:mona.riska@abo.fi\">mona.riska(at)abo.fi<\/a>, puh. 02-215 3218<\/p>\n<\/div>\n","protected":false},"excerpt":{"rendered":"<p>Hanke kehitt\u00e4\u00e4 uusia toimintatapoja ja palvelupolkuja, jotka vahvistavat kv-opiskelijoiden ty\u00f6llistymist\u00e4 koulutustaan vastaavasti. Hy\u00f6dynt\u00e4m\u00e4ll\u00e4 kv-opiskelijoiden osaamista vahvistetaan Varsinais-Suomalaisten yritysten kasvua ja kansainv\u00e4listymist\u00e4. Hanke tukee kohderyhmien monikulttuurista osaamista ja yritysten\/ty\u00f6nantajien tietoisuutta ulkomaisen ty\u00f6voiman hy\u00f6dyist\u00e4 ja haasteista. Hanke lis\u00e4\u00e4 suomalaisten yritysten ja organisaatioiden kansainv\u00e4listymist\u00e4 ja kyky\u00e4 hy\u00f6dynt\u00e4\u00e4 kansainv\u00e4lisi\u00e4 lahjakkuuksia kehitt\u00e4\u00e4 ty\u00f6el\u00e4m\u00e4n ja koulutuksen vuorovaikutuksen edist\u00e4\u00e4 kansainv\u00e4listen opiskelijoiden ty\u00f6llistyminen &hellip; <a href=\"https:\/\/blogs2.abo.fi\/polku\/\" class=\"more-link\">Forts\u00e4tt l\u00e4sa <span class=\"screen-reader-text\">POLKU<\/span> <span class=\"meta-nav\">&rarr;<\/span><\/a><\/p>\n","protected":false},"author":81,"featured_media":0,"parent":0,"menu_order":0,"comment_status":"closed","ping_status":"closed","template":"","meta":{"footnotes":""},"class_list":["post-7","page","type-page","status-publish","hentry"],"_links":{"self":[{"href":"https:\/\/blogs2.abo.fi\/polku\/wp-json\/wp\/v2\/pages\/7","targetHints":{"allow":["GET"]}}],"collection":[{"href":"https:\/\/blogs2.abo.fi\/polku\/wp-json\/wp\/v2\/pages"}],"about":[{"href":"https:\/\/blogs2.abo.fi\/polku\/wp-json\/wp\/v2\/types\/page"}],"author":[{"embeddable":true,"href":"https:\/\/blogs2.abo.fi\/polku\/wp-json\/wp\/v2\/users\/81"}],"replies":[{"embeddable":true,"href":"https:\/\/blogs2.abo.fi\/polku\/wp-json\/wp\/v2\/comments?post=7"}],"version-history":[{"count":36,"href":"https:\/\/blogs2.abo.fi\/polku\/wp-json\/wp\/v2\/pages\/7\/revisions"}],"predecessor-version":[{"id":756,"href":"https:\/\/blogs2.abo.fi\/polku\/wp-json\/wp\/v2\/pages\/7\/revisions\/756"}],"wp:attachment":[{"href":"https:\/\/blogs2.abo.fi\/polku\/wp-json\/wp\/v2\/media?parent=7"}],"curies":[{"name":"wp","href":"https:\/\/api.w.org\/{rel}","templated":true}]}}