{"id":11,"date":"2015-06-16T10:15:35","date_gmt":"2015-06-16T07:15:35","guid":{"rendered":"http:\/\/blogs2.abo.fi\/polku\/?page_id=11"},"modified":"2017-11-30T14:41:27","modified_gmt":"2017-11-30T11:41:27","slug":"projekt","status":"publish","type":"page","link":"https:\/\/blogs2.abo.fi\/polku\/projekt\/","title":{"rendered":"Projekt"},"content":{"rendered":"<p>I projektet <em><strong>POLKU <\/strong>&#8211; Internationella studerande som resurs<\/em>, samarbetar projektparterna med att ta fram en koordinerad, gemensam servicestig f\u00f6r internationella studerande i \u00c5bo, som st\u00f6d i olika \u00f6verg\u00e5ngsskeden i syfte att integrera dem i arbetslivet, samh\u00e4llet och f\u00f6retagande i ett tidigt skede. Projektet utvecklar v\u00e4gledningsservice f\u00f6r internationella studerande, koordinerar serviceutbud mellan olika akt\u00f6rer och informerar om utbud av tj\u00e4nster.<\/p>\n<p><strong>Projektet p\u00e5g\u00e5r<\/strong> 1.6.2015\u201331.5.2018.<\/p>\n<p>Om du \u00e4r intresserad av kommande evenemang och projektaktiviteter, anm\u00e4l ditt intresse:<br \/>\n<a href=\"https:\/\/survey.abo.fi\/lomakkeet\/7035\/lomake.html\" target=\"_blank\" rel=\"noopener\">Anm\u00e4lan av intresse f\u00f6r att erh\u00e5lla POLKU information<\/a><\/p>\n<p><strong>Projektets syfte<\/strong><\/p>\n<ul>\n<li>erbjuda st\u00f6d i \u00f6verg\u00e5ngsskeden; vid ankomst till h\u00f6gskola och vid \u00f6verg\u00e5ng till arbetsliv<\/li>\n<li>utveckla samspelet mellan arbetsliv och utbildning<\/li>\n<li>st\u00e4rka de internationella studerandes f\u00f6retagar- och arbetslivskompetens<\/li>\n<li>f\u00f6rb\u00e4ttra v\u00e4gledningsservice och utvecklar studerandes k\u00e4nnedom om finska spr\u00e5ket och kulturen<\/li>\n<li>fr\u00e4mja internationella studerandes syssels\u00e4ttning s\u00e4rskilt i Egentliga Finland<\/li>\n<li>st\u00e4rka finl\u00e4ndska f\u00f6retags och organisationers internationalisering och f\u00f6rm\u00e5ga att utnyttja internationella studerande som resurs<\/li>\n<\/ul>\n<p><strong>M\u00e5lgrupp<\/strong><\/p>\n<ul>\n<li>H\u00f6gskolornas internationella examens-studerande i Egentliga Finland<\/li>\n<li>H\u00f6gskolornas v\u00e4gledare och \u00f6vriga som erbjuder service \u00e5t internationella studerande<\/li>\n<li>F\u00f6retag och andra arbetsgivare, som \u00e4r intresserade av att erbjuda uppdrag och praktikplatser \u00e5t internationella studerande<\/li>\n<li>F\u00f6retag och \u00f6vriga arbetsgivare, som \u00e4r intresserade av att anst\u00e4lla internationella studerande<\/li>\n<\/ul>\n<p>Projektet finansieras med st\u00f6d fr\u00e5n Europeiska socialfonden.<br \/>\nHuvudfinansi\u00e4r \u00e4r NTM-centralen i Mellersta Finland.<br \/>\nMedfinansi\u00e4r \u00e4r Svenska kulturfonden.<\/p>\n<h5><strong>Ledningsgrupp f\u00f6r projektet<br \/>\n<\/strong><\/h5>\n<ul>\n<li><em>Gurli-Maria Gardberg,<\/em> \u00c5bo Akademi (ordf\u00f6rande)<\/li>\n<li><em>Anssi Kaisti<\/em>, \u00c5bo stad<\/li>\n<li><em>Erkki H\u00e4rk\u00f6nen<\/em>, \u00c5bo universitet<\/li>\n<li><em>Anu H\u00e4rk\u00f6nen<\/em>, \u00c5bo yrkesh\u00f6gskola<\/li>\n<li><em>Jari Kauppila<\/em>, Team Finland\/NMT-centralen (viceordf\u00f6rande)<\/li>\n<li><em>Satu Nurmi<\/em>, TYY<\/li>\n<li><em>Timo Ruoko<\/em>, Ingenj\u00f6rsf\u00f6rbundet<\/li>\n<li><em>Tuomas Martikainen<\/em>, Migrationsinstitutet<\/li>\n<li><em>Kosar Mahmood<\/em>, sakkunnig<\/li>\n<\/ul>\n<p><strong>F\u00f6ljande sakkunniga inkallas till ledningsgruppsm\u00f6ten:<\/strong><\/p>\n<ul>\n<li><em>Minna Koivukangas<\/em>, NMT-centralen<\/li>\n<li><em>Jan Kraufvelin<\/em> (\u00c5A\/Arbetsforum)<\/li>\n<li>\u00a0<em>Annika St\u00e5lfors<\/em> (\u00c5A\/CLL)<\/li>\n<\/ul>\n<p><strong>Som f\u00f6redragande och sekreterare fungerar:<\/strong><\/p>\n<ul>\n<li>projektkoordinator <em>Mona Riska <\/em>(\u00c5A\/CLL)<\/li>\n<\/ul>\n","protected":false},"excerpt":{"rendered":"<p>I projektet POLKU &#8211; Internationella studerande som resurs, samarbetar projektparterna med att ta fram en koordinerad, gemensam servicestig f\u00f6r internationella studerande i \u00c5bo, som st\u00f6d i olika \u00f6verg\u00e5ngsskeden i syfte att integrera dem i arbetslivet, samh\u00e4llet och f\u00f6retagande i ett tidigt skede. Projektet utvecklar v\u00e4gledningsservice f\u00f6r internationella studerande, koordinerar serviceutbud mellan olika akt\u00f6rer och informerar &hellip; <a href=\"https:\/\/blogs2.abo.fi\/polku\/projekt\/\" class=\"more-link\">Forts\u00e4tt l\u00e4sa <span class=\"screen-reader-text\">Projekt<\/span> <span class=\"meta-nav\">&rarr;<\/span><\/a><\/p>\n","protected":false},"author":81,"featured_media":0,"parent":0,"menu_order":0,"comment_status":"closed","ping_status":"closed","template":"","meta":{"footnotes":""},"class_list":["post-11","page","type-page","status-publish","hentry"],"_links":{"self":[{"href":"https:\/\/blogs2.abo.fi\/polku\/wp-json\/wp\/v2\/pages\/11","targetHints":{"allow":["GET"]}}],"collection":[{"href":"https:\/\/blogs2.abo.fi\/polku\/wp-json\/wp\/v2\/pages"}],"about":[{"href":"https:\/\/blogs2.abo.fi\/polku\/wp-json\/wp\/v2\/types\/page"}],"author":[{"embeddable":true,"href":"https:\/\/blogs2.abo.fi\/polku\/wp-json\/wp\/v2\/users\/81"}],"replies":[{"embeddable":true,"href":"https:\/\/blogs2.abo.fi\/polku\/wp-json\/wp\/v2\/comments?post=11"}],"version-history":[{"count":18,"href":"https:\/\/blogs2.abo.fi\/polku\/wp-json\/wp\/v2\/pages\/11\/revisions"}],"predecessor-version":[{"id":591,"href":"https:\/\/blogs2.abo.fi\/polku\/wp-json\/wp\/v2\/pages\/11\/revisions\/591"}],"wp:attachment":[{"href":"https:\/\/blogs2.abo.fi\/polku\/wp-json\/wp\/v2\/media?parent=11"}],"curies":[{"name":"wp","href":"https:\/\/api.w.org\/{rel}","templated":true}]}}