{"id":6,"date":"2018-08-23T11:36:34","date_gmt":"2018-08-23T11:36:34","guid":{"rendered":"http:\/\/blogs2.abo.fi\/peda-forum2018\/?page_id=6"},"modified":"2018-08-28T13:33:41","modified_gmt":"2018-08-28T13:33:41","slug":"rinnakkaissessio-1","status":"publish","type":"page","link":"https:\/\/blogs2.abo.fi\/peda-forum2018\/rinnakkaissessio-1\/","title":{"rendered":"Rinnakkaissessio 1 &nbsp; &nbsp; &nbsp; &nbsp; Parallel sessions 1"},"content":{"rendered":"<h2>Teemaryhm\u00e4 1A:<br \/>\nKorkeakoulutuksesta ev\u00e4it\u00e4 ty\u00f6el\u00e4m\u00e4\u00e4n<\/h2>\n<p><strong>1. 17 Pedagogiska handledningsmodeller f\u00f6r att utveckla professionell<br \/>\nexpertis <a href=\"http:\/\/blogs2.abo.fi\/peda-forum2018\/wp-content\/uploads\/sites\/102\/2018\/08\/1A-TarjaTuononen.pdf\" target=\"_blank\" rel=\"noopener\">(PDF)<\/a><br \/>\n<\/strong>Esitt\u00e4j\u00e4t: Annica Isacsson, Haaga-Helia ammattikorkeakoulu, &amp; Bettina Backstr\u00f6m-Widjeskog, Novia, &amp; Christa Tigerstedt, Arcada<\/p>\n<p><strong>2. 128 Developing competences in collaborative innovation processes (in Finnish)<br \/>\n<\/strong>Esitt\u00e4j\u00e4t: Johanna Lindstr\u00f6m &amp; Anna-Greta Nystr\u00f6m, \u00c5bo Akademi<\/p>\n<p><strong>3. 113 Ty\u00f6el\u00e4m\u00e4valmiuksien oppiminen yliopistossa ja ty\u00f6el\u00e4m\u00e4ss\u00e4 menestyminen \u2013seurantatutkimus<br \/>\n<\/strong>Esitt\u00e4j\u00e4t: Tarja Tuononen, Helsingin yliopisto<\/p>\n<p><strong>4. 149 Valmiina ty\u00f6el\u00e4m\u00e4\u00e4n! &#8211; mist\u00e4 ev\u00e4\u00e4t?<br \/>\n<\/strong>Esitt\u00e4j\u00e4t: Jyrki Liesivuori, Turun yliopisto<\/p>\n<p>&nbsp;<\/p>\n<h2>Teemaryhm\u00e4 1B:<br \/>\nDigitaaliset ty\u00f6kalut osaksi korkeakouluopetusta<\/h2>\n<p><strong>1. 162 UniOn! \u2013 innovatiivinen mobiilisovellus kielten ja kulttuurien satunnaisoppimisen v\u00e4lineen\u00e4\u00a0<a href=\"http:\/\/blogs2.abo.fi\/peda-forum2018\/wp-content\/uploads\/sites\/102\/2018\/08\/1B-Ville-Jakkula-1.pdf\" target=\"_blank\" rel=\"noopener\">(PDF)<\/a><br \/>\n<\/strong>Esitt\u00e4j\u00e4t: Ville Jakkula &amp; Hannu Paloniemi, Lapin yliopisto<\/p>\n<p><strong>2. 183 Naps ja Bloom teollisuusrobotiikan simulaatio-opetuksessa\u00a0<a href=\"http:\/\/blogs2.abo.fi\/peda-forum2018\/wp-content\/uploads\/sites\/102\/2018\/08\/1B-2-Koivunen-Naps-ja-Bloom-teollisuusrobotiikan-simulaatio-oppimise....pdf\" target=\"_blank\" rel=\"noopener\">(PDF)<\/a><br \/>\n<\/strong>Esitt\u00e4j\u00e4t: Sakari Koivunen, Turun ammattikorkeakoulu<\/p>\n<p><strong>3. 76 SCOO &#8211; Pedagoginen HelpDesk ja resurssialusta opetuksen tueksi<br \/>\n<\/strong>Esitt\u00e4j\u00e4t: Risto Korhonen &amp; Christian Alopaeus, Ilona IT Oy<\/p>\n<p>&nbsp;<\/p>\n<h2>Teemaryhm\u00e4 1C:<br \/>\nKuinka arvioida ja analysoida opiskelijoiden oppimista?<\/h2>\n<p><strong>1. 8 Ovatko tentit tarpeellisia?\u00a0<a href=\"http:\/\/blogs2.abo.fi\/peda-forum2018\/wp-content\/uploads\/sites\/102\/2018\/08\/1C-Paloposki-Clavert.pdf\" target=\"_blank\" rel=\"noopener\">(PDF)<\/a><br \/>\n<\/strong>Esitt\u00e4j\u00e4t: Tuomas Paloposki &amp; Maria Clavert, Aalto-yliopisto<\/p>\n<p><strong>2. 84 Osaamisen analysointia suurella ohjelmointikurssilla<br \/>\n<\/strong>Esitt\u00e4j\u00e4t: Pasi Sarolahti, Aalto-yliopisto<\/p>\n<p><strong>3. 86 S\u00e4hk\u00f6inen koe ohjelmointikurssilla<br \/>\n<\/strong>Esitt\u00e4j\u00e4t: Pasi Sarolahti, Aalto-yliopisto<\/p>\n<p><strong>4. 98 Matemaattisten sanallisten teht\u00e4vien laadinta ja ymm\u00e4rrys insin\u00f6\u00f6riopiskelijoilla<br \/>\n<\/strong>Esitt\u00e4j\u00e4t: Stefan Emet &amp; Hanna Nori, Turun yliopisto<\/p>\n<p>&nbsp;<\/p>\n<h2>Teemaryhm\u00e4 1D:<br \/>\nTulevaisuuden korkeakouluopettajan roolit, toiveet ja teht\u00e4v\u00e4t<\/h2>\n<p><strong>1. 87 Tulevaisuuden opettajuus: opettaja-tutkijasta tiedekasvattajaksi?\u00a0<a href=\"http:\/\/blogs2.abo.fi\/peda-forum2018\/wp-content\/uploads\/sites\/102\/2018\/08\/1D-Laura-Ihalainen.pdf\" target=\"_blank\" rel=\"noopener\">(PDF)<\/a><br \/>\n<\/strong>Esitt\u00e4j\u00e4t: Laura Ihalainen, Helsingin yliopisto<\/p>\n<p><strong>2. 90 Tulevaisuuden korkeakouluopettajuus ja saavutettava korkeakoulutus\u00a0<a href=\"http:\/\/blogs2.abo.fi\/peda-forum2018\/wp-content\/uploads\/sites\/102\/2018\/08\/1D-Huhta-Pietil\u00e4.pdf\" target=\"_blank\" rel=\"noopener\">(PDF)<\/a><br \/>\n<\/strong>Esitt\u00e4j\u00e4t: Aleksi Huhta &amp; Paula Pietil\u00e4, Turun yliopisto<\/p>\n<p><strong>3. 154 Tulevaisuuden opettaja itsekasvatuksen ja yhteis\u00f6llisen kasvun edist\u00e4j\u00e4n\u00e4\u00a0<a href=\"http:\/\/blogs2.abo.fi\/peda-forum2018\/wp-content\/uploads\/sites\/102\/2018\/08\/1D-Hannu-Rentola-Tulevaisuuden-opettaja.pdf\" target=\"_blank\" rel=\"noopener\">(PDF)<\/a><br \/>\n<\/strong>Esitt\u00e4j\u00e4t: Hannu Rentola, Puolustusvoimat<\/p>\n<p>&nbsp;<\/p>\n<h2>Teemaryhm\u00e4 1E:<br \/>\nKorkeakouluopiskelijoiden ohjaaminen ja hyvinvoinnin tukeminen<\/h2>\n<p><strong>1. 118 Opiskeluprosessien yhteys opiskelijoiden hyvinvointiin kandiksi valmistuvilla opiskelijoilla &#8211; Helsingin yliopiston kandipalautteen analysointia opiskelijoiden hyvinvoinnin n\u00e4k\u00f6kulmasta<br \/>\n<\/strong>Esitt\u00e4j\u00e4t: Anna Parpala, Helsingin yliopisto<\/p>\n<p><strong>2. 114 Opiskelijoiden hyvinvoinnin edist\u00e4minen eBoss -valmennusten avulla\u00a0<a href=\"http:\/\/blogs2.abo.fi\/peda-forum2018\/wp-content\/uploads\/sites\/102\/2018\/08\/1E-Maaret-Rutanen-Merja-Kurunsaari.pdf\" target=\"_blank\" rel=\"noopener\">(PDF)<\/a><br \/>\n<\/strong>Esitt\u00e4j\u00e4t: Maaret Rutanen &amp; Merja Kurunsaari, Jyv\u00e4skyl\u00e4n ammattikorkeakoulu<\/p>\n<p><strong>3. 112 Ohjauksellisen prosessin rakentuminen hyvinvointivalmennuksessa &#8211; valmentajan n\u00e4k\u00f6kulma<br \/>\n<\/strong>Esitt\u00e4j\u00e4t: Merja Kurunsaari &amp; Maaret Rutanen, Jyv\u00e4skyl\u00e4n ammattikorkeakoulu<\/p>\n<p><strong>4. 166 Verkko-orientaatio alkuohjauksen ja opintoihin kiinnittymisen tukena\u00a0<a href=\"http:\/\/blogs2.abo.fi\/peda-forum2018\/wp-content\/uploads\/sites\/102\/2018\/08\/1F-P\u00e4ivi-Rosenius.pdf\" target=\"_blank\" rel=\"noopener\">(PDF)<\/a><br \/>\n<\/strong>Esitt\u00e4j\u00e4t: P\u00e4ivi Rosenius, Leena Penttinen &amp; Niina R\u00e4s\u00e4nen, It\u00e4-Suomen yliopisto<\/p>\n<p>&nbsp;<\/p>\n<h2>Theme Session 1F (in English):<br \/>\nCross-Disciplinary and Interinstitutional Collaboration<\/h2>\n<p><strong>1. 10 Developing Innovation Competencies in Multidisciplinary Learning Environments<br \/>\n<\/strong>Presenters: Liisa Kairisto-Mertanen &amp; Meiju Kein\u00e4nen,<\/p>\n<p><strong>Turku University of Applied Sciences<br \/>\n<\/strong>2. 185 Astrobiology &#8211; the cross-disciplinary perspective to all natural sciences<br \/>\nPresenters: Kirsi Lehto, University of Turku<\/p>\n<p><strong>3. 184 Teaching and learning in higher education &#8211; blended learning programmes in university pedagogy in Thailand and Brazil<br \/>\n<\/strong>Presenters: Johanna Annala, University of Tampere<\/p>\n<p><strong>4. 117 Overview of Pedagogical Approach in Finnish Higher Education<br \/>\n<\/strong>Presenters: Carolina Carvalho, UFABC S\u00e3o Bernardo do Campo Brazil, HAMK<\/p>\n<p>&nbsp;<\/p>\n<h2>Theme Session 1G (in English):<br \/>\nStudent Perspectives on Higher Education Development<\/h2>\n<p><strong>1. 34 From Contact to Distance: There and Back Again? Student Perceptions of Online Academic English Courses\u00a0<a href=\"https:\/\/prezi.com\/vzxkqmhuaktr\/from-contact-to-distance\/?utm_campaign=share&amp;utm_medium=copy\" target=\"_blank\" rel=\"noopener\">Prezi presentation <\/a><br \/>\n<\/strong>Presenters: Susanna Kohonen, University of Eastern Finland<\/p>\n<p><strong>2. 91 Study Well-Being Inventory and Student Feedback in Developing Higher Education Institution<br \/>\n<\/strong>Presenters: Viivi Virtanen &amp; Sara R\u00f6nkk\u00f6nen, Aalto University<\/p>\n<p><strong>3. 15 Log files and metadata as a tool for online course interaction<br \/>\n<\/strong>Presenters: Vesa Paajanen, University of Eastern Finland<\/p>\n<p><strong>4. 68 Improving knowledge management through learning analytics and reporting<br \/>\n<\/strong>Presenters: Tapio Janasik, itslearning Oy<\/p>\n<p>&nbsp;<\/p>\n<h2>Theme Session 1H (in English):<br \/>\nCurriculum Development in the Changing Environment of Higher Education<\/h2>\n<p><strong>1. 175 Internationalizing the Curriculum in Higher Education: Why, How, What?<br \/>\n<\/strong>Presenters: Anu H\u00e4rk\u00f6nen, Turku University of Applied Sciences, &amp; Nikolien van Lidth De Jeude, Hogeschool Utrecht University of Applied Sciences<\/p>\n<p><strong>2. 152 Nordic Noir 2 &#8211; Beyond and behind the fingerprints of a successful digital leap in an ENV-coded BSc program\u00a0<a href=\"http:\/\/blogs2.abo.fi\/peda-forum2018\/wp-content\/uploads\/sites\/102\/2018\/08\/1H-Olli-Pekka-Penttinen.pdf\" target=\"_blank\" rel=\"noopener\">(PDF)<\/a><br \/>\n<\/strong>Presenters: Olli-Pekka Penttinen, University of Helsinki<\/p>\n<p><strong>3. 79 How competence needs from working life could be monitored? Behavioral Event Interviews in a global study related to natural resources education<br \/>\n<\/strong>Presenters: Mika Rekola, University of Helsinki<\/p>\n<p><strong>4. 157 A competency model for designing curricula for Master of Science in Information Systems programs\u00a0<a href=\"http:\/\/blogs2.abo.fi\/peda-forum2018\/wp-content\/uploads\/sites\/102\/2018\/08\/1H-Helena-Karsten.pdf\" target=\"_blank\" rel=\"noopener\">(PDF)<\/a><br \/>\n<\/strong>Presenters: Helena Karsten, \u00c5bo Akademi<\/p>\n","protected":false},"excerpt":{"rendered":"<p>Teemaryhm\u00e4 1A: Korkeakoulutuksesta ev\u00e4it\u00e4 ty\u00f6el\u00e4m\u00e4\u00e4n 1. 17 Pedagogiska handledningsmodeller f\u00f6r att utveckla professionell expertis (PDF) Esitt\u00e4j\u00e4t: Annica Isacsson, Haaga-Helia ammattikorkeakoulu, &amp; Bettina Backstr\u00f6m-Widjeskog, Novia, &amp; Christa Tigerstedt, Arcada 2. 128 Developing competences in collaborative innovation processes (in Finnish) Esitt\u00e4j\u00e4t: Johanna Lindstr\u00f6m &amp; Anna-Greta Nystr\u00f6m, \u00c5bo Akademi 3. 113 Ty\u00f6el\u00e4m\u00e4valmiuksien oppiminen yliopistossa ja ty\u00f6el\u00e4m\u00e4ss\u00e4 menestyminen \u2013seurantatutkimus &hellip; <a href=\"https:\/\/blogs2.abo.fi\/peda-forum2018\/rinnakkaissessio-1\/\" class=\"more-link\">Continue reading <span class=\"screen-reader-text\">Rinnakkaissessio 1 &nbsp; &nbsp; &nbsp; &nbsp; Parallel sessions 1<\/span> <span class=\"meta-nav\">&rarr;<\/span><\/a><\/p>\n","protected":false},"author":422,"featured_media":0,"parent":0,"menu_order":0,"comment_status":"closed","ping_status":"closed","template":"","meta":{"footnotes":""},"class_list":["post-6","page","type-page","status-publish","hentry"],"_links":{"self":[{"href":"https:\/\/blogs2.abo.fi\/peda-forum2018\/wp-json\/wp\/v2\/pages\/6","targetHints":{"allow":["GET"]}}],"collection":[{"href":"https:\/\/blogs2.abo.fi\/peda-forum2018\/wp-json\/wp\/v2\/pages"}],"about":[{"href":"https:\/\/blogs2.abo.fi\/peda-forum2018\/wp-json\/wp\/v2\/types\/page"}],"author":[{"embeddable":true,"href":"https:\/\/blogs2.abo.fi\/peda-forum2018\/wp-json\/wp\/v2\/users\/422"}],"replies":[{"embeddable":true,"href":"https:\/\/blogs2.abo.fi\/peda-forum2018\/wp-json\/wp\/v2\/comments?post=6"}],"version-history":[{"count":56,"href":"https:\/\/blogs2.abo.fi\/peda-forum2018\/wp-json\/wp\/v2\/pages\/6\/revisions"}],"predecessor-version":[{"id":289,"href":"https:\/\/blogs2.abo.fi\/peda-forum2018\/wp-json\/wp\/v2\/pages\/6\/revisions\/289"}],"wp:attachment":[{"href":"https:\/\/blogs2.abo.fi\/peda-forum2018\/wp-json\/wp\/v2\/media?parent=6"}],"curies":[{"name":"wp","href":"https:\/\/api.w.org\/{rel}","templated":true}]}}