{"id":256,"date":"2018-08-28T09:40:57","date_gmt":"2018-08-28T09:40:57","guid":{"rendered":"http:\/\/blogs2.abo.fi\/peda-forum2018\/?page_id=256"},"modified":"2018-08-30T13:19:47","modified_gmt":"2018-08-30T13:19:47","slug":"keynote","status":"publish","type":"page","link":"https:\/\/blogs2.abo.fi\/peda-forum2018\/keynote\/","title":{"rendered":"Keynote"},"content":{"rendered":"<p><strong>Keynote 1 \u2013 opettajan puheenvuoro\u00a0<a href=\"https:\/\/drive.google.com\/file\/d\/19ZN7iR12gwgLmsiylxnS1ssZz8jZxpg2\/view\" target=\"_blank\" rel=\"noopener\">(URL)<\/a><\/strong><br \/>\n<em>Meaningful learning \u2013 who, when, where and how?<\/em><br \/>\nAnna-Greta Nystr\u00f6m, kansainv\u00e4lisen markkinoinnin yliopistolehtori, \u00c5bo Akademi<\/p>\n<p><strong>Keynote 2 \u2013 tulevaisuuden tutkijan puheenvuoro\u00a0<a href=\"http:\/\/blogs2.abo.fi\/peda-forum2018\/wp-content\/uploads\/sites\/102\/2018\/08\/Futures-very-much-possbile.pdf\">(PDF)<\/a><\/strong><br \/>\n<em>The Future \u2013 Very Much Possible!<\/em><br \/>\nLeena Jokinen, koulutusp\u00e4\u00e4llikk\u00f6, tulevaisuuden tutkimuskeskus, Turun yliopisto<\/p>\n<p><strong>Keynote 3 \u2013 korkeakoulupedagoginen puheenvuoro\u00a0<a href=\"http:\/\/blogs2.abo.fi\/peda-forum2018\/wp-content\/uploads\/sites\/102\/2018\/08\/Keynote_Postareff.pdf\">(PDF)<\/a><\/strong><br \/>\n<em>University teachers\u2019 emotions, well-being and pedagogical competence\u00a0<\/em><br \/>\nLiisa Postareff, korkeakoulupedagogiikan apulaisprofessori, Turun yliopisto<\/p>\n<p>&nbsp;<\/p>\n","protected":false},"excerpt":{"rendered":"<p>Keynote 1 \u2013 opettajan puheenvuoro\u00a0(URL) Meaningful learning \u2013 who, when, where and how? Anna-Greta Nystr\u00f6m, kansainv\u00e4lisen markkinoinnin yliopistolehtori, \u00c5bo Akademi Keynote 2 \u2013 tulevaisuuden tutkijan puheenvuoro\u00a0(PDF) The Future \u2013 Very Much Possible! Leena Jokinen, koulutusp\u00e4\u00e4llikk\u00f6, tulevaisuuden tutkimuskeskus, Turun yliopisto Keynote 3 \u2013 korkeakoulupedagoginen puheenvuoro\u00a0(PDF) University teachers\u2019 emotions, well-being and pedagogical competence\u00a0 Liisa Postareff, korkeakoulupedagogiikan apulaisprofessori, &hellip; <a href=\"https:\/\/blogs2.abo.fi\/peda-forum2018\/keynote\/\" class=\"more-link\">Continue reading <span class=\"screen-reader-text\">Keynote<\/span> <span class=\"meta-nav\">&rarr;<\/span><\/a><\/p>\n","protected":false},"author":422,"featured_media":0,"parent":0,"menu_order":0,"comment_status":"closed","ping_status":"closed","template":"","meta":{"footnotes":""},"class_list":["post-256","page","type-page","status-publish","hentry"],"_links":{"self":[{"href":"https:\/\/blogs2.abo.fi\/peda-forum2018\/wp-json\/wp\/v2\/pages\/256","targetHints":{"allow":["GET"]}}],"collection":[{"href":"https:\/\/blogs2.abo.fi\/peda-forum2018\/wp-json\/wp\/v2\/pages"}],"about":[{"href":"https:\/\/blogs2.abo.fi\/peda-forum2018\/wp-json\/wp\/v2\/types\/page"}],"author":[{"embeddable":true,"href":"https:\/\/blogs2.abo.fi\/peda-forum2018\/wp-json\/wp\/v2\/users\/422"}],"replies":[{"embeddable":true,"href":"https:\/\/blogs2.abo.fi\/peda-forum2018\/wp-json\/wp\/v2\/comments?post=256"}],"version-history":[{"count":5,"href":"https:\/\/blogs2.abo.fi\/peda-forum2018\/wp-json\/wp\/v2\/pages\/256\/revisions"}],"predecessor-version":[{"id":322,"href":"https:\/\/blogs2.abo.fi\/peda-forum2018\/wp-json\/wp\/v2\/pages\/256\/revisions\/322"}],"wp:attachment":[{"href":"https:\/\/blogs2.abo.fi\/peda-forum2018\/wp-json\/wp\/v2\/media?parent=256"}],"curies":[{"name":"wp","href":"https:\/\/api.w.org\/{rel}","templated":true}]}}