{"id":14,"date":"2018-08-23T11:37:37","date_gmt":"2018-08-23T11:37:37","guid":{"rendered":"http:\/\/blogs2.abo.fi\/peda-forum2018\/?page_id=14"},"modified":"2018-09-03T06:01:44","modified_gmt":"2018-09-03T06:01:44","slug":"tyopajat-workshops","status":"publish","type":"page","link":"https:\/\/blogs2.abo.fi\/peda-forum2018\/tyopajat-workshops\/","title":{"rendered":"Ty\u00f6pajat &nbsp; &nbsp; &nbsp; &nbsp; &nbsp; &nbsp; &nbsp; &nbsp; &nbsp; &nbsp; &nbsp; &nbsp; Workshops"},"content":{"rendered":"<h4>Rinnakkaissessiot 1<br \/>\nParallel sessions 1<\/h4>\n<p><strong>1. 99 Korkeakoulujen henkil\u00f6st\u00f6n pedagogisen ja digitaalisen opetus- ja ohjausosaamisen vahvistaminen \u2013OKM-k\u00e4rkihankkeen symposium (Flipattu symposium ennakkoesityksill\u00e4 ja roundtable-keskustelulla)<\/strong><\/p>\n<p><em>Korkeakoulujen henkil\u00f6st\u00f6n pedagogisen ja digitaalisen opetus- ja ohjausosaamisen vahvistaminen -OKM-k\u00e4rkihankkeen Peda-forum 2018 -symposium.<br \/>\n<\/em><em>K\u00e4rkihankkeen tavoitteena on vahvistaa korkeakoulujen henkil\u00f6st\u00f6n pedagogista ja digitaalista opetus- ja ohjausosaamista. Hanke on kattava ja monitasoinen kokonaisuus, jossa hy\u00f6dynnet\u00e4\u00e4n useiden eri instituutioiden vahvuusalueita suomalaisen korkeakoulukent\u00e4n hyv\u00e4ksi.<br \/>\n<\/em><em>Hanke on Opetus ja Kulttuuriministeri\u00f6n (OKM) rahoittama k\u00e4rkihanke.<br \/>\n<\/em><em>K\u00e4rkihankkeen symposiumin toteutus on normaalista konferenssiesityksest\u00e4 ja symposiumista hieman poikkeava, sill\u00e4 se noudattelee flipped classroom -periaatetta. Esitykset toteutetaan ennakkovideoina ja itse symposium Peda-forum 2018 -p\u00e4ivill\u00e4 toteutetaan roundtable tyyppisesti ennakkovideoihin pohjautuen.<\/em><br \/>\n<em>Videot l\u00f6ytyv\u00e4t osoitteesta\u00a0<a href=\"https:\/\/urly.fi\/Z1W\">https:\/\/urly.fi\/Z1W<\/a>. Lis\u00e4ksi videoihin ja roundtable-keskusteluun liittyen on mahdollista j\u00e4tt\u00e4\u00e4 kysymyksi\u00e4\/kommentteja\/ideoita Padlet-sein\u00e4llemme:\u00a0<u><a href=\"https:\/\/urly.fi\/Yjv\">https:\/\/urly.fi\/Yjv<\/a><\/u>. L\u00e4mpim\u00e4sti tervetuloa osallistumaan flipattuun symposiumiimme! Lis\u00e4tietoja: erkko.sointu(at)uef.fi<\/em><\/p>\n<p>Esitt\u00e4j\u00e4t: Riitta Pyykk\u00f6 &amp; Minna Vuorio-Lehti, Turun yliopisto, &amp; Erkko Sointu, It\u00e4-Suomen yliopisto<\/p>\n<ol>\n<li><strong>129 Flipped Learning -hanke opetushenkil\u00f6st\u00f6n digi- ja pedagogisten taitojen vahvistajana<br \/>\n<\/strong>Esitt\u00e4j\u00e4t:\u00a0Jenni Kankaanp\u00e4\u00e4, Erkko Sointu &amp; Laura Hirsto, It\u00e4-Suomen yliopisto<\/li>\n<li><strong>33 Opettaja oppii vertaisiltaan- Digikummitoiminta ja kehitt\u00e4j\u00e4yhteis\u00f6t opettajien osaamisen kehitt\u00e4misess\u00e4<br \/>\n<\/strong>Esitt\u00e4j\u00e4t:\u00a0Hannele Rajaniemi &amp; Pentti Impi\u00f6, Jyv\u00e4skyl\u00e4n yliopisto, &amp; Sirke Pekkil\u00e4, Taideyliopisto, &amp; Satu Hakanurmi, Turun yliopisto<\/li>\n<li><strong>37 UNIPS \u2013 Yliopistopedagogiikan digitaalinen oppimisratkaisu<br \/>\n<\/strong>Esitt\u00e4j\u00e4t:\u00a0Mari Murtonen, Samuli Laato, Emilia Lipponen, Henna Vilppu &amp; Heidi Salmento, Turun yliopisto<\/li>\n<li><strong>163 HELLA-Higher Education Learning Lab (in English)<br \/>\n<\/strong>Esitt\u00e4j\u00e4t:\u00a0Michael Uljens, \u00c5bo Akademi, &amp; Maria Byholm &amp; Sanna West, Tritonia<\/li>\n<\/ol>\n<p>&nbsp;<\/p>\n<p><strong>2. 119 L\u00e4hi- ja et\u00e4opiskelijat samassa oppimistilanteessa<br \/>\n<\/strong>Esitt\u00e4j\u00e4t: Jonna Salmij\u00e4rvi, Jaana Ritsil\u00e4, Mari Kantanen &amp; Tanja Hilli-Harju, Jyv\u00e4skyl\u00e4n ammattikorkeakoulu<\/p>\n<p><strong>3. 109 Opiskelijapalautteen hy\u00f6dynt\u00e4minen opetussuunnitelmaty\u00f6ss\u00e4, CASE: Kandipalaute<br \/>\n<\/strong>Esitt\u00e4j\u00e4t: Anna Fomkin, Aalto-yliopisto, &amp; Erkki H\u00e4rk\u00f6nen, Turun yliopisto, &amp; Kaisa Kotom\u00e4ki, CSC-Tieteen tietotekniikan keskus, &amp; Hanna Marttiini, Lapin yliopisto, &amp; Annikka Nurkka, Lappeenrannan teknillinen yliopisto, &amp; Tytti Tenhula, Oulun yliopisto<\/p>\n<p><strong>4. 75 Ty\u00f6el\u00e4m\u00e4n\u00e4k\u00f6kulmaa opintojen alkuun<br \/>\n<\/strong>Esitt\u00e4j\u00e4t: Tiina Kemppainen &amp; Kaisa Karhu, Oulun yliopisto, &amp; Mari Trinidad &amp; Elina Hannikainen-Himanen, Lappeenrannan tekninen yliopisto<\/p>\n<p><strong>5. 95 Feministisen pedagogiikan tulevaisuuskuvia?<br \/>\n<\/strong>Esitt\u00e4j\u00e4t: Aino-Maija Elonheimo, Helsingin yliopisto, &amp; Lotta K\u00e4hk\u00f6nen, Turun yliopisto, &amp; Kirsti Lempi\u00e4inen, Lapin yliopisto<\/p>\n<p><strong>6. 134 Digiosaavaksi opettajaksi<br \/>\n<\/strong>Esitt\u00e4j\u00e4t: Marjorita Sormunen &amp; Terhi Saaranen, It\u00e4-Suomen yliopisto, &amp; Leena Salminen, Turun yliopisto, &amp; Kristina Mikkonen &amp; Maria K\u00e4\u00e4ri\u00e4inen, Oulun yliopisto<\/p>\n<h4>Rinnakkaissessiot 2<br \/>\nParallel sessions 2<\/h4>\n<p><strong>1. 103 OHO! Yhteis\u00f6llinen ja osallisuutta edist\u00e4v\u00e4 pedagogiikka<br \/>\n<\/strong>Esitt\u00e4j\u00e4t: Ulla Klemola, Juha Lahti &amp; Mari Laine, Jyv\u00e4skyl\u00e4n yliopisto<\/p>\n<p><strong>2. 145 Digitaalisen oppimisymp\u00e4rist\u00f6n tulevaisuus suomalaisissa korkeakouluissa<br \/>\n<\/strong>Esitt\u00e4j\u00e4t: Mika Rekola, Anni Rytk\u00f6nen &amp; Jaakko Kurhila, Helsingin yliopisto<\/p>\n<p><strong>3. 44 Digimentoriverkostojen toimintamuodot ja niiden kehitt\u00e4minen\u00a0<a href=\"http:\/\/blogs2.abo.fi\/peda-forum2018\/wp-content\/uploads\/sites\/102\/2018\/08\/2-Paula-Vaskuri.pdf\" target=\"_blank\" rel=\"noopener\">(PDF)<\/a><br \/>\n<\/strong>Esitt\u00e4j\u00e4t: Paula Vaskuri, Oulun yliopisto, &amp; Suvi Junes, Tampereen yliopisto, &amp; Mari Virtanen, Metropolia Ammattikorkeakoulu, &amp; Minna Koskinen, Jyv\u00e4skyl\u00e4n ammattikorkeakoulu<\/p>\n<p><strong>4. 69 Oppimisen apuv\u00e4lineet erilaisen oppijan tukena<br \/>\n<\/strong>Esitt\u00e4j\u00e4t: Susanna Maijanen &amp; Jukka Liimatainen, Erilaisten oppijoiden liitto ry<\/p>\n<p><strong>5. 169 Tutkivaa oppimista Go-Lab-verkko-oppimisymp\u00e4rist\u00f6ss\u00e4<br \/>\n<\/strong>Esitt\u00e4j\u00e4t: Miikka Korventausta, Turun yliopisto<\/p>\n<p><strong>6. 173 Improvisation as a tool for teachers\u00b4 personal and professional growth\u00a0<a href=\"http:\/\/blogs2.abo.fi\/peda-forum2018\/wp-content\/uploads\/sites\/102\/2018\/08\/2-Johanna-Nov\u00e1k.pdf\" target=\"_blank\" rel=\"noopener\">(PDF)<\/a><br \/>\n<\/strong>Presenters: Johanna Nov\u00e1k, University of Turku<\/p>\n<p><strong>7. 170 Education export \u2013 what is doable?<br \/>\n<\/strong>Presenters: Elina K\u00e4hk\u00f6nen &amp; Maria Clavert, Aalto University<\/p>\n<h4>Rinnakkaissessiot 3<br \/>\nParallel sessions 3<\/h4>\n<p><strong>1. 115 Valmiina ty\u00f6el\u00e4m\u00e4\u00e4n! (VALTE) \u2013 Ty\u00f6el\u00e4m\u00e4taidot ja ty\u00f6hyvinvointi korkeakouluopetuksessa<br \/>\n<\/strong>Esitt\u00e4j\u00e4t: Elina Riivari, University of Jyv\u00e4skyl\u00e4, &amp; Riitta Viitala, University of Vaasa<\/p>\n<p><strong>2. 110 Kontaktiopetuksesta verkko-opetukseen<a href=\"http:\/\/web.abo.fi\/lc\/pedaforum2018\/Parikka-Koivumaa_tyopaja3.pdf\" target=\"_blank\" rel=\"noopener\"> [PDF]<\/a><br \/>\n<\/strong>Esitt\u00e4j\u00e4t: Sanna-Katja Parikka &amp; Margit Koivumaa, Helsingin yliopisto<\/p>\n<p><strong>3. 181 Tulevaisuuden kampukset &#8211; Pedagogisen johtamisen ja tilajohtamisen integroiminen oppimismaiseman uudelleensovittamisessa<br \/>\n<\/strong>Esitt\u00e4j\u00e4t: Anne Nevgi &amp; Niclas Sandstr\u00f6m, Helsingin yliopisto<\/p>\n<p><strong>4. 140 Opetuksen hyvist\u00e4 k\u00e4yt\u00e4nn\u00f6ist\u00e4 paras<br \/>\n<\/strong>Esitt\u00e4j\u00e4t: Juha Isotalo &amp; Joni Kajander, Turun yliopiston ylioppilaskunta<\/p>\n<p><strong>5. 24 Miten yliopistolaiset oppivat ja opettavat vuorovaikutusosaamista?<br \/>\n<\/strong>Esitt\u00e4j\u00e4t: Johanna J\u00e4rvelin-Suomela, Tampereen yliopisto, &amp; Riikka J\u00e4rvel\u00e4, Helsingin yliopisto<\/p>\n<h4>Rinnakkaissessiot 4<br \/>\nParallel sessions 4<\/h4>\n<p><strong>1. 83 Korkeakouluopettajan kivet ja keitaat \u2013 ty\u00f6n haasteiden tulkintaa<br \/>\n<\/strong>Esitt\u00e4j\u00e4t: Sampo Mielityinen, Kimmo M\u00e4ki &amp; Liisa Vanhanen-Nuutinen, Haaga-Helia ammattikorkeakoulu<\/p>\n<p><strong>2. 78 Opiskelijoiden p\u00e4ihdeohjelma ohjauksen v\u00e4lineen\u00e4 korkeakoulussa\u00a0<a href=\"http:\/\/blogs2.abo.fi\/peda-forum2018\/wp-content\/uploads\/sites\/102\/2018\/08\/4-Sarianna-Palmroos.pdf\" target=\"_blank\" rel=\"noopener\">(PDF)<\/a><br \/>\n<\/strong>Esitt\u00e4j\u00e4t: Sarianna Palmroos &amp; Emmi Lehtinen, Ehk\u00e4isev\u00e4n p\u00e4ihdety\u00f6n EHYT ry.<\/p>\n<p><strong>3. 18 Ty\u00f6el\u00e4m\u00e4taitojen opetuksen tukeminen\u00a0<a href=\"http:\/\/blogs2.abo.fi\/peda-forum2018\/wp-content\/uploads\/sites\/102\/2018\/08\/4-Matti-lappalainen.pdf\" target=\"_blank\" rel=\"noopener\">(PDF esitys)\u00a0<\/a><a href=\"http:\/\/blogs2.abo.fi\/peda-forum2018\/wp-content\/uploads\/sites\/102\/2018\/08\/4-Matti-Lappalainen-yhteenveto.pdf\" target=\"_blank\" rel=\"noopener\">(PDF yhteenveto)<\/a><br \/>\n<\/strong>Esitt\u00e4j\u00e4t: Matti Lappalainen, Turun yliopisto, &amp; Eila Pajarre, Tampereen teknillinen yliopisto, &amp; Virve Pekkarinen, Aalto-yliopisto, &amp; Tytti Tenhula &amp; Paula Vaskuri, Oulun yliopisto, &amp; Terhi Virkki-Hatakka, Lappeenrannan teknillinen yliopisto<\/p>\n<p><strong>4. 123 Ty\u00f6el\u00e4m\u00e4taitoja substanssiin integroituna: Case ryhm\u00e4ty\u00f6taidot osana fysiikan laboratorioty\u00f6skentely\u00e4<br \/>\n<\/strong>Esitt\u00e4j\u00e4t: Anni Rytk\u00f6nen &amp; Liisa Myyry, Helsingin yliopisto<\/p>\n<p><strong>5. 116 Palautteenannon sis\u00e4ll\u00f6t, muodot ja s\u00e4hk\u00f6iset v\u00e4lineet<br \/>\n<\/strong>Esitt\u00e4j\u00e4t: Sanna Siiril\u00e4, Kristian Lindqvist &amp; Mikael Kivel\u00e4, Helsingin yliopisto<\/p>\n<p><strong>6. 104 HowUTeach -itsearviointy\u00f6kalun kehitt\u00e4minen ja hy\u00f6dynt\u00e4minen opetuksen arvioinnissa ja kehitt\u00e4misess\u00e4<br \/>\n<\/strong>Esitt\u00e4j\u00e4t: Liisa Postareff, University of Turku, &amp; Anna Parpala, University of Helsinki<\/p>\n<p><strong>7. 101 Liikett\u00e4 korkeakouluopetukseen! Hyvinvoinnin ja oppimisen tukeminen tanssi-liiketerapian keinoin korkeakouluopetuksessa<br \/>\n<\/strong>Esitt\u00e4j\u00e4t: Pauliina J\u00e4\u00e4skel\u00e4inen, Lapin yliopisto<\/p>\n","protected":false},"excerpt":{"rendered":"<p>Rinnakkaissessiot 1 Parallel sessions 1 1. 99 Korkeakoulujen henkil\u00f6st\u00f6n pedagogisen ja digitaalisen opetus- ja ohjausosaamisen vahvistaminen \u2013OKM-k\u00e4rkihankkeen symposium (Flipattu symposium ennakkoesityksill\u00e4 ja roundtable-keskustelulla) Korkeakoulujen henkil\u00f6st\u00f6n pedagogisen ja digitaalisen opetus- ja ohjausosaamisen vahvistaminen -OKM-k\u00e4rkihankkeen Peda-forum 2018 -symposium. K\u00e4rkihankkeen tavoitteena on vahvistaa korkeakoulujen henkil\u00f6st\u00f6n pedagogista ja digitaalista opetus- ja ohjausosaamista. Hanke on kattava ja monitasoinen kokonaisuus, jossa &hellip; <a href=\"https:\/\/blogs2.abo.fi\/peda-forum2018\/tyopajat-workshops\/\" class=\"more-link\">Continue reading <span class=\"screen-reader-text\">Ty\u00f6pajat &nbsp; &nbsp; &nbsp; &nbsp; &nbsp; &nbsp; &nbsp; &nbsp; &nbsp; &nbsp; &nbsp; &nbsp; Workshops<\/span> <span class=\"meta-nav\">&rarr;<\/span><\/a><\/p>\n","protected":false},"author":422,"featured_media":0,"parent":0,"menu_order":0,"comment_status":"closed","ping_status":"closed","template":"","meta":{"footnotes":""},"class_list":["post-14","page","type-page","status-publish","hentry"],"_links":{"self":[{"href":"https:\/\/blogs2.abo.fi\/peda-forum2018\/wp-json\/wp\/v2\/pages\/14","targetHints":{"allow":["GET"]}}],"collection":[{"href":"https:\/\/blogs2.abo.fi\/peda-forum2018\/wp-json\/wp\/v2\/pages"}],"about":[{"href":"https:\/\/blogs2.abo.fi\/peda-forum2018\/wp-json\/wp\/v2\/types\/page"}],"author":[{"embeddable":true,"href":"https:\/\/blogs2.abo.fi\/peda-forum2018\/wp-json\/wp\/v2\/users\/422"}],"replies":[{"embeddable":true,"href":"https:\/\/blogs2.abo.fi\/peda-forum2018\/wp-json\/wp\/v2\/comments?post=14"}],"version-history":[{"count":18,"href":"https:\/\/blogs2.abo.fi\/peda-forum2018\/wp-json\/wp\/v2\/pages\/14\/revisions"}],"predecessor-version":[{"id":340,"href":"https:\/\/blogs2.abo.fi\/peda-forum2018\/wp-json\/wp\/v2\/pages\/14\/revisions\/340"}],"wp:attachment":[{"href":"https:\/\/blogs2.abo.fi\/peda-forum2018\/wp-json\/wp\/v2\/media?parent=14"}],"curies":[{"name":"wp","href":"https:\/\/api.w.org\/{rel}","templated":true}]}}