{"id":10,"date":"2018-08-23T11:37:23","date_gmt":"2018-08-23T11:37:23","guid":{"rendered":"http:\/\/blogs2.abo.fi\/peda-forum2018\/?page_id=10"},"modified":"2018-09-04T09:34:00","modified_gmt":"2018-09-04T09:34:00","slug":"rinnakkaissessio-3-parallel-session-3","status":"publish","type":"page","link":"https:\/\/blogs2.abo.fi\/peda-forum2018\/rinnakkaissessio-3-parallel-session-3\/","title":{"rendered":"Rinnakkaissessio 3 &nbsp; &nbsp; &nbsp; &nbsp; Parallel sessions 3"},"content":{"rendered":"<h2>Teemaryhm\u00e4 3A:<br \/>\nKorkeakouluopetuksen suunnittelu ja kehitt\u00e4minen<\/h2>\n<p><strong>1. 14 Farmaseutin tutkinto 2020-luvulle: koulutusohjelman uudistaminen tulevaisuuden osaamista vastaavaksi<br \/>\n<\/strong>Esitt\u00e4j\u00e4t: Krista Laine &amp; Tarja Toropainen, It\u00e4-Suomen yliopisto<\/p>\n<p><strong>2. 31 Tule hyv\u00e4 ops, \u00e4l\u00e4 tule huono ops &#8211; Opetussuunnitelmaty\u00f6n laatumittareita ja -kriteereit\u00e4 luomassa\u00a0<a href=\"http:\/\/blogs2.abo.fi\/peda-forum2018\/wp-content\/uploads\/sites\/102\/2018\/08\/3A-Tiina-Kokko.pdf\" target=\"_blank\" rel=\"noopener\">(PDF)<\/a><br \/>\n<\/strong>Esitt\u00e4j\u00e4t: Tiina Kokko, Jenni Koponen &amp; Sanna Pihlajaniemi, Metropolia Ammattikorkeakoulu<\/p>\n<p><strong>3. 165 Koulutusohjelmajohtaminen osaksi korkeakoulupedagogisia opintoja. Katsaus Hella-hankkeen kehitysty\u00f6h\u00f6n<br \/>\n<\/strong>Esitt\u00e4j\u00e4t: Janne Elo, \u00c5bo Akademi, &amp; Jenni Kantola, Vaasan Yliopisto<\/p>\n<p><strong>4. 182 Suomen korkeakoulu -alustamalli verkostomaisen oppimisen j\u00e4rjestelm\u00e4n\u00e4\u00a0<a href=\"http:\/\/blogs2.abo.fi\/peda-forum2018\/wp-content\/uploads\/sites\/102\/2018\/08\/3A-Jenny-Vaara.pdf\" target=\"_blank\" rel=\"noopener\">(PDF)<\/a><br \/>\n<\/strong>Esitt\u00e4j\u00e4t: Jenny Vaara, Suomen ylioppilaskuntien liitto ry, &amp; Suvi Eriksson, Suomen ekonomit, &amp; Piritta Jokelainen, Yhteiskunta-alan korkeakoulutetut<\/p>\n<p>&nbsp;<\/p>\n<h2>Teemaryhm\u00e4 3B:<br \/>\nTulevaisuuden oppimisymp\u00e4rist\u00f6t<\/h2>\n<p><strong>1. 58 Verkkovuorovaikutukseen liittyv\u00e4 osaaminen korkeakouluopettajan ty\u00f6ss\u00e4\u00a0<a href=\"http:\/\/blogs2.abo.fi\/peda-forum2018\/wp-content\/uploads\/sites\/102\/2018\/08\/3B-Heli-Tyrv\u00e4inen.pdf\" target=\"_blank\" rel=\"noopener\">(PDF)<\/a><br \/>\n<\/strong>Esitt\u00e4j\u00e4t: Heli Tyrv\u00e4inen, Sanna Uotinen &amp; Leena Valkonen, Jyv\u00e4skyl\u00e4n yliopisto<\/p>\n<p><strong>2. 61 Virtuaalikampusta kehitt\u00e4m\u00e4ss\u00e4\u00a0<a href=\"http:\/\/blogs2.abo.fi\/peda-forum2018\/wp-content\/uploads\/sites\/102\/2018\/08\/3B-Mari-Virtanen.pdf\" target=\"_blank\" rel=\"noopener\">(PDF)<\/a><br \/>\n<\/strong>Esitt\u00e4j\u00e4t: Mari Virtanen, Metropolia Ammattikorkeakoulu<\/p>\n<p><strong>3. 106 Korkeakouluopintojen saavutettavuus digitaalisissa oppimisymp\u00e4rist\u00f6iss\u00e4: katsaus TeSLA-hankkeessa tunnistettuihin, kriittisiin pedagogisiin ja teknisiin tekij\u00f6ihin\u00a0<a href=\"http:\/\/blogs2.abo.fi\/peda-forum2018\/wp-content\/uploads\/sites\/102\/2018\/08\/3B_Ladonlahti_Laamanen_Uotinen.pdf\" target=\"_blank\" rel=\"noopener\">(PDF)<\/a><br \/>\n<\/strong>Esitt\u00e4j\u00e4t: Tarja Ladonlahti, Merja Laamanen &amp; Sanna Uotinen, Jyv\u00e4skyl\u00e4n yliopisto<\/p>\n<p><strong>4. 178 \u201dKyl sua v\u00e4h\u00e4n varmaan katottais silleen, et mit\u00e4h\u00e4n toikin \u00e4ij\u00e4 tuol tekee.\u201d\u2014 Istumisen tauottamista tukevan opiskelukulttuurin edist\u00e4minen opettajal\u00e4ht\u00f6isesti<br \/>\n<\/strong>Esitt\u00e4j\u00e4t: Anni Liina Ikonen &amp; Soile Koski-aho, Opiskelijoiden Liikuntaliitto<\/p>\n<p>&nbsp;<\/p>\n<h2>Teemaryhm\u00e4 3C:<br \/>\nKorkeakoulut ja ty\u00f6el\u00e4m\u00e4 yhteisty\u00f6kumppaneina<\/h2>\n<p><strong>1. 176 Ty\u00f6paikkailmoitusten kertomaa \u2013 mit\u00e4 tietoja ja taitoja vastavalmistuneelta markkinoinnin opiskelijalta edellytet\u00e4\u00e4n?<br \/>\n<\/strong>Esitt\u00e4j\u00e4t: P\u00e4ivi Borisov, Vaasan yliopisto<\/p>\n<p><strong>2. 38 Juristeja vai asiantuntijoita? \u2013 Asiantuntijuustaitojen yhteis\u00f6llinen kehitt\u00e4minen oikeustieteen oppimisessa<br \/>\n<\/strong>Esitt\u00e4j\u00e4t: Sampo Mielityinen, Haaga-Helia Ammattikorkeakoulu, &amp; Jonna Kosonen, It\u00e4-Suomen yliopisto<\/p>\n<p><strong>3. 45 Talousalan asiantuntijuuden kehitt\u00e4minen digimurroksessa, Digitalous 2025<br \/>\n<\/strong>Esitt\u00e4j\u00e4t: Marianne Viinikainen, Saimaan ammattikorkeakoulu, &amp; Leena Tynninen, Lappeenrannan teknillinen yliopisto<\/p>\n<p><strong>4. 55 Projektikurssi maataloustieteiden opiskelijoiden ty\u00f6el\u00e4m\u00e4taitojen edist\u00e4j\u00e4n\u00e4<br \/>\n<\/strong>Esitt\u00e4j\u00e4t: Hanna-Riitta Kym\u00e4l\u00e4inen, Helsingin yliopisto<\/p>\n<p>&nbsp;<\/p>\n<h2>Teemaryhm\u00e4 3D:<br \/>\nPalautteen ja arvioinnin keinot ja voimat korkeakouluopetuksessa<\/h2>\n<p><strong>1. 28 Kirjallisen palautteen merkitys yliopisto-opiskelijalle<br \/>\n<\/strong>Esitt\u00e4j\u00e4t: Pekka R\u00e4ih\u00e4, Ville Mankki &amp; Kristiina Samppala, Tampereen yliopisto<\/p>\n<p><strong>2. 92 Itsearviointi osana matematiikan opiskelua yliopistossa<br \/>\n<\/strong>Esitt\u00e4j\u00e4t: Riikka Kangaslampi &amp; Viivi Virtanen, Aalto-yliopisto<\/p>\n<p><strong>3. 146 Osaamisperustaisuuden arviointia tentill\u00e4\u00a0<a href=\"http:\/\/blogs2.abo.fi\/peda-forum2018\/wp-content\/uploads\/sites\/102\/2018\/08\/3D-Veli-Pekka-Pyrh\u00f6nen.pdf\" target=\"_blank\" rel=\"noopener\">(PDF)<\/a><br \/>\n<\/strong>Esitt\u00e4j\u00e4t: Veli-Pekka Pyrh\u00f6nen, Tampereen teknillinen yliopisto<\/p>\n<p><strong>4. 156 Opiskelijapalaute yliopisto-opetuksen laadun mittarina: mit\u00e4 opiskelijoiden kurssiarvioista voidaan p\u00e4\u00e4tell\u00e4<br \/>\n<\/strong>Esitt\u00e4j\u00e4t: Maija Hujala, Lappeenrannan teknillinen yliopisto<\/p>\n<p>&nbsp;<\/p>\n<h2>Teemaryhm\u00e4 3E:<br \/>\nOpettajat oppivat toiseltaan &#8211; mentorointia ja varjostamista<\/h2>\n<p><strong>1. 16 Dialoginen varjostaminen osana korkeakoulupedagogista kehitt\u00e4mist\u00e4<br \/>\n<\/strong>Esitt\u00e4j\u00e4t: Harri Keurulainen, Jyv\u00e4skyl\u00e4n ammattikorkeakoulu, Harri Kukkonen &amp; Maija Joensuu, Tampereen ammattikorkeakoulu<\/p>\n<p><strong>2. 25 Vertaismentoroinnista uutta osaamista<br \/>\n<\/strong>Esitt\u00e4j\u00e4t: Merja Maikkola, Oulun yliopisto, &amp; Hanna Alaniska, Oulun ammattikorkeakoulu<\/p>\n<p><strong>3. 59 Mentoriopettajatoiminta \u2013 ty\u00f6el\u00e4m\u00e4relevanssia aineenopettajan opintoihin AAKE-hankkeessa<br \/>\n<\/strong>Esitt\u00e4j\u00e4t: Markus Jylh\u00e4, Helsingin yliopisto<\/p>\n<p><strong>4. 147 Muutosagenttina toimivien yliopisto-opettajien odotuksia vertaisryhm\u00e4mentoroinnille<br \/>\n<\/strong>Esitt\u00e4j\u00e4t: Laura Hirsto &amp; Susanne Hallberg, It\u00e4-Suomen yliopisto<\/p>\n<p>&nbsp;<\/p>\n<h2>Theme Session 3F (in English):<br \/>\nDigital and Preparatory Solutions in Higher Education<\/h2>\n<p><strong>1. 67 Word profiling. Didactic solutions with the German monolingual corpus Dictionary DWDS<br \/>\n<\/strong>Presenters: Mia Raitaniemi, \u00c5bo Akademi University<\/p>\n<p><strong>2. 27 Gamified assessment as student motivator\u00a0<a href=\"http:\/\/blogs2.abo.fi\/peda-forum2018\/wp-content\/uploads\/sites\/102\/2018\/08\/3F-Teemu-Hynninen.pdf\" target=\"_blank\" rel=\"noopener\">(PDF)<\/a><br \/>\n<\/strong>Presenters: Teemu Hynninen, University of Turku<\/p>\n<p><strong>3. 13 Tripartite collaboration: Pre-assignment in mathematics for engineer and university students\u00a0 <a href=\"http:\/\/blogs2.abo.fi\/peda-forum2018\/wp-content\/uploads\/sites\/102\/2018\/09\/MathMarket.pdf\" target=\"_blank\" rel=\"noopener\">(PDF)<\/a><br \/>\n<\/strong>Presenters: Anne Rantakaulio, JAMK University of Applied Sciences<\/p>\n<p><strong>4. 142 Improving incoming international exchange students\u2019 referencing and writing skills<br \/>\n<\/strong>Presenters: Marianne Dube, Hanken School of Economics<\/p>\n<p>&nbsp;<\/p>\n<h2>Theme Session 3G (in English):<br \/>\nTeachers&#8217; Competence and Well-Being in Higher Education<\/h2>\n<p><strong>1. 177 Emotions and arousal of higher education teachers in various teaching-related events<br \/>\n<\/strong>Presenters: Petri Nokelainen, Tampere University of Technology<\/p>\n<p><strong>2. 6 Utilizing pedagogically trained teachers in universities\u00a0<a href=\"http:\/\/blogs2.abo.fi\/peda-forum2018\/wp-content\/uploads\/sites\/102\/2018\/08\/3G-Lappalainen-Postareff.pdf\" target=\"_blank\" rel=\"noopener\">(PDF)<\/a><br \/>\n<\/strong>Presenters: Matti Lappalainen &amp; Liisa Postareff, University of Turku<\/p>\n<p><strong>3. 71 Professional Competence Development and Continuous Education of Health Sciences and Social Service Teachers \u2013 TerOpe project\u00a0<a href=\"http:\/\/blogs2.abo.fi\/peda-forum2018\/wp-content\/uploads\/sites\/102\/2018\/08\/3G-Kristina-Mikkonen.pdf\" target=\"_blank\" rel=\"noopener\">(PDF)<\/a><br \/>\n<\/strong>Presenters: Kristina Mikkonen &amp; Maria K\u00e4\u00e4ri\u00e4inen, University of Oulu<\/p>\n<p><strong>4. 172 Towards hybrid learning environments in higher education<br \/>\n<\/strong>Presenters: Charlotta Hilli, \u00c5bo Akademi University, &amp;<br \/>\nMaria Byholm &amp; Sanna West, Tritonia , &amp; Sanna Eronen, University of Vaasa<\/p>\n","protected":false},"excerpt":{"rendered":"<p>Teemaryhm\u00e4 3A: Korkeakouluopetuksen suunnittelu ja kehitt\u00e4minen 1. 14 Farmaseutin tutkinto 2020-luvulle: koulutusohjelman uudistaminen tulevaisuuden osaamista vastaavaksi Esitt\u00e4j\u00e4t: Krista Laine &amp; Tarja Toropainen, It\u00e4-Suomen yliopisto 2. 31 Tule hyv\u00e4 ops, \u00e4l\u00e4 tule huono ops &#8211; Opetussuunnitelmaty\u00f6n laatumittareita ja -kriteereit\u00e4 luomassa\u00a0(PDF) Esitt\u00e4j\u00e4t: Tiina Kokko, Jenni Koponen &amp; Sanna Pihlajaniemi, Metropolia Ammattikorkeakoulu 3. 165 Koulutusohjelmajohtaminen osaksi korkeakoulupedagogisia opintoja. &hellip; <a href=\"https:\/\/blogs2.abo.fi\/peda-forum2018\/rinnakkaissessio-3-parallel-session-3\/\" class=\"more-link\">Continue reading <span class=\"screen-reader-text\">Rinnakkaissessio 3 &nbsp; &nbsp; &nbsp; &nbsp; Parallel sessions 3<\/span> <span class=\"meta-nav\">&rarr;<\/span><\/a><\/p>\n","protected":false},"author":422,"featured_media":0,"parent":0,"menu_order":0,"comment_status":"closed","ping_status":"closed","template":"","meta":{"footnotes":""},"class_list":["post-10","page","type-page","status-publish","hentry"],"_links":{"self":[{"href":"https:\/\/blogs2.abo.fi\/peda-forum2018\/wp-json\/wp\/v2\/pages\/10","targetHints":{"allow":["GET"]}}],"collection":[{"href":"https:\/\/blogs2.abo.fi\/peda-forum2018\/wp-json\/wp\/v2\/pages"}],"about":[{"href":"https:\/\/blogs2.abo.fi\/peda-forum2018\/wp-json\/wp\/v2\/types\/page"}],"author":[{"embeddable":true,"href":"https:\/\/blogs2.abo.fi\/peda-forum2018\/wp-json\/wp\/v2\/users\/422"}],"replies":[{"embeddable":true,"href":"https:\/\/blogs2.abo.fi\/peda-forum2018\/wp-json\/wp\/v2\/comments?post=10"}],"version-history":[{"count":14,"href":"https:\/\/blogs2.abo.fi\/peda-forum2018\/wp-json\/wp\/v2\/pages\/10\/revisions"}],"predecessor-version":[{"id":347,"href":"https:\/\/blogs2.abo.fi\/peda-forum2018\/wp-json\/wp\/v2\/pages\/10\/revisions\/347"}],"wp:attachment":[{"href":"https:\/\/blogs2.abo.fi\/peda-forum2018\/wp-json\/wp\/v2\/media?parent=10"}],"curies":[{"name":"wp","href":"https:\/\/api.w.org\/{rel}","templated":true}]}}