{"id":65,"date":"2023-11-10T09:17:05","date_gmt":"2023-11-10T09:17:05","guid":{"rendered":"https:\/\/blogs2.abo.fi\/oxykraft\/?page_id=65"},"modified":"2025-03-24T11:37:21","modified_gmt":"2025-03-24T11:37:21","slug":"workshops","status":"publish","type":"page","link":"https:\/\/blogs2.abo.fi\/oxykraft\/workshops\/","title":{"rendered":"Workshops"},"content":{"rendered":"<h2><strong>Black Liquor Seminar<\/strong><\/h2>\n<p>Time: 24-25 September 2024<br \/>\nPlace: Universidad Zaragoza<br \/>\nOrganizers: The Oxy-Kraft Consortium and Universidad Zaragoza<br \/>\nChair: prof. Jos\u00e9 Luis Cebri\u00e1n, Universidad Zaragoza<br \/>\nCo-chair: Dr. Patrik Yrjas, \u00c5bo Akademi University (OxyKraft-RB coordinator)<\/p>\n<p><a href=\"http:\/\/blogs2.abo.fi\/oxykraft\/wp-content\/uploads\/sites\/253\/2024\/08\/BL_seminar_schedule-sept-2024-Zaragoza.pdf\">Agenda<\/a><\/p>\n<p>&nbsp;<\/p>\n<p>For more information please contact:<\/p>\n<ul>\n<li>Dr. Patrik Yrjas (patrik.yrjas(at)abo.fi)<\/li>\n<li>Prof. Jos\u00e9 Luis Cebri\u00e1n (jlsance(at)unizar.es<span style=\"font-size: 1rem\">)<\/span><\/li>\n<\/ul>\n<p><img loading=\"lazy\" decoding=\"async\" class=\"alignnone size-medium wp-image-7\" src=\"http:\/\/blogs2.abo.fi\/oxykraft\/wp-content\/uploads\/sites\/253\/2023\/11\/logo-300x100.jpg\" alt=\"\" width=\"300\" height=\"100\" srcset=\"https:\/\/blogs2.abo.fi\/oxykraft\/wp-content\/uploads\/sites\/253\/2023\/11\/logo-300x100.jpg 300w, https:\/\/blogs2.abo.fi\/oxykraft\/wp-content\/uploads\/sites\/253\/2023\/11\/logo.jpg 487w\" sizes=\"auto, (max-width: 300px) 100vw, 300px\" \/><\/p>\n","protected":false},"excerpt":{"rendered":"<p>Black Liquor Seminar Time: 24-25 September 2024 Place: Universidad Zaragoza Organizers: The Oxy-Kraft Consortium and Universidad Zaragoza Chair: prof. Jos\u00e9 Luis Cebri\u00e1n, Universidad Zaragoza Co-chair: Dr. Patrik Yrjas, \u00c5bo Akademi University (OxyKraft-RB coordinator) Agenda &nbsp; For more information please contact: Dr. Patrik Yrjas (patrik.yrjas(at)abo.fi) Prof. Jos\u00e9 Luis Cebri\u00e1n (jlsance(at)unizar.es)<\/p>\n","protected":false},"author":319,"featured_media":0,"parent":0,"menu_order":0,"comment_status":"closed","ping_status":"closed","template":"","meta":{"footnotes":""},"class_list":["post-65","page","type-page","status-publish","hentry"],"_links":{"self":[{"href":"https:\/\/blogs2.abo.fi\/oxykraft\/wp-json\/wp\/v2\/pages\/65","targetHints":{"allow":["GET"]}}],"collection":[{"href":"https:\/\/blogs2.abo.fi\/oxykraft\/wp-json\/wp\/v2\/pages"}],"about":[{"href":"https:\/\/blogs2.abo.fi\/oxykraft\/wp-json\/wp\/v2\/types\/page"}],"author":[{"embeddable":true,"href":"https:\/\/blogs2.abo.fi\/oxykraft\/wp-json\/wp\/v2\/users\/319"}],"replies":[{"embeddable":true,"href":"https:\/\/blogs2.abo.fi\/oxykraft\/wp-json\/wp\/v2\/comments?post=65"}],"version-history":[{"count":6,"href":"https:\/\/blogs2.abo.fi\/oxykraft\/wp-json\/wp\/v2\/pages\/65\/revisions"}],"predecessor-version":[{"id":104,"href":"https:\/\/blogs2.abo.fi\/oxykraft\/wp-json\/wp\/v2\/pages\/65\/revisions\/104"}],"wp:attachment":[{"href":"https:\/\/blogs2.abo.fi\/oxykraft\/wp-json\/wp\/v2\/media?parent=65"}],"curies":[{"name":"wp","href":"https:\/\/api.w.org\/{rel}","templated":true}]}}