{"id":997,"date":"2024-06-25T07:57:25","date_gmt":"2024-06-25T04:57:25","guid":{"rendered":"https:\/\/blogs2.abo.fi\/ovningsdaghem\/?page_id=997"},"modified":"2024-06-25T11:44:22","modified_gmt":"2024-06-25T08:44:22","slug":"port-arthur","status":"publish","type":"page","link":"https:\/\/blogs2.abo.fi\/ovningsdaghem\/port-arthur\/","title":{"rendered":"Darghem Port Arthur"},"content":{"rendered":"<p><strong><img loading=\"lazy\" decoding=\"async\" class=\"alignnone wp-image-1002 size-large\" src=\"http:\/\/blogs2.abo.fi\/ovningsdaghem\/wp-content\/uploads\/sites\/159\/2024\/06\/Daghem-Port-Arthur-2-1024x484.jpg\" alt=\"\" width=\"660\" height=\"312\" srcset=\"https:\/\/blogs2.abo.fi\/ovningsdaghem\/wp-content\/uploads\/sites\/159\/2024\/06\/Daghem-Port-Arthur-2-1024x484.jpg 1024w, https:\/\/blogs2.abo.fi\/ovningsdaghem\/wp-content\/uploads\/sites\/159\/2024\/06\/Daghem-Port-Arthur-2-300x142.jpg 300w, https:\/\/blogs2.abo.fi\/ovningsdaghem\/wp-content\/uploads\/sites\/159\/2024\/06\/Daghem-Port-Arthur-2-768x363.jpg 768w, https:\/\/blogs2.abo.fi\/ovningsdaghem\/wp-content\/uploads\/sites\/159\/2024\/06\/Daghem-Port-Arthur-2-1536x727.jpg 1536w, https:\/\/blogs2.abo.fi\/ovningsdaghem\/wp-content\/uploads\/sites\/159\/2024\/06\/Daghem-Port-Arthur-2.jpg 1600w\" sizes=\"auto, (max-width: 660px) 100vw, 660px\" \/><\/strong><\/p>\n<h1>Daghem Port Arthur<\/h1>\n<p><strong>Daghemmets ort: <\/strong>\u00c5bo<\/p>\n<p><strong>Daghemmets storlek: <\/strong>8 grupper, ca 110 barn<\/p>\n<p><strong>Vi verkar p\u00e5 f\u00f6ljande spr\u00e5k: <\/strong>Svenska<\/p>\n<p><strong>V\u00e5r pedagogiska grundsyn: <\/strong>Det centrala i verksamheten p\u00e5 daghem Port Arthur \u00e4r ett experimentellt och utforskande arbetss\u00e4tt och av naturen intresserade barn, en verksamhet med Reggio Emilia inspirerat inslag. Vi ser barnen som aktiva deltagare i sin vardag som \u00e4r nyfikna p\u00e5 sin omgivning och som har uppt\u00e4ckargl\u00e4dje. Barnens tidigare erfarenheter, kunskaper och intressen tas i beaktande d\u00e5 den sm\u00e5barnspedagogiska verksamheten planeras. Pedagogerna \u00e4r medakt\u00f6rer och letar fram kunskap tillsammans med barnen, tillsammans formas verksamheten.<\/p>\n<p><strong>V\u00e5r pedagogik: <\/strong>St\u00f6rsta delen av pedagogerna p\u00e5 daghem Port Arthur \u00e4r utbildade Skogsmulleledare och alla grupper har regelbunden Skogsmulleverksamhet \u00e5ret runt. Vi \u00e4r \u00e4ven med i ett cykelprojekt, Scale-up, som f\u00f6rser daghemmet med olika storlekars och sorters barncyklar. Ut\u00f6ver barncyklarna har vi en \u201dMuksubussi\u201d till v\u00e5rt f\u00f6rfogande; en stor elcykel som kan transportera upp till 8 barn och en pedagog samtidigt.<\/p>\n<p><strong>Varf\u00f6r ska studerande g\u00f6ra praktik p\u00e5 v\u00e5rt daghem? <\/strong>Vi erbjuder kvalitativ sm\u00e5barnspedagogik i nybyggda, \u00e4ndam\u00e5lsenliga utrymmen n\u00e4ra \u00c5bo centrum. Vi \u00e4r utvecklingsorienterade och positiva och har en god gemenskap bland personalen.<\/p>\n<p><strong>Vi kan erbjuda boende f\u00f6r den studerande under praktiktiden: <\/strong>Nej<\/p>\n<p><strong>Vi kan hj\u00e4lpa till att s\u00f6ka boende f\u00f6r den studerande under praktiktiden:\u00a0 <\/strong><\/p>\n","protected":false},"excerpt":{"rendered":"<p>Daghem Port Arthur Daghemmets ort: \u00c5bo Daghemmets storlek: 8 grupper, ca 110 barn Vi verkar p\u00e5 f\u00f6ljande spr\u00e5k: Svenska V\u00e5r pedagogiska grundsyn: Det centrala i verksamheten p\u00e5 daghem Port Arthur \u00e4r ett experimentellt och utforskande arbetss\u00e4tt och av naturen intresserade barn, en verksamhet med Reggio Emilia inspirerat inslag. Vi ser barnen som aktiva deltagare i &hellip; <a href=\"https:\/\/blogs2.abo.fi\/ovningsdaghem\/port-arthur\/\" class=\"more-link\">Forts\u00e4tt l\u00e4sa <span class=\"screen-reader-text\">Darghem Port Arthur<\/span><\/a><\/p>\n","protected":false},"author":707,"featured_media":0,"parent":0,"menu_order":0,"comment_status":"closed","ping_status":"closed","template":"","meta":{"footnotes":""},"class_list":["post-997","page","type-page","status-publish","hentry"],"_links":{"self":[{"href":"https:\/\/blogs2.abo.fi\/ovningsdaghem\/wp-json\/wp\/v2\/pages\/997","targetHints":{"allow":["GET"]}}],"collection":[{"href":"https:\/\/blogs2.abo.fi\/ovningsdaghem\/wp-json\/wp\/v2\/pages"}],"about":[{"href":"https:\/\/blogs2.abo.fi\/ovningsdaghem\/wp-json\/wp\/v2\/types\/page"}],"author":[{"embeddable":true,"href":"https:\/\/blogs2.abo.fi\/ovningsdaghem\/wp-json\/wp\/v2\/users\/707"}],"replies":[{"embeddable":true,"href":"https:\/\/blogs2.abo.fi\/ovningsdaghem\/wp-json\/wp\/v2\/comments?post=997"}],"version-history":[{"count":4,"href":"https:\/\/blogs2.abo.fi\/ovningsdaghem\/wp-json\/wp\/v2\/pages\/997\/revisions"}],"predecessor-version":[{"id":1164,"href":"https:\/\/blogs2.abo.fi\/ovningsdaghem\/wp-json\/wp\/v2\/pages\/997\/revisions\/1164"}],"wp:attachment":[{"href":"https:\/\/blogs2.abo.fi\/ovningsdaghem\/wp-json\/wp\/v2\/media?parent=997"}],"curies":[{"name":"wp","href":"https:\/\/api.w.org\/{rel}","templated":true}]}}