{"id":895,"date":"2023-08-03T10:53:30","date_gmt":"2023-08-03T07:53:30","guid":{"rendered":"https:\/\/blogs2.abo.fi\/ovningsdaghem\/?page_id=895"},"modified":"2024-06-25T12:13:03","modified_gmt":"2024-06-25T09:13:03","slug":"pjukala-daghem","status":"publish","type":"page","link":"https:\/\/blogs2.abo.fi\/ovningsdaghem\/pjukala-daghem\/","title":{"rendered":"Pjukala daghem"},"content":{"rendered":"<h1><img loading=\"lazy\" decoding=\"async\" class=\"alignnone wp-image-897 size-full\" src=\"http:\/\/blogs2.abo.fi\/ovningsdaghem\/wp-content\/uploads\/sites\/159\/2023\/08\/Pjukala2021.jpg\" alt=\"\" width=\"800\" height=\"420\" srcset=\"https:\/\/blogs2.abo.fi\/ovningsdaghem\/wp-content\/uploads\/sites\/159\/2023\/08\/Pjukala2021.jpg 800w, https:\/\/blogs2.abo.fi\/ovningsdaghem\/wp-content\/uploads\/sites\/159\/2023\/08\/Pjukala2021-300x158.jpg 300w, https:\/\/blogs2.abo.fi\/ovningsdaghem\/wp-content\/uploads\/sites\/159\/2023\/08\/Pjukala2021-768x403.jpg 768w, https:\/\/blogs2.abo.fi\/ovningsdaghem\/wp-content\/uploads\/sites\/159\/2023\/08\/Pjukala2021-624x328.jpg 624w\" sizes=\"auto, (max-width: 800px) 100vw, 800px\" \/><\/h1>\n<h1>Pjukala daghem<\/h1>\n<p><strong>Daghemmets ort:<\/strong> Pjukala, Pargas<\/p>\n<p><strong>Daghemmets storlek:<\/strong><br \/>\nVi har tre avdelningar i v\u00e5rt daghem.<\/p>\n<p>S\u00e4lar, f\u00f6r barn i \u00e5ldern 1-3 \u00e5r<br \/>\nEkorrar, f\u00f6r barn i \u00e5ldern 3-5 \u00e5r<br \/>\nSvalorna, f\u00f6rskolegrupp<\/p>\n<p><strong>Vi verkar p\u00e5 f\u00f6ljande spr\u00e5k:<\/strong><\/p>\n<p>Pjukala daghem \u00e4r ett svenskspr\u00e5kigt daghem, 1-2 vuxna i huset pratar finska med barnen och f\u00f6r de \u00e4ldre barnen ordnas det regelbundet finskaklubb.<\/p>\n<p><strong>V\u00e5r pedagogiska grundsyn:<\/strong><\/p>\n<ul>\n<li>Barnen skall k\u00e4nna sig trygga p\u00e5 v\u00e5rt daghem och k\u00e4nna att de kan lita p\u00e5 daghemmets personal.<\/li>\n<li>Samarbetet \u00e4r viktigt f\u00f6r oss. \u00d6ppen, rak och \u00f6msesidig kommunikation med barnen, f\u00f6r\u00e4ldrarna och andra ber\u00f6rda parter.<\/li>\n<li>Genom att som personal vara lyh\u00f6rd och n\u00e4rvarande, bygger vi upp en trygg milj\u00f6 i gruppen\/daghemmet. Vi ser varje enskilt barn och accepterar alla som de \u00e4r.<\/li>\n<li>Det sociala samspelet \u00e4r en viktig del i daghemmets verksamhet.<\/li>\n<li>Leken i alla former, b\u00e5de ledd lek och fri lek, \u00e4r viktig f\u00f6r oss.<\/li>\n<li>Genom att observera gruppen och vara lyh\u00f6rd ser vi vad barnen beh\u00f6ver och hj\u00e4lper dem att komma med i leken, om hen vill. Det \u00e4r ocks\u00e5 viktigt att barnet f\u00e5r vara\/leka ensam om hen vill.<\/li>\n<li>Personalen ser till att alla i gruppen l\u00e4r k\u00e4nna varandra genom t.ex. kompislotto och att de vuxna hj\u00e4lper till att styra leken och lekgrupperna.<\/li>\n<li>Ge alla chans att l\u00e4ra sig i egen takt och ge barnet det st\u00f6d som beh\u00f6vs just d\u00e5.<\/li>\n<li>Vi behandlar alla olika f\u00f6r att alla skall kunna behandlas likv\u00e4rdigt.<\/li>\n<li>Vi bem\u00f6ter alla p\u00e5 ett respektfullt s\u00e4tt, g\u00e4ller b\u00e5de barn och vuxna.<\/li>\n<li>Barnen skall k\u00e4nna att de vuxna p\u00e5 daghemmet lyssnar p\u00e5 dem, barn och f\u00f6r\u00e4ldrar skall k\u00e4nna att de kan prata med vilken vuxen som helst p\u00e5 daghemmet.<\/li>\n<li>Sm\u00e5gruppsverksamheten ger en lugn och stressfri atmosf\u00e4r.<\/li>\n<li>Vi planerar verksamheten efter barnens intressen, kunnande och behov.<\/li>\n<li>Vi respekterar allas \u00e5sikter och \u00f6nskem\u00e5l s\u00e5 l\u00e5ngt det \u00e4r m\u00f6jligt.<\/li>\n<\/ul>\n<p>Barnen f\u00e5r tr\u00e4na sina vardagsf\u00e4rdigheter i alla situationer.<\/p>\n<p><strong>V\u00e5r pedagogik: <\/strong>V\u00e5r verksamhet bygger p\u00e5 lagen om sm\u00e5barnspedagogik och p\u00e5 Grunderna f\u00f6r planen f\u00f6r sm\u00e5barnspedagogik. Varje kommun utarbetar en kommunal plan f\u00f6r sm\u00e5barnspedagogik i enlighet med dessa grunder. Pargas stads egen plan f\u00f6r sm\u00e5barnspedagogik hittar du p\u00e5 stadens webbplats. F\u00f6r varje barn utarbetas i samarbete med v\u00e5rdnadshavarna en egen plan f\u00f6r sm\u00e5barnspedagogik.<\/p>\n<p>V\u00e5r l\u00e4rmilj\u00f6 utvecklar vi tillsammans med barnen, utg\u00e5ende fr\u00e5n deras intressen och behov. Vi st\u00f6der barnens l\u00e4rande, spr\u00e5kliga utveckling och flerspr\u00e5kighet, vi anv\u00e4nder oss av bland annat bilder och st\u00f6dtecken. I v\u00e5r dagliga verksamhet sysslar vi med allt m\u00f6jligt, beroende p\u00e5 barnens intressen, \u00f6nskem\u00e5l och behov: sjunger, leker, pysslar och g\u00f6r utflykter.<\/p>\n<p>Daghemmet finns mitt i naturen, vid en strand och med skogen p\u00e5 g\u00e5ngavst\u00e5nd. Naturen, stranden och den n\u00e4rliggande skogen \u00e4r viktiga l\u00e4rmilj\u00f6er. Naturen \u00e4r en viktig del av vardagen hos oss!<\/p>\n<p><strong>Varf\u00f6r ska studerande g\u00f6ra praktik p\u00e5 v\u00e5rt daghem?: <\/strong>Vi har personal med l\u00e5ng erfarenhet som kan dela med sig av sina kunskaper. I v\u00e5ra barngrupper f\u00e5r du tr\u00e4ffa barn i olika \u00e5ldrar, 1-6 \u00e5ringar och f\u00f6rskolebarn. V\u00e5r omgivning \u00e4r mycket varierande och det finns plats f\u00f6r m\u00e5nga olika former av verksamhet, ute och inne, vi har ocks\u00e5 tillg\u00e5ng till ett st\u00f6rre utrymme som vi anv\u00e4nder som gymnastiksal. Varmt v\u00e4lkommen!<\/p>\n<p><strong>Vi kan erbjuda boende f\u00f6r den studerande under praktiktiden: <\/strong>Nej, men p\u00e5 omr\u00e5det finns l\u00e4genheter och rum, som ibland kan vara lediga.<\/p>\n<p><strong>Vi kan hj\u00e4lpa till att s\u00f6ka boende f\u00f6r den studerande under praktiktiden: <\/strong>Vi kan ge kontaktuppgifter till v\u00e5r hyresv\u00e4rd.<\/p>\n<p><img loading=\"lazy\" decoding=\"async\" class=\"alignnone wp-image-896 size-large\" src=\"http:\/\/blogs2.abo.fi\/ovningsdaghem\/wp-content\/uploads\/sites\/159\/2023\/08\/Pjukala-1024x576.jpg\" alt=\"\" width=\"660\" height=\"371\" srcset=\"https:\/\/blogs2.abo.fi\/ovningsdaghem\/wp-content\/uploads\/sites\/159\/2023\/08\/Pjukala-1024x576.jpg 1024w, https:\/\/blogs2.abo.fi\/ovningsdaghem\/wp-content\/uploads\/sites\/159\/2023\/08\/Pjukala-300x169.jpg 300w, https:\/\/blogs2.abo.fi\/ovningsdaghem\/wp-content\/uploads\/sites\/159\/2023\/08\/Pjukala-768x432.jpg 768w, https:\/\/blogs2.abo.fi\/ovningsdaghem\/wp-content\/uploads\/sites\/159\/2023\/08\/Pjukala-624x351.jpg 624w, https:\/\/blogs2.abo.fi\/ovningsdaghem\/wp-content\/uploads\/sites\/159\/2023\/08\/Pjukala.jpg 1280w\" sizes=\"auto, (max-width: 660px) 100vw, 660px\" \/><\/p>\n","protected":false},"excerpt":{"rendered":"<p>Pjukala daghem Daghemmets ort: Pjukala, Pargas Daghemmets storlek: Vi har tre avdelningar i v\u00e5rt daghem. S\u00e4lar, f\u00f6r barn i \u00e5ldern 1-3 \u00e5r Ekorrar, f\u00f6r barn i \u00e5ldern 3-5 \u00e5r Svalorna, f\u00f6rskolegrupp Vi verkar p\u00e5 f\u00f6ljande spr\u00e5k: Pjukala daghem \u00e4r ett svenskspr\u00e5kigt daghem, 1-2 vuxna i huset pratar finska med barnen och f\u00f6r de \u00e4ldre barnen &hellip; <a href=\"https:\/\/blogs2.abo.fi\/ovningsdaghem\/pjukala-daghem\/\" class=\"more-link\">Forts\u00e4tt l\u00e4sa <span class=\"screen-reader-text\">Pjukala daghem<\/span><\/a><\/p>\n","protected":false},"author":641,"featured_media":0,"parent":0,"menu_order":0,"comment_status":"closed","ping_status":"closed","template":"","meta":{"footnotes":""},"class_list":["post-895","page","type-page","status-publish","hentry"],"_links":{"self":[{"href":"https:\/\/blogs2.abo.fi\/ovningsdaghem\/wp-json\/wp\/v2\/pages\/895","targetHints":{"allow":["GET"]}}],"collection":[{"href":"https:\/\/blogs2.abo.fi\/ovningsdaghem\/wp-json\/wp\/v2\/pages"}],"about":[{"href":"https:\/\/blogs2.abo.fi\/ovningsdaghem\/wp-json\/wp\/v2\/types\/page"}],"author":[{"embeddable":true,"href":"https:\/\/blogs2.abo.fi\/ovningsdaghem\/wp-json\/wp\/v2\/users\/641"}],"replies":[{"embeddable":true,"href":"https:\/\/blogs2.abo.fi\/ovningsdaghem\/wp-json\/wp\/v2\/comments?post=895"}],"version-history":[{"count":8,"href":"https:\/\/blogs2.abo.fi\/ovningsdaghem\/wp-json\/wp\/v2\/pages\/895\/revisions"}],"predecessor-version":[{"id":1166,"href":"https:\/\/blogs2.abo.fi\/ovningsdaghem\/wp-json\/wp\/v2\/pages\/895\/revisions\/1166"}],"wp:attachment":[{"href":"https:\/\/blogs2.abo.fi\/ovningsdaghem\/wp-json\/wp\/v2\/media?parent=895"}],"curies":[{"name":"wp","href":"https:\/\/api.w.org\/{rel}","templated":true}]}}