{"id":884,"date":"2023-04-21T15:47:46","date_gmt":"2023-04-21T12:47:46","guid":{"rendered":"https:\/\/blogs2.abo.fi\/ovningsdaghem\/?page_id=884"},"modified":"2023-04-22T10:32:54","modified_gmt":"2023-04-22T07:32:54","slug":"dialogforelasning-om-resiliens-inom-smabarnspedagogiken","status":"publish","type":"page","link":"https:\/\/blogs2.abo.fi\/ovningsdaghem\/dialogforelasning-om-resiliens-inom-smabarnspedagogiken\/","title":{"rendered":"Dialogf\u00f6rel\u00e4sning om resiliens inom sm\u00e5barnspedagogiken"},"content":{"rendered":"<p><a href=\"http:\/\/blogs2.abo.fi\/ovningsdaghem\/wp-content\/uploads\/sites\/159\/2023\/04\/Resiliens-inom-smabarnspedagogiken_.pdf\">Resiliens inom sm\u00e5barnspedagogiken_<\/a><\/p>\n","protected":false},"excerpt":{"rendered":"<p>Resiliens inom sm\u00e5barnspedagogiken_<\/p>\n","protected":false},"author":530,"featured_media":0,"parent":0,"menu_order":0,"comment_status":"closed","ping_status":"closed","template":"","meta":{"footnotes":""},"class_list":["post-884","page","type-page","status-publish","hentry"],"_links":{"self":[{"href":"https:\/\/blogs2.abo.fi\/ovningsdaghem\/wp-json\/wp\/v2\/pages\/884","targetHints":{"allow":["GET"]}}],"collection":[{"href":"https:\/\/blogs2.abo.fi\/ovningsdaghem\/wp-json\/wp\/v2\/pages"}],"about":[{"href":"https:\/\/blogs2.abo.fi\/ovningsdaghem\/wp-json\/wp\/v2\/types\/page"}],"author":[{"embeddable":true,"href":"https:\/\/blogs2.abo.fi\/ovningsdaghem\/wp-json\/wp\/v2\/users\/530"}],"replies":[{"embeddable":true,"href":"https:\/\/blogs2.abo.fi\/ovningsdaghem\/wp-json\/wp\/v2\/comments?post=884"}],"version-history":[{"count":2,"href":"https:\/\/blogs2.abo.fi\/ovningsdaghem\/wp-json\/wp\/v2\/pages\/884\/revisions"}],"predecessor-version":[{"id":891,"href":"https:\/\/blogs2.abo.fi\/ovningsdaghem\/wp-json\/wp\/v2\/pages\/884\/revisions\/891"}],"wp:attachment":[{"href":"https:\/\/blogs2.abo.fi\/ovningsdaghem\/wp-json\/wp\/v2\/media?parent=884"}],"curies":[{"name":"wp","href":"https:\/\/api.w.org\/{rel}","templated":true}]}}