{"id":843,"date":"2022-06-27T09:44:50","date_gmt":"2022-06-27T06:44:50","guid":{"rendered":"https:\/\/blogs2.abo.fi\/ovningsdaghem\/?page_id=843"},"modified":"2025-06-24T12:23:40","modified_gmt":"2025-06-24T09:23:40","slug":"smultronbacken","status":"publish","type":"page","link":"https:\/\/blogs2.abo.fi\/ovningsdaghem\/smultronbacken\/","title":{"rendered":"Smultronbacken"},"content":{"rendered":"<h1><img loading=\"lazy\" decoding=\"async\" class=\"alignnone size-full wp-image-1293\" src=\"http:\/\/blogs2.abo.fi\/ovningsdaghem\/wp-content\/uploads\/sites\/159\/2025\/06\/Skarmbild-2025-06-24-122201.png\" alt=\"\" width=\"832\" height=\"388\" srcset=\"https:\/\/blogs2.abo.fi\/ovningsdaghem\/wp-content\/uploads\/sites\/159\/2025\/06\/Skarmbild-2025-06-24-122201.png 832w, https:\/\/blogs2.abo.fi\/ovningsdaghem\/wp-content\/uploads\/sites\/159\/2025\/06\/Skarmbild-2025-06-24-122201-300x140.png 300w, https:\/\/blogs2.abo.fi\/ovningsdaghem\/wp-content\/uploads\/sites\/159\/2025\/06\/Skarmbild-2025-06-24-122201-768x358.png 768w\" sizes=\"auto, (max-width: 832px) 100vw, 832px\" \/><\/h1>\n<h1>Smultronbacken<\/h1>\n<p><strong>Daghemmets ort:<\/strong> \u00c5land, Lemlands kommun<\/p>\n<p><strong>Daghemmets storlek:<\/strong> Fyra avdelningar, tv\u00e5 sm\u00e5barnsavdelningar 0-2 \u00e5r med 14 barn och fyra personal. Tv\u00e5 storbarnsavdelningar 3-6 \u00e5r med 21 barn och fyra personal. Vi har ett eget tillagningsk\u00f6k<\/p>\n<p><strong>Vi verkar p\u00e5 f\u00f6ljande spr\u00e5k:<\/strong> Svenska<\/p>\n<p><strong>V\u00e5r pedagogiska grundsyn: <\/strong>Vi ser daghemmet Smultronbacken som barnen samh\u00e4llsarena. Det betyder att daghemmet \u00e4r barnens plats I samh\u00e4llet och deras arbetsplats. Verksamheten organiseras och utg\u00e5r ifr\u00e5n barnen, f\u00f6r att ge dem de b\u00e4sta f\u00f6ruts\u00e4ttningarna f\u00f6r att l\u00e4ra och utvecklas.<\/p>\n<p>P\u00e5 barnens arbetsplats \u00e4r Leken \u00e4r central, vi utg\u00e5r ifr\u00e5n barnens perspektiv , vi ser barnen som kompetenta att barn kan och vill bara de f\u00e5r hj\u00e4lp, st\u00f6d och r\u00e4tt f\u00f6ruts\u00e4ttningar och vi arbetar utifr\u00e5n demokratiska v\u00e4rden. Vi arbetar utifr\u00e5n l\u00e4roplanen f\u00f6r barnomsorgen.<\/p>\n<p>F\u00f6r oss p\u00e5 Smultronbacken \u00e4r f\u00f6ljande viktigt:<br \/>\n&#8211; Gl\u00e4dje<br \/>\n&#8211; Utforska tillsammans<br \/>\n&#8211; Trygghet<br \/>\n&#8211; Kommunikation<br \/>\n&#8211; Samarbete<br \/>\n&#8211; Barnperspektiv<br \/>\n&#8211; Inbjudande l\u00e4rmilj\u00f6<br \/>\n&#8211; Olikheter berikar<br \/>\n&#8211; Vi \u00e4r f\u00f6rebilder<br \/>\n&#8211; Flexibilitet<br \/>\n&#8211; N\u00e4rvarande vuxna<\/p>\n<p><strong>Varf\u00f6r ska studerande g\u00f6ra praktik p\u00e5 v\u00e5rt daghem?:<\/strong> Smultronbacken \u00f6ppnade 2021 och under det senaste verksamhets\u00e5ret 2024-2025 har l\u00e4rmilj\u00f6er varit centralt. Vi har f\u00f6rdjupat v\u00e5r kunskap inom l\u00e4rmilj\u00f6er och varit p\u00e5 studiebes\u00f6k till en f\u00f6rskola i Uppsala, Sverige. Vi kommer fortsatt f\u00f6rdjupa oss i och utveckla v\u00e5ra l\u00e4rmilj\u00f6er och vill du som studerande f\u00e5 en inblick i en verksamhet som \u00e4r under utveckling och d\u00e4r \u00e4ven du kan f\u00e5 m\u00f6jlighet att p\u00e5verka, d\u00e5 \u00e4r Smultronbacken r\u00e4tt plats f\u00f6r dig<\/p>\n<p><strong>Vi kan erbjuda boende f\u00f6r den studerande under praktiktiden:<\/strong> Nej<\/p>\n<p><strong>Vi kan hj\u00e4lpa till att s\u00f6ka boende f\u00f6r den studerande under praktiktiden: N<\/strong>ej<\/p>\n<h1><img loading=\"lazy\" decoding=\"async\" class=\"alignnone size-large wp-image-1294\" src=\"http:\/\/blogs2.abo.fi\/ovningsdaghem\/wp-content\/uploads\/sites\/159\/2025\/06\/Skarmbild-2025-06-24-122131.png\" alt=\"\" width=\"612\" height=\"535\" srcset=\"https:\/\/blogs2.abo.fi\/ovningsdaghem\/wp-content\/uploads\/sites\/159\/2025\/06\/Skarmbild-2025-06-24-122131.png 612w, https:\/\/blogs2.abo.fi\/ovningsdaghem\/wp-content\/uploads\/sites\/159\/2025\/06\/Skarmbild-2025-06-24-122131-300x262.png 300w\" sizes=\"auto, (max-width: 612px) 100vw, 612px\" \/><\/h1>\n","protected":false},"excerpt":{"rendered":"<p>Smultronbacken Daghemmets ort: \u00c5land, Lemlands kommun Daghemmets storlek: Fyra avdelningar, tv\u00e5 sm\u00e5barnsavdelningar 0-2 \u00e5r med 14 barn och fyra personal. Tv\u00e5 storbarnsavdelningar 3-6 \u00e5r med 21 barn och fyra personal. Vi har ett eget tillagningsk\u00f6k Vi verkar p\u00e5 f\u00f6ljande spr\u00e5k: Svenska V\u00e5r pedagogiska grundsyn: Vi ser daghemmet Smultronbacken som barnen samh\u00e4llsarena. Det betyder att daghemmet &hellip; <a href=\"https:\/\/blogs2.abo.fi\/ovningsdaghem\/smultronbacken\/\" class=\"more-link\">Forts\u00e4tt l\u00e4sa <span class=\"screen-reader-text\">Smultronbacken<\/span><\/a><\/p>\n","protected":false},"author":707,"featured_media":0,"parent":0,"menu_order":0,"comment_status":"closed","ping_status":"closed","template":"","meta":{"footnotes":""},"class_list":["post-843","page","type-page","status-publish","hentry"],"_links":{"self":[{"href":"https:\/\/blogs2.abo.fi\/ovningsdaghem\/wp-json\/wp\/v2\/pages\/843","targetHints":{"allow":["GET"]}}],"collection":[{"href":"https:\/\/blogs2.abo.fi\/ovningsdaghem\/wp-json\/wp\/v2\/pages"}],"about":[{"href":"https:\/\/blogs2.abo.fi\/ovningsdaghem\/wp-json\/wp\/v2\/types\/page"}],"author":[{"embeddable":true,"href":"https:\/\/blogs2.abo.fi\/ovningsdaghem\/wp-json\/wp\/v2\/users\/707"}],"replies":[{"embeddable":true,"href":"https:\/\/blogs2.abo.fi\/ovningsdaghem\/wp-json\/wp\/v2\/comments?post=843"}],"version-history":[{"count":6,"href":"https:\/\/blogs2.abo.fi\/ovningsdaghem\/wp-json\/wp\/v2\/pages\/843\/revisions"}],"predecessor-version":[{"id":1295,"href":"https:\/\/blogs2.abo.fi\/ovningsdaghem\/wp-json\/wp\/v2\/pages\/843\/revisions\/1295"}],"wp:attachment":[{"href":"https:\/\/blogs2.abo.fi\/ovningsdaghem\/wp-json\/wp\/v2\/media?parent=843"}],"curies":[{"name":"wp","href":"https:\/\/api.w.org\/{rel}","templated":true}]}}