{"id":804,"date":"2022-06-09T13:43:42","date_gmt":"2022-06-09T10:43:42","guid":{"rendered":"https:\/\/blogs2.abo.fi\/ovningsdaghem\/?page_id=804"},"modified":"2026-04-13T13:29:45","modified_gmt":"2026-04-13T10:29:45","slug":"diamanten","status":"publish","type":"page","link":"https:\/\/blogs2.abo.fi\/ovningsdaghem\/diamanten\/","title":{"rendered":"Diamanten"},"content":{"rendered":"<h1><img loading=\"lazy\" decoding=\"async\" class=\"alignnone wp-image-803 size-large\" src=\"http:\/\/blogs2.abo.fi\/ovningsdaghem\/wp-content\/uploads\/sites\/159\/2022\/06\/Diamanten-foto-1024x768.jpg\" alt=\"\" width=\"660\" height=\"495\" srcset=\"https:\/\/blogs2.abo.fi\/ovningsdaghem\/wp-content\/uploads\/sites\/159\/2022\/06\/Diamanten-foto-1024x768.jpg 1024w, https:\/\/blogs2.abo.fi\/ovningsdaghem\/wp-content\/uploads\/sites\/159\/2022\/06\/Diamanten-foto-300x225.jpg 300w, https:\/\/blogs2.abo.fi\/ovningsdaghem\/wp-content\/uploads\/sites\/159\/2022\/06\/Diamanten-foto-768x576.jpg 768w, https:\/\/blogs2.abo.fi\/ovningsdaghem\/wp-content\/uploads\/sites\/159\/2022\/06\/Diamanten-foto-1536x1152.jpg 1536w, https:\/\/blogs2.abo.fi\/ovningsdaghem\/wp-content\/uploads\/sites\/159\/2022\/06\/Diamanten-foto-2048x1536.jpg 2048w, https:\/\/blogs2.abo.fi\/ovningsdaghem\/wp-content\/uploads\/sites\/159\/2022\/06\/Diamanten-foto-624x468.jpg 624w\" sizes=\"auto, (max-width: 660px) 100vw, 660px\" \/><\/h1>\n<h1>Diamanten<\/h1>\n<p><strong>Daghemmets ort: <\/strong>Ytteresse, Peders\u00f6re kommun<\/p>\n<p><strong>Daghemmets storlek: <\/strong>5 grupper<\/p>\n<p><strong>Vi verkar p\u00e5 f\u00f6ljande spr\u00e5k: <\/strong>svenska<\/p>\n<p><strong>V\u00e5r pedagogiska grundsyn:<br \/>\n<\/strong>V\u00e5r Vision: V\u00e4rdefull, Unik \u2013 en \u00c4delsten i min hand<br \/>\nVarf\u00f6r? Barnet i centrum.<br \/>\nVad? Ge barnet tre hj\u00e4rtan om dagen.<br \/>\nHur? 1. Tilltala barnet med namn. 2. \u00d6gonkontakt. 3. Ber\u00f6ring.<\/p>\n<p><strong>V\u00e5r pedagogik:<br \/>\n<\/strong>Vi f\u00e4ster stor vikt vid inskolningen av nya barn (trygghets cirkeln), erbjuder h\u00e4lsa &#8211; p\u00e5 &#8211; bes\u00f6k till samtliga barn. Varje barn f\u00e5r en anknytnings pedagog.<\/p>\n<p>Vi jobbar i sm\u00e5grupper dagligen. I sm\u00e5grupper kan personalen l\u00e4ttare g\u00f6ra barnen delaktiga och utg\u00e5 fr\u00e5n deras \u00f6nskem\u00e5l.<\/p>\n<p>Vi lyssnar aktivt p\u00e5 f\u00f6r\u00e4ldrarna. Samarbetet byggs p\u00e5 f\u00f6rtroende, j\u00e4mlik kommunikation och \u00f6msesidig respekt. Alla familjers lika v\u00e4rde.<\/p>\n<p><strong>Varf\u00f6r ska studerande g\u00f6ra praktik p\u00e5 v\u00e5rt daghem?:<br \/>\n<\/strong>P\u00e5 Diamanten har vi en positiv anda och en god arbetsgemenskap. Alla ska bem\u00f6tas med respekt och intresse, barn som vuxen. Vi str\u00e4var till en gemenskap, en vi \u2013 k\u00e4nsla, som uppmuntrar till lek och kommunikation. \u201dDet \u00e4r viktigt f\u00f6r mig att det g\u00e5r bra f\u00f6r dig\u201d. Vi vill bjuda in studeranden f\u00f6r att visa p\u00e5 goda pedagogiska arbetss\u00e4tt och strukturer och vi vill f\u00e5 det senaste fr\u00e5n aktuell forskning. Ett utbyte mellan f\u00e4ltet och utbildningen.<\/p>\n<p><strong>Vi kan erbjuda boende f\u00f6r den studerande under praktiktiden: N<\/strong>ej<\/p>\n<p><strong>Vi kan hj\u00e4lpa till att s\u00f6ka boende f\u00f6r den studerande under praktiktiden:\u00a0 N<\/strong>ej<\/p>\n","protected":false},"excerpt":{"rendered":"<p>Diamanten Daghemmets ort: Ytteresse, Peders\u00f6re kommun Daghemmets storlek: 5 grupper Vi verkar p\u00e5 f\u00f6ljande spr\u00e5k: svenska V\u00e5r pedagogiska grundsyn: V\u00e5r Vision: V\u00e4rdefull, Unik \u2013 en \u00c4delsten i min hand Varf\u00f6r? Barnet i centrum. Vad? Ge barnet tre hj\u00e4rtan om dagen. Hur? 1. Tilltala barnet med namn. 2. \u00d6gonkontakt. 3. Ber\u00f6ring. V\u00e5r pedagogik: Vi f\u00e4ster stor &hellip; <a href=\"https:\/\/blogs2.abo.fi\/ovningsdaghem\/diamanten\/\" class=\"more-link\">Forts\u00e4tt l\u00e4sa <span class=\"screen-reader-text\">Diamanten<\/span><\/a><\/p>\n","protected":false},"author":707,"featured_media":0,"parent":0,"menu_order":0,"comment_status":"closed","ping_status":"closed","template":"","meta":{"footnotes":""},"class_list":["post-804","page","type-page","status-publish","hentry"],"_links":{"self":[{"href":"https:\/\/blogs2.abo.fi\/ovningsdaghem\/wp-json\/wp\/v2\/pages\/804","targetHints":{"allow":["GET"]}}],"collection":[{"href":"https:\/\/blogs2.abo.fi\/ovningsdaghem\/wp-json\/wp\/v2\/pages"}],"about":[{"href":"https:\/\/blogs2.abo.fi\/ovningsdaghem\/wp-json\/wp\/v2\/types\/page"}],"author":[{"embeddable":true,"href":"https:\/\/blogs2.abo.fi\/ovningsdaghem\/wp-json\/wp\/v2\/users\/707"}],"replies":[{"embeddable":true,"href":"https:\/\/blogs2.abo.fi\/ovningsdaghem\/wp-json\/wp\/v2\/comments?post=804"}],"version-history":[{"count":9,"href":"https:\/\/blogs2.abo.fi\/ovningsdaghem\/wp-json\/wp\/v2\/pages\/804\/revisions"}],"predecessor-version":[{"id":1369,"href":"https:\/\/blogs2.abo.fi\/ovningsdaghem\/wp-json\/wp\/v2\/pages\/804\/revisions\/1369"}],"wp:attachment":[{"href":"https:\/\/blogs2.abo.fi\/ovningsdaghem\/wp-json\/wp\/v2\/media?parent=804"}],"curies":[{"name":"wp","href":"https:\/\/api.w.org\/{rel}","templated":true}]}}