{"id":772,"date":"2022-03-09T09:36:33","date_gmt":"2022-03-09T07:36:33","guid":{"rendered":"https:\/\/blogs2.abo.fi\/ovningsdaghem\/?page_id=772"},"modified":"2024-06-25T10:47:22","modified_gmt":"2024-06-25T07:47:22","slug":"sjokulla-daghem","status":"publish","type":"page","link":"https:\/\/blogs2.abo.fi\/ovningsdaghem\/sjokulla-daghem\/","title":{"rendered":"Sj\u00f6kulla daghem"},"content":{"rendered":"<p><img loading=\"lazy\" decoding=\"async\" class=\"alignnone wp-image-773 size-large\" src=\"http:\/\/blogs2.abo.fi\/ovningsdaghem\/wp-content\/uploads\/sites\/159\/2022\/03\/Sjokulla-uppifran-jan-2020-2-1024x683.jpg\" alt=\"\" width=\"660\" height=\"440\" srcset=\"https:\/\/blogs2.abo.fi\/ovningsdaghem\/wp-content\/uploads\/sites\/159\/2022\/03\/Sjokulla-uppifran-jan-2020-2-1024x683.jpg 1024w, https:\/\/blogs2.abo.fi\/ovningsdaghem\/wp-content\/uploads\/sites\/159\/2022\/03\/Sjokulla-uppifran-jan-2020-2-300x200.jpg 300w, https:\/\/blogs2.abo.fi\/ovningsdaghem\/wp-content\/uploads\/sites\/159\/2022\/03\/Sjokulla-uppifran-jan-2020-2-768x512.jpg 768w, https:\/\/blogs2.abo.fi\/ovningsdaghem\/wp-content\/uploads\/sites\/159\/2022\/03\/Sjokulla-uppifran-jan-2020-2-1536x1024.jpg 1536w, https:\/\/blogs2.abo.fi\/ovningsdaghem\/wp-content\/uploads\/sites\/159\/2022\/03\/Sjokulla-uppifran-jan-2020-2-2048x1366.jpg 2048w, https:\/\/blogs2.abo.fi\/ovningsdaghem\/wp-content\/uploads\/sites\/159\/2022\/03\/Sjokulla-uppifran-jan-2020-2-624x416.jpg 624w\" sizes=\"auto, (max-width: 660px) 100vw, 660px\" \/><\/p>\n<h1>Sj\u00f6kulla Daghem<\/h1>\n<p><strong>Daghemmets ort:<br \/>\n<\/strong>Kyrksl\u00e4tt, Kylm\u00e4l\u00e4<\/p>\n<p><strong>Daghemmets storlek:<br \/>\n<\/strong>3 grupper inom sm\u00e5barnspedagogik<\/p>\n<p>1 f\u00f6rskolegrupp<br \/>\nSm\u00e5barnspedagogiken ca 40 barn.<br \/>\nF\u00f6rskolan ca 20 barn.<\/p>\n<p><strong>Vi verkar p\u00e5 f\u00f6ljande spr\u00e5k:<br \/>\n<\/strong>Svenska<\/p>\n<p><strong>V\u00e5r pedagogiska grundsyn:<br \/>\n<\/strong>Sj\u00f6kulla daghem och f\u00f6rskola ger barnen en trygg, inspirerande och lekfull milj\u00f6 att v\u00e4xa, l\u00e4ra och utvecklas i. Barnets egna erfarenheter, f\u00f6rm\u00e5gor och utvecklingsniv\u00e5 \u00e4r utg\u00e5ngspunkten i den pedagogiska verksamheten. Vi utg\u00e5r fr\u00e5n barnets egna tankar, intressen och behov via ett tema- och projektinriktat arbetss\u00e4tt.<\/p>\n<p>I samarbete med v\u00e5rdnadshavarna arbetar vi f\u00f6r barnets b\u00e4sta. Ett bra fostringssamarbete bygger p\u00e5 lyssnande, \u00f6msesidig respekt, dialog och f\u00f6rtroende.<\/p>\n<p><em>V\u00e4rderingar som styr v\u00e5rt arbete \u00e4r:<\/em><\/p>\n<ul>\n<li>Trygghet<\/li>\n<li>Respekt<\/li>\n<li>Delaktighet<\/li>\n<li>Ansvar<\/li>\n<li>Uppmuntran<\/li>\n<\/ul>\n<p><strong>V\u00e5r pedagogik:<br \/>\n<\/strong>Vi satsar p\u00e5 utomhuspedagogik och bl.a. Skogsmulleverksamhet. V\u00e5ra l\u00e4rmilj\u00f6er \u00e4r m\u00e5ngsidiga och inspirerande.<\/p>\n<p><strong>Varf\u00f6r ska studerande g\u00f6ra praktik p\u00e5 v\u00e5rt daghem?<br \/>\n<\/strong>Vi har en kunnig personal som arbetar med barnet i fokus. Att f\u00e5 ta del av studerandens tankar och det nyaste fr\u00e5n universitetsstudierna ser vi som ett merv\u00e4rde i utvecklandet av verksamheten.<\/p>\n<p><strong>Vi kan erbjuda boende f\u00f6r den studerande under praktiktiden:<br \/>\n<\/strong>Nej<\/p>\n<p><strong>Vi kan hj\u00e4lpa till att s\u00f6ka boende f\u00f6r den studerande under praktiktiden:<br \/>\n<\/strong>Nej<\/p>\n","protected":false},"excerpt":{"rendered":"<p>Sj\u00f6kulla Daghem Daghemmets ort: Kyrksl\u00e4tt, Kylm\u00e4l\u00e4 Daghemmets storlek: 3 grupper inom sm\u00e5barnspedagogik 1 f\u00f6rskolegrupp Sm\u00e5barnspedagogiken ca 40 barn. F\u00f6rskolan ca 20 barn. Vi verkar p\u00e5 f\u00f6ljande spr\u00e5k: Svenska V\u00e5r pedagogiska grundsyn: Sj\u00f6kulla daghem och f\u00f6rskola ger barnen en trygg, inspirerande och lekfull milj\u00f6 att v\u00e4xa, l\u00e4ra och utvecklas i. Barnets egna erfarenheter, f\u00f6rm\u00e5gor och utvecklingsniv\u00e5 &hellip; <a href=\"https:\/\/blogs2.abo.fi\/ovningsdaghem\/sjokulla-daghem\/\" class=\"more-link\">Forts\u00e4tt l\u00e4sa <span class=\"screen-reader-text\">Sj\u00f6kulla daghem<\/span><\/a><\/p>\n","protected":false},"author":707,"featured_media":0,"parent":0,"menu_order":0,"comment_status":"closed","ping_status":"closed","template":"","meta":{"footnotes":""},"class_list":["post-772","page","type-page","status-publish","hentry"],"_links":{"self":[{"href":"https:\/\/blogs2.abo.fi\/ovningsdaghem\/wp-json\/wp\/v2\/pages\/772","targetHints":{"allow":["GET"]}}],"collection":[{"href":"https:\/\/blogs2.abo.fi\/ovningsdaghem\/wp-json\/wp\/v2\/pages"}],"about":[{"href":"https:\/\/blogs2.abo.fi\/ovningsdaghem\/wp-json\/wp\/v2\/types\/page"}],"author":[{"embeddable":true,"href":"https:\/\/blogs2.abo.fi\/ovningsdaghem\/wp-json\/wp\/v2\/users\/707"}],"replies":[{"embeddable":true,"href":"https:\/\/blogs2.abo.fi\/ovningsdaghem\/wp-json\/wp\/v2\/comments?post=772"}],"version-history":[{"count":4,"href":"https:\/\/blogs2.abo.fi\/ovningsdaghem\/wp-json\/wp\/v2\/pages\/772\/revisions"}],"predecessor-version":[{"id":1105,"href":"https:\/\/blogs2.abo.fi\/ovningsdaghem\/wp-json\/wp\/v2\/pages\/772\/revisions\/1105"}],"wp:attachment":[{"href":"https:\/\/blogs2.abo.fi\/ovningsdaghem\/wp-json\/wp\/v2\/media?parent=772"}],"curies":[{"name":"wp","href":"https:\/\/api.w.org\/{rel}","templated":true}]}}