{"id":764,"date":"2021-12-17T11:48:52","date_gmt":"2021-12-17T09:48:52","guid":{"rendered":"https:\/\/blogs2.abo.fi\/ovningsdaghem\/?page_id=764"},"modified":"2024-06-25T09:06:46","modified_gmt":"2024-06-25T06:06:46","slug":"kallby-daghem-och-forskola","status":"publish","type":"page","link":"https:\/\/blogs2.abo.fi\/ovningsdaghem\/kallby-daghem-och-forskola\/","title":{"rendered":"K\u00e5llby daghem och f\u00f6rskola"},"content":{"rendered":"<p style=\"text-align: left\"><img loading=\"lazy\" decoding=\"async\" class=\"alignnone size-medium wp-image-745\" src=\"http:\/\/blogs2.abo.fi\/ovningsdaghem\/wp-content\/uploads\/sites\/159\/2021\/12\/Kallby-3-225x300.jpg\" alt=\"\" width=\"225\" height=\"300\" srcset=\"https:\/\/blogs2.abo.fi\/ovningsdaghem\/wp-content\/uploads\/sites\/159\/2021\/12\/Kallby-3-225x300.jpg 225w, https:\/\/blogs2.abo.fi\/ovningsdaghem\/wp-content\/uploads\/sites\/159\/2021\/12\/Kallby-3-624x832.jpg 624w, https:\/\/blogs2.abo.fi\/ovningsdaghem\/wp-content\/uploads\/sites\/159\/2021\/12\/Kallby-3.jpg 720w\" sizes=\"auto, (max-width: 225px) 100vw, 225px\" \/> <img loading=\"lazy\" decoding=\"async\" class=\"alignnone size-medium wp-image-744\" src=\"http:\/\/blogs2.abo.fi\/ovningsdaghem\/wp-content\/uploads\/sites\/159\/2021\/12\/Kallby-2-225x300.jpg\" alt=\"\" width=\"225\" height=\"300\" srcset=\"https:\/\/blogs2.abo.fi\/ovningsdaghem\/wp-content\/uploads\/sites\/159\/2021\/12\/Kallby-2-225x300.jpg 225w, https:\/\/blogs2.abo.fi\/ovningsdaghem\/wp-content\/uploads\/sites\/159\/2021\/12\/Kallby-2-768x1024.jpg 768w, https:\/\/blogs2.abo.fi\/ovningsdaghem\/wp-content\/uploads\/sites\/159\/2021\/12\/Kallby-2-1152x1536.jpg 1152w, https:\/\/blogs2.abo.fi\/ovningsdaghem\/wp-content\/uploads\/sites\/159\/2021\/12\/Kallby-2-1536x2048.jpg 1536w, https:\/\/blogs2.abo.fi\/ovningsdaghem\/wp-content\/uploads\/sites\/159\/2021\/12\/Kallby-2-624x832.jpg 624w, https:\/\/blogs2.abo.fi\/ovningsdaghem\/wp-content\/uploads\/sites\/159\/2021\/12\/Kallby-2-scaled.jpg 1920w\" sizes=\"auto, (max-width: 225px) 100vw, 225px\" \/><\/p>\n<h1>K\u00e5llby daghem och f\u00f6rskola<\/h1>\n<p><strong>Daghemmets ort:<\/strong><strong><br \/>\n<\/strong>K\u00e5llby, Peders\u00f6re kommun<\/p>\n<p><strong>Daghemmets storlek:<br \/>\n<\/strong>Fr\u00f6et (0-3 \u00e5r): 12 barn<br \/>\nGrodden (3-5 \u00e5r): 21 barn<br \/>\nPlantan (3-5 \u00e5r): 21 barn<br \/>\nF\u00f6rskolan Solrosen: 21 barn<\/p>\n<p><strong>Vi verkar p\u00e5 f\u00f6ljande spr\u00e5k:<\/strong><strong><br \/>\n<\/strong>Daghemmet \u00e4r svenskspr\u00e5kigt, men vi har flerspr\u00e5kiga barn.<\/p>\n<p><strong>V\u00e5r pedagogiska grundsyn:<\/strong><strong><br \/>\n<\/strong>V\u00e5r vision: <em>\u201dDet b\u00e4sta f\u00f6r barnet med omtanke, respekt och gl\u00e4dje\u201d.<\/em><strong><br \/>\n<\/strong><\/p>\n<p>V\u00e5r v\u00e4rdegrund: Varje barn \u00e4r unikt och v\u00e4rdefullt. Vi fr\u00e4mjar j\u00e4mlikhet och lyfter fram m\u00e5ngfald. Vi \u00e4r lyh\u00f6rda f\u00f6r barnets signaler och v\u00e4gleder dem efter b\u00e4sta f\u00f6rm\u00e5ga. Vi har ett respektfullt bem\u00f6tande mot barnen, v\u00e5rdnadshavarna och kollegor. Vi lyssnar p\u00e5 barnen och visar omtanke och k\u00e4rlek om barnen och varandra. Vi v\u00e4rnar om en h\u00e4lsosam och h\u00e5llbar livsstil med ekologiskt t\u00e4nkande.<\/p>\n<p>Barnets delaktighet skall ing\u00e5 i b\u00e5de planering, genomf\u00f6rande och utv\u00e4rdering.<\/p>\n<p><strong>V\u00e5r pedagogik: <\/strong><\/p>\n<p>Anknytningspedagogik:<\/p>\n<ul>\n<li>Vi prioriterar inskolningen<\/li>\n<li>Varje barn har en egen vuxen som ansvarar f\u00f6r inskolningen och tar emot barnet den f\u00f6rsta tiden.<\/li>\n<li>Inskolningen \u00e4r genomt\u00e4nkt och strukturerad utifr\u00e5n v\u00e5r inskolnings-checklista.<\/li>\n<li>Vi v\u00e4rderar en bra start p\u00e5 sm\u00e5barnspedagogiken f\u00f6r barn och v\u00e5rdnadshavare.<\/li>\n<\/ul>\n<p>L\u00e5gaffektivt bem\u00f6tande:<\/p>\n<ul>\n<li>Vi undviker att hamna i kaos: genom att dela in barnen i sm\u00e5grupper, vara steget f\u00f6re, sakligt bem\u00f6tande och ser till varje barns behov.<\/li>\n<li>Vi st\u00f6der barnen att hitta pinnar till sin stege \u2013 f\u00f6r att lyckas och f\u00e5 gl\u00e4dje \u00f6ver att lyckas.<\/li>\n<\/ul>\n<p>Sm\u00e5gruppsarbete:<\/p>\n<ul>\n<li>Vi delar in barngruppen i sm\u00e5grupper under dagens program och vid rutinsituationer.<\/li>\n<li>Vi har en planerad, systematisk och genomt\u00e4nkt sm\u00e5gruppsindelning.<\/li>\n<li>Tanken med sm\u00e5gruppsarbete \u00e4r att s\u00e4nka ljudniv\u00e5n, ge lekro och arbetsro till barnen.<\/li>\n<li>Vi anv\u00e4nder flexibelt och m\u00e5ngsidigt alla v\u00e5ra utrymmen (tamburen, sovrum, vinden&#8230;).<\/li>\n<\/ul>\n<p><strong>Varf\u00f6r ska studerande g\u00f6ra praktik p\u00e5 v\u00e5rt daghem?<\/strong><strong><br \/>\n<\/strong>Vi vill dela med oss av v\u00e5r kompetens till studeranden, samtidigt som vi vill ta del av ny litteratur och forskning fr\u00e5n sm\u00e5barnspedagogiska omr\u00e5det.<\/p>\n<p><strong>Vi kan erbjuda boende f\u00f6r den studerande under praktiktiden:<\/strong><strong><br \/>\n<\/strong>Nej.<\/p>\n<p><strong>Vi kan hj\u00e4lpa till att s\u00f6ka boende f\u00f6r den studerande under praktiktiden:<\/strong><strong><br \/>\n<\/strong>Nej.<\/p>\n<p style=\"text-align: center\"><img loading=\"lazy\" decoding=\"async\" class=\"alignnone size-medium wp-image-743 alignleft\" src=\"http:\/\/blogs2.abo.fi\/ovningsdaghem\/wp-content\/uploads\/sites\/159\/2021\/12\/Kallby-1-225x300.jpg\" alt=\"\" width=\"225\" height=\"300\" srcset=\"https:\/\/blogs2.abo.fi\/ovningsdaghem\/wp-content\/uploads\/sites\/159\/2021\/12\/Kallby-1-225x300.jpg 225w, https:\/\/blogs2.abo.fi\/ovningsdaghem\/wp-content\/uploads\/sites\/159\/2021\/12\/Kallby-1-624x832.jpg 624w, https:\/\/blogs2.abo.fi\/ovningsdaghem\/wp-content\/uploads\/sites\/159\/2021\/12\/Kallby-1.jpg 720w\" sizes=\"auto, (max-width: 225px) 100vw, 225px\" \/><\/p>\n","protected":false},"excerpt":{"rendered":"<p>K\u00e5llby daghem och f\u00f6rskola Daghemmets ort: K\u00e5llby, Peders\u00f6re kommun Daghemmets storlek: Fr\u00f6et (0-3 \u00e5r): 12 barn Grodden (3-5 \u00e5r): 21 barn Plantan (3-5 \u00e5r): 21 barn F\u00f6rskolan Solrosen: 21 barn Vi verkar p\u00e5 f\u00f6ljande spr\u00e5k: Daghemmet \u00e4r svenskspr\u00e5kigt, men vi har flerspr\u00e5kiga barn. V\u00e5r pedagogiska grundsyn: V\u00e5r vision: \u201dDet b\u00e4sta f\u00f6r barnet med omtanke, respekt &hellip; <a href=\"https:\/\/blogs2.abo.fi\/ovningsdaghem\/kallby-daghem-och-forskola\/\" class=\"more-link\">Forts\u00e4tt l\u00e4sa <span class=\"screen-reader-text\">K\u00e5llby daghem och f\u00f6rskola<\/span><\/a><\/p>\n","protected":false},"author":641,"featured_media":0,"parent":0,"menu_order":0,"comment_status":"closed","ping_status":"closed","template":"","meta":{"footnotes":""},"class_list":["post-764","page","type-page","status-publish","hentry"],"_links":{"self":[{"href":"https:\/\/blogs2.abo.fi\/ovningsdaghem\/wp-json\/wp\/v2\/pages\/764","targetHints":{"allow":["GET"]}}],"collection":[{"href":"https:\/\/blogs2.abo.fi\/ovningsdaghem\/wp-json\/wp\/v2\/pages"}],"about":[{"href":"https:\/\/blogs2.abo.fi\/ovningsdaghem\/wp-json\/wp\/v2\/types\/page"}],"author":[{"embeddable":true,"href":"https:\/\/blogs2.abo.fi\/ovningsdaghem\/wp-json\/wp\/v2\/users\/641"}],"replies":[{"embeddable":true,"href":"https:\/\/blogs2.abo.fi\/ovningsdaghem\/wp-json\/wp\/v2\/comments?post=764"}],"version-history":[{"count":6,"href":"https:\/\/blogs2.abo.fi\/ovningsdaghem\/wp-json\/wp\/v2\/pages\/764\/revisions"}],"predecessor-version":[{"id":1039,"href":"https:\/\/blogs2.abo.fi\/ovningsdaghem\/wp-json\/wp\/v2\/pages\/764\/revisions\/1039"}],"wp:attachment":[{"href":"https:\/\/blogs2.abo.fi\/ovningsdaghem\/wp-json\/wp\/v2\/media?parent=764"}],"curies":[{"name":"wp","href":"https:\/\/api.w.org\/{rel}","templated":true}]}}