{"id":757,"date":"2021-12-17T11:01:29","date_gmt":"2021-12-17T09:01:29","guid":{"rendered":"https:\/\/blogs2.abo.fi\/ovningsdaghem\/?page_id=757"},"modified":"2024-06-25T12:25:23","modified_gmt":"2024-06-25T09:25:23","slug":"sagobackens-daghem","status":"publish","type":"page","link":"https:\/\/blogs2.abo.fi\/ovningsdaghem\/sagobackens-daghem\/","title":{"rendered":"Sagobackens daghem"},"content":{"rendered":"<h6><img loading=\"lazy\" decoding=\"async\" class=\"alignnone size-large wp-image-1110\" style=\"letter-spacing: 0.1em\" src=\"http:\/\/blogs2.abo.fi\/ovningsdaghem\/wp-content\/uploads\/sites\/159\/2024\/06\/Sagobacken-scaled-1-1024x660.jpg\" alt=\"\" width=\"660\" height=\"425\" srcset=\"https:\/\/blogs2.abo.fi\/ovningsdaghem\/wp-content\/uploads\/sites\/159\/2024\/06\/Sagobacken-scaled-1-1024x660.jpg 1024w, https:\/\/blogs2.abo.fi\/ovningsdaghem\/wp-content\/uploads\/sites\/159\/2024\/06\/Sagobacken-scaled-1-300x193.jpg 300w, https:\/\/blogs2.abo.fi\/ovningsdaghem\/wp-content\/uploads\/sites\/159\/2024\/06\/Sagobacken-scaled-1-768x495.jpg 768w, https:\/\/blogs2.abo.fi\/ovningsdaghem\/wp-content\/uploads\/sites\/159\/2024\/06\/Sagobacken-scaled-1-1536x990.jpg 1536w, https:\/\/blogs2.abo.fi\/ovningsdaghem\/wp-content\/uploads\/sites\/159\/2024\/06\/Sagobacken-scaled-1-2048x1320.jpg 2048w\" sizes=\"auto, (max-width: 660px) 100vw, 660px\" \/><span style=\"letter-spacing: 0.1em\">Bild h\u00e4mtad fr\u00e5n <\/span><a style=\"letter-spacing: 0.1em\" href=\"https:\/\/www.porvoo.fi\/sv\/fostran-och-utbildning\/tjanster-inom-smabarnspedagogik\/daghem\/kommunala-daghem\/sagobackens-daghem\/\">Borg\u00e5 stads hemsida<\/a><span style=\"letter-spacing: 0.1em\">.<\/span><\/h6>\n<h1>Sagobackens daghem<\/h1>\n<p><strong>Daghemmets ort: <\/strong>Borg\u00e5<\/p>\n<p><strong>Daghemmets storlek: <\/strong>9 avdelningar, 189 barn<\/p>\n<p><strong>Vi verkar p\u00e5 f\u00f6ljande spr\u00e5k:<\/strong> Svenska<\/p>\n<p><strong>V\u00e5r pedagogik:<\/strong><\/p>\n<ul>\n<li>att r\u00f6ra p\u00e5 sig<\/li>\n<li>sociala utmaningar<\/li>\n<li>prata och st\u00f6da det svenska spr\u00e5ket<\/li>\n<\/ul>\n<p><strong>Varf\u00f6r ska studerande g\u00f6ra praktik p\u00e5 v\u00e5rt daghem?: <\/strong>Vi \u00e4r ett vanligt daghem. Med motiverad och duktig personal<\/p>\n<p><strong>Vi kan erbjuda boende f\u00f6r den studerande under praktiktiden:<\/strong> nej<\/p>\n<p><strong>Vi kan hj\u00e4lpa till att s\u00f6ka boende f\u00f6r den studerande under praktiktiden:<\/strong> nej<\/p>\n","protected":false},"excerpt":{"rendered":"<p>Bild h\u00e4mtad fr\u00e5n Borg\u00e5 stads hemsida. Sagobackens daghem Daghemmets ort: Borg\u00e5 Daghemmets storlek: 9 avdelningar, 189 barn Vi verkar p\u00e5 f\u00f6ljande spr\u00e5k: Svenska V\u00e5r pedagogik: att r\u00f6ra p\u00e5 sig sociala utmaningar prata och st\u00f6da det svenska spr\u00e5ket Varf\u00f6r ska studerande g\u00f6ra praktik p\u00e5 v\u00e5rt daghem?: Vi \u00e4r ett vanligt daghem. Med motiverad och duktig personal &hellip; <a href=\"https:\/\/blogs2.abo.fi\/ovningsdaghem\/sagobackens-daghem\/\" class=\"more-link\">Forts\u00e4tt l\u00e4sa <span class=\"screen-reader-text\">Sagobackens daghem<\/span><\/a><\/p>\n","protected":false},"author":641,"featured_media":0,"parent":0,"menu_order":0,"comment_status":"closed","ping_status":"closed","template":"","meta":{"footnotes":""},"class_list":["post-757","page","type-page","status-publish","hentry"],"_links":{"self":[{"href":"https:\/\/blogs2.abo.fi\/ovningsdaghem\/wp-json\/wp\/v2\/pages\/757","targetHints":{"allow":["GET"]}}],"collection":[{"href":"https:\/\/blogs2.abo.fi\/ovningsdaghem\/wp-json\/wp\/v2\/pages"}],"about":[{"href":"https:\/\/blogs2.abo.fi\/ovningsdaghem\/wp-json\/wp\/v2\/types\/page"}],"author":[{"embeddable":true,"href":"https:\/\/blogs2.abo.fi\/ovningsdaghem\/wp-json\/wp\/v2\/users\/641"}],"replies":[{"embeddable":true,"href":"https:\/\/blogs2.abo.fi\/ovningsdaghem\/wp-json\/wp\/v2\/comments?post=757"}],"version-history":[{"count":4,"href":"https:\/\/blogs2.abo.fi\/ovningsdaghem\/wp-json\/wp\/v2\/pages\/757\/revisions"}],"predecessor-version":[{"id":1180,"href":"https:\/\/blogs2.abo.fi\/ovningsdaghem\/wp-json\/wp\/v2\/pages\/757\/revisions\/1180"}],"wp:attachment":[{"href":"https:\/\/blogs2.abo.fi\/ovningsdaghem\/wp-json\/wp\/v2\/media?parent=757"}],"curies":[{"name":"wp","href":"https:\/\/api.w.org\/{rel}","templated":true}]}}