{"id":753,"date":"2021-12-17T10:45:58","date_gmt":"2021-12-17T08:45:58","guid":{"rendered":"https:\/\/blogs2.abo.fi\/ovningsdaghem\/?page_id=753"},"modified":"2024-06-25T09:46:42","modified_gmt":"2024-06-25T06:46:42","slug":"kaptensgatans-daghem","status":"publish","type":"page","link":"https:\/\/blogs2.abo.fi\/ovningsdaghem\/kaptensgatans-daghem\/","title":{"rendered":"Kaptensgatans daghem"},"content":{"rendered":"<p><img loading=\"lazy\" decoding=\"async\" class=\"alignnone wp-image-754 size-large\" src=\"http:\/\/blogs2.abo.fi\/ovningsdaghem\/wp-content\/uploads\/sites\/159\/2021\/12\/Kaptensgatan-Vasa-1024x768.jpg\" alt=\"\" width=\"660\" height=\"495\" srcset=\"https:\/\/blogs2.abo.fi\/ovningsdaghem\/wp-content\/uploads\/sites\/159\/2021\/12\/Kaptensgatan-Vasa-1024x768.jpg 1024w, https:\/\/blogs2.abo.fi\/ovningsdaghem\/wp-content\/uploads\/sites\/159\/2021\/12\/Kaptensgatan-Vasa-300x225.jpg 300w, https:\/\/blogs2.abo.fi\/ovningsdaghem\/wp-content\/uploads\/sites\/159\/2021\/12\/Kaptensgatan-Vasa-768x576.jpg 768w, https:\/\/blogs2.abo.fi\/ovningsdaghem\/wp-content\/uploads\/sites\/159\/2021\/12\/Kaptensgatan-Vasa-1536x1152.jpg 1536w, https:\/\/blogs2.abo.fi\/ovningsdaghem\/wp-content\/uploads\/sites\/159\/2021\/12\/Kaptensgatan-Vasa-2048x1536.jpg 2048w, https:\/\/blogs2.abo.fi\/ovningsdaghem\/wp-content\/uploads\/sites\/159\/2021\/12\/Kaptensgatan-Vasa-624x468.jpg 624w\" sizes=\"auto, (max-width: 660px) 100vw, 660px\" \/><\/p>\n<h1>Kaptensgatans daghem<\/h1>\n<p><strong>Daghemmets ort:<\/strong> Br\u00e4nd\u00f6, Vasa<\/p>\n<p><strong>Daghemmets storlek:<\/strong> 2 avdelningar:<br \/>\nMusslorna 3-5 \u00e5r<br \/>\nSn\u00e4ckorna 1-3 \u00e5r<\/p>\n<p><strong>Vi verkar p\u00e5 f\u00f6ljande spr\u00e5k: <\/strong>Svenska<\/p>\n<p><strong>V\u00e5r pedagogiska grundsyn:<\/strong><\/p>\n<p>I v\u00e5r verksamhet vill vi skapa en trygg milj\u00f6 f\u00f6r barnen, d\u00e4r de kan utvecklas enligt egna f\u00f6ruts\u00e4ttningar.<\/p>\n<p>Leken har en central roll i v\u00e5r verksamhet. Leken motiverar och ger barnen gl\u00e4dje samtidigt som barnen l\u00e4r sig nya saker. Genom leken \u00f6var barnen p\u00e5 sina sociala f\u00e4rdigheter, som hur man \u00e4r en god v\u00e4n. \u00a0Alla blir bem\u00f6tta v\u00e4nligt och respektfullt.<\/p>\n<p><strong>V\u00e5r pedagogik:<\/strong><\/p>\n<ul>\n<li>Vi str\u00e4var till att arbeta i sm\u00e5grupper<\/li>\n<li>Leken \u00e4r viktigt i v\u00e5r verksamhet, \u201cvi l\u00e4r genom leken\u201d<\/li>\n<li>R\u00f6relse i vardagen, <em>Fart p\u00e5 knattarna<\/em><\/li>\n<\/ul>\n<p><strong>Varf\u00f6r ska studerande g\u00f6ra praktik p\u00e5 v\u00e5rt daghem?:<\/strong> Vi \u00e4r ett litet dagis d\u00e4r alla k\u00e4nner alla, vi har en fin g\u00e5rd och n\u00e4rhet till havet och flera parker.<\/p>\n<p><strong>Vi kan erbjuda boende f\u00f6r den studerande under praktiktiden: \u00a0<\/strong>Nej<\/p>\n<p><strong>Vi kan hj\u00e4lpa till att s\u00f6ka boende f\u00f6r den studerande under praktiktiden:\u00a0 <\/strong>Nej<\/p>\n","protected":false},"excerpt":{"rendered":"<p>Kaptensgatans daghem Daghemmets ort: Br\u00e4nd\u00f6, Vasa Daghemmets storlek: 2 avdelningar: Musslorna 3-5 \u00e5r Sn\u00e4ckorna 1-3 \u00e5r Vi verkar p\u00e5 f\u00f6ljande spr\u00e5k: Svenska V\u00e5r pedagogiska grundsyn: I v\u00e5r verksamhet vill vi skapa en trygg milj\u00f6 f\u00f6r barnen, d\u00e4r de kan utvecklas enligt egna f\u00f6ruts\u00e4ttningar. Leken har en central roll i v\u00e5r verksamhet. Leken motiverar och ger &hellip; <a href=\"https:\/\/blogs2.abo.fi\/ovningsdaghem\/kaptensgatans-daghem\/\" class=\"more-link\">Forts\u00e4tt l\u00e4sa <span class=\"screen-reader-text\">Kaptensgatans daghem<\/span><\/a><\/p>\n","protected":false},"author":641,"featured_media":0,"parent":0,"menu_order":0,"comment_status":"closed","ping_status":"closed","template":"","meta":{"footnotes":""},"class_list":["post-753","page","type-page","status-publish","hentry"],"_links":{"self":[{"href":"https:\/\/blogs2.abo.fi\/ovningsdaghem\/wp-json\/wp\/v2\/pages\/753","targetHints":{"allow":["GET"]}}],"collection":[{"href":"https:\/\/blogs2.abo.fi\/ovningsdaghem\/wp-json\/wp\/v2\/pages"}],"about":[{"href":"https:\/\/blogs2.abo.fi\/ovningsdaghem\/wp-json\/wp\/v2\/types\/page"}],"author":[{"embeddable":true,"href":"https:\/\/blogs2.abo.fi\/ovningsdaghem\/wp-json\/wp\/v2\/users\/641"}],"replies":[{"embeddable":true,"href":"https:\/\/blogs2.abo.fi\/ovningsdaghem\/wp-json\/wp\/v2\/comments?post=753"}],"version-history":[{"count":3,"href":"https:\/\/blogs2.abo.fi\/ovningsdaghem\/wp-json\/wp\/v2\/pages\/753\/revisions"}],"predecessor-version":[{"id":1057,"href":"https:\/\/blogs2.abo.fi\/ovningsdaghem\/wp-json\/wp\/v2\/pages\/753\/revisions\/1057"}],"wp:attachment":[{"href":"https:\/\/blogs2.abo.fi\/ovningsdaghem\/wp-json\/wp\/v2\/media?parent=753"}],"curies":[{"name":"wp","href":"https:\/\/api.w.org\/{rel}","templated":true}]}}