{"id":749,"date":"2021-12-17T10:32:56","date_gmt":"2021-12-17T08:32:56","guid":{"rendered":"https:\/\/blogs2.abo.fi\/ovningsdaghem\/?page_id=749"},"modified":"2024-06-25T09:40:46","modified_gmt":"2024-06-25T06:40:46","slug":"hamnparkens-daghem","status":"publish","type":"page","link":"https:\/\/blogs2.abo.fi\/ovningsdaghem\/hamnparkens-daghem\/","title":{"rendered":"Hamnparkens daghem"},"content":{"rendered":"<p><img loading=\"lazy\" decoding=\"async\" class=\"alignnone wp-image-750 size-full\" src=\"http:\/\/blogs2.abo.fi\/ovningsdaghem\/wp-content\/uploads\/sites\/159\/2021\/12\/Hamnparken.jpg\" alt=\"\" width=\"413\" height=\"275\" srcset=\"https:\/\/blogs2.abo.fi\/ovningsdaghem\/wp-content\/uploads\/sites\/159\/2021\/12\/Hamnparken.jpg 413w, https:\/\/blogs2.abo.fi\/ovningsdaghem\/wp-content\/uploads\/sites\/159\/2021\/12\/Hamnparken-300x200.jpg 300w\" sizes=\"auto, (max-width: 413px) 100vw, 413px\" \/><\/p>\n<h1>Hamnparkens daghem<\/h1>\n<p><strong>Daghemmets ort: <\/strong>Sand\u00f6gatan 1, Vasa<\/p>\n<p><strong>Daghemmets storlek: <\/strong>2 avdelningar med 21 barn\/avdelning<\/p>\n<p><strong>Vi verkar p\u00e5 f\u00f6ljande spr\u00e5k: <\/strong>svenska<\/p>\n<p><strong>V\u00e5r pedagogiska grundsyn: <\/strong>Hamnparkens daghem \u00e4r ett spr\u00e5kbadsdaghem med tv\u00e5spr\u00e5kig samt innovativ personal som respekterar varandra och \u00e4r l\u00e4tta att ta kontakt med. I\u00a0Hamnparken\u00a0s\u00e4tter\u00a0vi\u00a0stort\u00a0v\u00e4rde\u00a0p\u00e5\u00a0konstruktiv\u00a0v\u00e4xelverkan\u00a0och\u00a0att\u00a0g\u00f6ra\u00a0saker\u00a0tillsammans.<\/p>\n<p><strong>V\u00e5r pedagogik: <\/strong><br \/>\nI den pedagogiska verksamheten har vi f\u00f6ljande tyngdpunktsomr\u00e5den;<\/p>\n<ul>\n<li>spr\u00e5ket (undervisning i svenska spr\u00e5ket, v\u00e4xelverkan)<\/li>\n<li>kamratrelationer och lek<\/li>\n<li>energifostran\u00a0 (natur, r\u00f6relse, omgivning, teknologi)<\/li>\n<li>kultur (teater, museum)<\/li>\n<li>l\u00e4rmilj\u00f6er och konstruktivt samarbete med andra instanser<\/li>\n<\/ul>\n<p>I verksamheten uppm\u00e4rksammar och respekterar vi barnens intresseomr\u00e5den samt str\u00e4var till att g\u00f6ra f\u00f6r\u00e4ldrar och barn delaktiga.<\/p>\n<p><strong>Varf\u00f6r ska studerande g\u00f6ra praktik p\u00e5 v\u00e5rt daghem?:<\/strong> Studerande \u00e4r alltid v\u00e4lkomna till v\u00e5rt daghem! Den studerande f\u00e5r m\u00f6jlighet att dela med sig av sina erfarenheter och kunskaper fr\u00e5n studierna och vi som personal som handleder f\u00e5r p\u00e5 samma g\u00e5ng ocks\u00e5 reflektera \u00f6ver v\u00e5ra egna arbetss\u00e4tt och v\u00e5ra metoder. Den studerande fungerar som en vuxen i v\u00e5rt team och deltar i all verksamhet vilket ocks\u00e5 ger oss ett par extra \u00f6gon och h\u00e4nder och en ny vuxenkontakt till barnen.<\/p>\n<p><strong>Vi kan erbjuda boende f\u00f6r den studerande under praktiktiden: <\/strong>nej<\/p>\n<p><strong>Vi kan hj\u00e4lpa till att s\u00f6ka boende f\u00f6r den studerande under praktiktiden:\u00a0<\/strong>nej<\/p>\n","protected":false},"excerpt":{"rendered":"<p>Hamnparkens daghem Daghemmets ort: Sand\u00f6gatan 1, Vasa Daghemmets storlek: 2 avdelningar med 21 barn\/avdelning Vi verkar p\u00e5 f\u00f6ljande spr\u00e5k: svenska V\u00e5r pedagogiska grundsyn: Hamnparkens daghem \u00e4r ett spr\u00e5kbadsdaghem med tv\u00e5spr\u00e5kig samt innovativ personal som respekterar varandra och \u00e4r l\u00e4tta att ta kontakt med. I\u00a0Hamnparken\u00a0s\u00e4tter\u00a0vi\u00a0stort\u00a0v\u00e4rde\u00a0p\u00e5\u00a0konstruktiv\u00a0v\u00e4xelverkan\u00a0och\u00a0att\u00a0g\u00f6ra\u00a0saker\u00a0tillsammans. V\u00e5r pedagogik: I den pedagogiska verksamheten har vi f\u00f6ljande tyngdpunktsomr\u00e5den; spr\u00e5ket &hellip; <a href=\"https:\/\/blogs2.abo.fi\/ovningsdaghem\/hamnparkens-daghem\/\" class=\"more-link\">Forts\u00e4tt l\u00e4sa <span class=\"screen-reader-text\">Hamnparkens daghem<\/span><\/a><\/p>\n","protected":false},"author":641,"featured_media":0,"parent":0,"menu_order":0,"comment_status":"closed","ping_status":"closed","template":"","meta":{"footnotes":""},"class_list":["post-749","page","type-page","status-publish","hentry"],"_links":{"self":[{"href":"https:\/\/blogs2.abo.fi\/ovningsdaghem\/wp-json\/wp\/v2\/pages\/749","targetHints":{"allow":["GET"]}}],"collection":[{"href":"https:\/\/blogs2.abo.fi\/ovningsdaghem\/wp-json\/wp\/v2\/pages"}],"about":[{"href":"https:\/\/blogs2.abo.fi\/ovningsdaghem\/wp-json\/wp\/v2\/types\/page"}],"author":[{"embeddable":true,"href":"https:\/\/blogs2.abo.fi\/ovningsdaghem\/wp-json\/wp\/v2\/users\/641"}],"replies":[{"embeddable":true,"href":"https:\/\/blogs2.abo.fi\/ovningsdaghem\/wp-json\/wp\/v2\/comments?post=749"}],"version-history":[{"count":3,"href":"https:\/\/blogs2.abo.fi\/ovningsdaghem\/wp-json\/wp\/v2\/pages\/749\/revisions"}],"predecessor-version":[{"id":1053,"href":"https:\/\/blogs2.abo.fi\/ovningsdaghem\/wp-json\/wp\/v2\/pages\/749\/revisions\/1053"}],"wp:attachment":[{"href":"https:\/\/blogs2.abo.fi\/ovningsdaghem\/wp-json\/wp\/v2\/media?parent=749"}],"curies":[{"name":"wp","href":"https:\/\/api.w.org\/{rel}","templated":true}]}}