{"id":704,"date":"2021-10-06T14:22:06","date_gmt":"2021-10-06T11:22:06","guid":{"rendered":"https:\/\/blogs2.abo.fi\/ovningsdaghem\/?page_id=704"},"modified":"2021-10-06T14:22:06","modified_gmt":"2021-10-06T11:22:06","slug":"mia-heikkilas-presentation","status":"publish","type":"page","link":"https:\/\/blogs2.abo.fi\/ovningsdaghem\/mia-heikkilas-presentation\/","title":{"rendered":"Mia Heikkil\u00e4s presentation"},"content":{"rendered":"<p><a href=\"http:\/\/blogs2.abo.fi\/ovningsdaghem\/wp-content\/uploads\/sites\/159\/2021\/10\/Natverkstraff-5.10.2021-Mia-Heikkila.pdf\">N\u00e4tverkstr\u00e4ff 5.10.2021 Mia Heikkil\u00e4<\/a><\/p>\n","protected":false},"excerpt":{"rendered":"<p>N\u00e4tverkstr\u00e4ff 5.10.2021 Mia Heikkil\u00e4<\/p>\n","protected":false},"author":641,"featured_media":0,"parent":0,"menu_order":0,"comment_status":"closed","ping_status":"closed","template":"","meta":{"footnotes":""},"class_list":["post-704","page","type-page","status-publish","hentry"],"_links":{"self":[{"href":"https:\/\/blogs2.abo.fi\/ovningsdaghem\/wp-json\/wp\/v2\/pages\/704","targetHints":{"allow":["GET"]}}],"collection":[{"href":"https:\/\/blogs2.abo.fi\/ovningsdaghem\/wp-json\/wp\/v2\/pages"}],"about":[{"href":"https:\/\/blogs2.abo.fi\/ovningsdaghem\/wp-json\/wp\/v2\/types\/page"}],"author":[{"embeddable":true,"href":"https:\/\/blogs2.abo.fi\/ovningsdaghem\/wp-json\/wp\/v2\/users\/641"}],"replies":[{"embeddable":true,"href":"https:\/\/blogs2.abo.fi\/ovningsdaghem\/wp-json\/wp\/v2\/comments?post=704"}],"version-history":[{"count":1,"href":"https:\/\/blogs2.abo.fi\/ovningsdaghem\/wp-json\/wp\/v2\/pages\/704\/revisions"}],"predecessor-version":[{"id":706,"href":"https:\/\/blogs2.abo.fi\/ovningsdaghem\/wp-json\/wp\/v2\/pages\/704\/revisions\/706"}],"wp:attachment":[{"href":"https:\/\/blogs2.abo.fi\/ovningsdaghem\/wp-json\/wp\/v2\/media?parent=704"}],"curies":[{"name":"wp","href":"https:\/\/api.w.org\/{rel}","templated":true}]}}