{"id":697,"date":"2021-10-06T14:17:12","date_gmt":"2021-10-06T11:17:12","guid":{"rendered":"https:\/\/blogs2.abo.fi\/ovningsdaghem\/?page_id=697"},"modified":"2021-10-06T14:17:12","modified_gmt":"2021-10-06T11:17:12","slug":"sofie-tjarus-presentation-5-10-2021","status":"publish","type":"page","link":"https:\/\/blogs2.abo.fi\/ovningsdaghem\/sofie-tjarus-presentation-5-10-2021\/","title":{"rendered":"Sofie Tj\u00e4rus presentation 5.10.2021"},"content":{"rendered":"<p><a href=\"http:\/\/blogs2.abo.fi\/ovningsdaghem\/wp-content\/uploads\/sites\/159\/2021\/10\/Natverkstraff-5.10.2021-Sofie-Tjaru.pdf\">N\u00e4tverkstr\u00e4ff 5.10.2021, Sofie Tj\u00e4ru<\/a><\/p>\n","protected":false},"excerpt":{"rendered":"<p>N\u00e4tverkstr\u00e4ff 5.10.2021, Sofie Tj\u00e4ru<\/p>\n","protected":false},"author":641,"featured_media":0,"parent":0,"menu_order":0,"comment_status":"closed","ping_status":"closed","template":"","meta":{"footnotes":""},"class_list":["post-697","page","type-page","status-publish","hentry"],"_links":{"self":[{"href":"https:\/\/blogs2.abo.fi\/ovningsdaghem\/wp-json\/wp\/v2\/pages\/697","targetHints":{"allow":["GET"]}}],"collection":[{"href":"https:\/\/blogs2.abo.fi\/ovningsdaghem\/wp-json\/wp\/v2\/pages"}],"about":[{"href":"https:\/\/blogs2.abo.fi\/ovningsdaghem\/wp-json\/wp\/v2\/types\/page"}],"author":[{"embeddable":true,"href":"https:\/\/blogs2.abo.fi\/ovningsdaghem\/wp-json\/wp\/v2\/users\/641"}],"replies":[{"embeddable":true,"href":"https:\/\/blogs2.abo.fi\/ovningsdaghem\/wp-json\/wp\/v2\/comments?post=697"}],"version-history":[{"count":1,"href":"https:\/\/blogs2.abo.fi\/ovningsdaghem\/wp-json\/wp\/v2\/pages\/697\/revisions"}],"predecessor-version":[{"id":699,"href":"https:\/\/blogs2.abo.fi\/ovningsdaghem\/wp-json\/wp\/v2\/pages\/697\/revisions\/699"}],"wp:attachment":[{"href":"https:\/\/blogs2.abo.fi\/ovningsdaghem\/wp-json\/wp\/v2\/media?parent=697"}],"curies":[{"name":"wp","href":"https:\/\/api.w.org\/{rel}","templated":true}]}}