{"id":693,"date":"2021-10-06T13:14:20","date_gmt":"2021-10-06T10:14:20","guid":{"rendered":"https:\/\/blogs2.abo.fi\/ovningsdaghem\/?page_id=693"},"modified":"2021-10-06T13:14:20","modified_gmt":"2021-10-06T10:14:20","slug":"natverkstraff-5-10-2021","status":"publish","type":"page","link":"https:\/\/blogs2.abo.fi\/ovningsdaghem\/natverkstraff-5-10-2021\/","title":{"rendered":"N\u00e4tverkstr\u00e4ff 5.10.2021"},"content":{"rendered":"<p><a href=\"http:\/\/blogs2.abo.fi\/ovningsdaghem\/wp-content\/uploads\/sites\/159\/2021\/10\/ovningsdaghem_natverkstraff-5.10.2021.pdf\">\u00f6vningsdaghem_n\u00e4tverkstr\u00e4ff 5.10.2021<\/a><\/p>\n","protected":false},"excerpt":{"rendered":"<p>\u00f6vningsdaghem_n\u00e4tverkstr\u00e4ff 5.10.2021<\/p>\n","protected":false},"author":641,"featured_media":0,"parent":0,"menu_order":0,"comment_status":"closed","ping_status":"closed","template":"","meta":{"footnotes":""},"class_list":["post-693","page","type-page","status-publish","hentry"],"_links":{"self":[{"href":"https:\/\/blogs2.abo.fi\/ovningsdaghem\/wp-json\/wp\/v2\/pages\/693","targetHints":{"allow":["GET"]}}],"collection":[{"href":"https:\/\/blogs2.abo.fi\/ovningsdaghem\/wp-json\/wp\/v2\/pages"}],"about":[{"href":"https:\/\/blogs2.abo.fi\/ovningsdaghem\/wp-json\/wp\/v2\/types\/page"}],"author":[{"embeddable":true,"href":"https:\/\/blogs2.abo.fi\/ovningsdaghem\/wp-json\/wp\/v2\/users\/641"}],"replies":[{"embeddable":true,"href":"https:\/\/blogs2.abo.fi\/ovningsdaghem\/wp-json\/wp\/v2\/comments?post=693"}],"version-history":[{"count":1,"href":"https:\/\/blogs2.abo.fi\/ovningsdaghem\/wp-json\/wp\/v2\/pages\/693\/revisions"}],"predecessor-version":[{"id":695,"href":"https:\/\/blogs2.abo.fi\/ovningsdaghem\/wp-json\/wp\/v2\/pages\/693\/revisions\/695"}],"wp:attachment":[{"href":"https:\/\/blogs2.abo.fi\/ovningsdaghem\/wp-json\/wp\/v2\/media?parent=693"}],"curies":[{"name":"wp","href":"https:\/\/api.w.org\/{rel}","templated":true}]}}