{"id":690,"date":"2021-10-06T13:09:04","date_gmt":"2021-10-06T10:09:04","guid":{"rendered":"https:\/\/blogs2.abo.fi\/ovningsdaghem\/?page_id=690"},"modified":"2024-06-25T12:50:02","modified_gmt":"2024-06-25T09:50:02","slug":"natverkstraffar","status":"publish","type":"page","link":"https:\/\/blogs2.abo.fi\/ovningsdaghem\/natverkstraffar\/","title":{"rendered":"N\u00c4TVERKSTR\u00c4FFAR"},"content":{"rendered":"<p>Ta del av materialet fr\u00e5n n\u00e4tverkstr\u00e4ffarna i listan till v\u00e4nster. Anv\u00e4nd pilen ned\u00e5t f\u00f6r att se hela materialet fr\u00e5n varje tr\u00e4ff.<\/p>\n","protected":false},"excerpt":{"rendered":"<p>Ta del av materialet fr\u00e5n n\u00e4tverkstr\u00e4ffarna i listan till v\u00e4nster. Anv\u00e4nd pilen ned\u00e5t f\u00f6r att se hela materialet fr\u00e5n varje tr\u00e4ff.<\/p>\n","protected":false},"author":641,"featured_media":0,"parent":0,"menu_order":0,"comment_status":"closed","ping_status":"closed","template":"","meta":{"footnotes":""},"class_list":["post-690","page","type-page","status-publish","hentry"],"_links":{"self":[{"href":"https:\/\/blogs2.abo.fi\/ovningsdaghem\/wp-json\/wp\/v2\/pages\/690","targetHints":{"allow":["GET"]}}],"collection":[{"href":"https:\/\/blogs2.abo.fi\/ovningsdaghem\/wp-json\/wp\/v2\/pages"}],"about":[{"href":"https:\/\/blogs2.abo.fi\/ovningsdaghem\/wp-json\/wp\/v2\/types\/page"}],"author":[{"embeddable":true,"href":"https:\/\/blogs2.abo.fi\/ovningsdaghem\/wp-json\/wp\/v2\/users\/641"}],"replies":[{"embeddable":true,"href":"https:\/\/blogs2.abo.fi\/ovningsdaghem\/wp-json\/wp\/v2\/comments?post=690"}],"version-history":[{"count":3,"href":"https:\/\/blogs2.abo.fi\/ovningsdaghem\/wp-json\/wp\/v2\/pages\/690\/revisions"}],"predecessor-version":[{"id":1191,"href":"https:\/\/blogs2.abo.fi\/ovningsdaghem\/wp-json\/wp\/v2\/pages\/690\/revisions\/1191"}],"wp:attachment":[{"href":"https:\/\/blogs2.abo.fi\/ovningsdaghem\/wp-json\/wp\/v2\/media?parent=690"}],"curies":[{"name":"wp","href":"https:\/\/api.w.org\/{rel}","templated":true}]}}