{"id":686,"date":"2021-10-05T13:07:56","date_gmt":"2021-10-05T10:07:56","guid":{"rendered":"https:\/\/blogs2.abo.fi\/ovningsdaghem\/?page_id=686"},"modified":"2025-06-24T12:37:14","modified_gmt":"2025-06-24T09:37:14","slug":"harrstrom-daghem","status":"publish","type":"page","link":"https:\/\/blogs2.abo.fi\/ovningsdaghem\/harrstrom-daghem\/","title":{"rendered":"Harrstr\u00f6m daghem"},"content":{"rendered":"<h1><img loading=\"lazy\" decoding=\"async\" class=\"alignnone wp-image-687 size-large\" src=\"http:\/\/blogs2.abo.fi\/ovningsdaghem\/wp-content\/uploads\/sites\/159\/2021\/10\/Harrstrom-bild-2-1024x576.jpg\" alt=\"\" width=\"660\" height=\"371\" srcset=\"https:\/\/blogs2.abo.fi\/ovningsdaghem\/wp-content\/uploads\/sites\/159\/2021\/10\/Harrstrom-bild-2-1024x576.jpg 1024w, https:\/\/blogs2.abo.fi\/ovningsdaghem\/wp-content\/uploads\/sites\/159\/2021\/10\/Harrstrom-bild-2-300x169.jpg 300w, https:\/\/blogs2.abo.fi\/ovningsdaghem\/wp-content\/uploads\/sites\/159\/2021\/10\/Harrstrom-bild-2-768x432.jpg 768w, https:\/\/blogs2.abo.fi\/ovningsdaghem\/wp-content\/uploads\/sites\/159\/2021\/10\/Harrstrom-bild-2-1536x864.jpg 1536w, https:\/\/blogs2.abo.fi\/ovningsdaghem\/wp-content\/uploads\/sites\/159\/2021\/10\/Harrstrom-bild-2-2048x1152.jpg 2048w, https:\/\/blogs2.abo.fi\/ovningsdaghem\/wp-content\/uploads\/sites\/159\/2021\/10\/Harrstrom-bild-2-624x351.jpg 624w\" sizes=\"auto, (max-width: 660px) 100vw, 660px\" \/><\/h1>\n<h1>Harrstr\u00f6m daghem<\/h1>\n<p><strong>Daghemmets ort:<\/strong>\u00a0Harrstr\u00f6m, Korsn\u00e4s kommun<\/p>\n<p><strong>Daghemmets storlek: <\/strong>P\u00e5 daghemmet finns 20 platser. P\u00e5 grund av f\u00e4rre f\u00f6dda barn under de senaste \u00e5ren har daghemmet just nu ganska f\u00e5 barn och endast en barngrupp (1\u20135 \u00e5r).<\/p>\n<p><strong>Vi verkar p\u00e5 f\u00f6ljande spr\u00e5k:<\/strong> Svenska.<\/p>\n<p><strong>V\u00e5r pedagogiska grundsyn:<\/strong>\u00a0Leken \u00e4r av stor pedagogisk betydelse f\u00f6r barnets l\u00e4rande och helhetsm\u00e4ssiga utveckling. Beaktas att alla l\u00e4r sig p\u00e5 olika s\u00e4tt och i egen takt. Utg\u00e5r ifr\u00e5n barnens tidigare erfarenheter och barnens intressen. Pedagogerna st\u00f6der och \u00e4r aktiva och engagerade i barnens utforskande.<\/p>\n<p><strong>V\u00e5r pedagogik:<\/strong> Vid daghemmet v\u00e4rdes\u00e4tter vi leken, spr\u00e5ket, r\u00f6relse och mycket utevistelse. Vi \u00e4r ett sockersmart daghem (tillsatt socker undviks vid frukost, lunch och mellanm\u00e5l).<\/p>\n<p><strong>Varf\u00f6r ska studerande g\u00f6ra praktik p\u00e5 v\u00e5rt daghem?:<\/strong> Daghemmet har n\u00e4rhet till skog och hav samt kulturella platser i omgivningen, t.ex. Kvarnbacken och Fiskartorpet. I och med att daghemmet verkar i en gammal skolbyggnad med gymnastiksal och stor g\u00e5rd finns m\u00e5ngsidiga m\u00f6jligheter till r\u00f6relse. Tack vare detta kan ocks\u00e5 l\u00e4rmilj\u00f6er varieras b\u00e5de inom- och utomhus.<\/p>\n<p>Vi tycker att praktikperioden \u00e4r viktig f\u00f6r studerande och vi avs\u00e4tter tid f\u00f6r handledning och diskussion. Att ta emot studerande \u00e4r berikande f\u00f6r daghemmet i och med nya kunskaper den studerande har med sig.<\/p>\n<p><strong>Vi kan erbjuda boende f\u00f6r den studerande under praktikperioden:<\/strong> Nej.<\/p>\n<p><strong>Vi kan hj\u00e4lpa till att s\u00f6ka boende f\u00f6r den studerande under praktikperioden:<\/strong> Ja, vi kan f\u00f6rs\u00f6ka.<\/p>\n","protected":false},"excerpt":{"rendered":"<p>Harrstr\u00f6m daghem Daghemmets ort:\u00a0Harrstr\u00f6m, Korsn\u00e4s kommun Daghemmets storlek: P\u00e5 daghemmet finns 20 platser. P\u00e5 grund av f\u00e4rre f\u00f6dda barn under de senaste \u00e5ren har daghemmet just nu ganska f\u00e5 barn och endast en barngrupp (1\u20135 \u00e5r). Vi verkar p\u00e5 f\u00f6ljande spr\u00e5k: Svenska. V\u00e5r pedagogiska grundsyn:\u00a0Leken \u00e4r av stor pedagogisk betydelse f\u00f6r barnets l\u00e4rande och helhetsm\u00e4ssiga &hellip; <a href=\"https:\/\/blogs2.abo.fi\/ovningsdaghem\/harrstrom-daghem\/\" class=\"more-link\">Forts\u00e4tt l\u00e4sa <span class=\"screen-reader-text\">Harrstr\u00f6m daghem<\/span><\/a><\/p>\n","protected":false},"author":641,"featured_media":0,"parent":0,"menu_order":0,"comment_status":"closed","ping_status":"closed","template":"","meta":{"footnotes":""},"class_list":["post-686","page","type-page","status-publish","hentry"],"_links":{"self":[{"href":"https:\/\/blogs2.abo.fi\/ovningsdaghem\/wp-json\/wp\/v2\/pages\/686","targetHints":{"allow":["GET"]}}],"collection":[{"href":"https:\/\/blogs2.abo.fi\/ovningsdaghem\/wp-json\/wp\/v2\/pages"}],"about":[{"href":"https:\/\/blogs2.abo.fi\/ovningsdaghem\/wp-json\/wp\/v2\/types\/page"}],"author":[{"embeddable":true,"href":"https:\/\/blogs2.abo.fi\/ovningsdaghem\/wp-json\/wp\/v2\/users\/641"}],"replies":[{"embeddable":true,"href":"https:\/\/blogs2.abo.fi\/ovningsdaghem\/wp-json\/wp\/v2\/comments?post=686"}],"version-history":[{"count":4,"href":"https:\/\/blogs2.abo.fi\/ovningsdaghem\/wp-json\/wp\/v2\/pages\/686\/revisions"}],"predecessor-version":[{"id":1299,"href":"https:\/\/blogs2.abo.fi\/ovningsdaghem\/wp-json\/wp\/v2\/pages\/686\/revisions\/1299"}],"wp:attachment":[{"href":"https:\/\/blogs2.abo.fi\/ovningsdaghem\/wp-json\/wp\/v2\/media?parent=686"}],"curies":[{"name":"wp","href":"https:\/\/api.w.org\/{rel}","templated":true}]}}