{"id":682,"date":"2021-10-05T12:51:00","date_gmt":"2021-10-05T09:51:00","guid":{"rendered":"https:\/\/blogs2.abo.fi\/ovningsdaghem\/?page_id=682"},"modified":"2024-06-25T10:11:45","modified_gmt":"2024-06-25T07:11:45","slug":"bss-daghemmet","status":"publish","type":"page","link":"https:\/\/blogs2.abo.fi\/ovningsdaghem\/bss-daghemmet\/","title":{"rendered":"BSS daghemmet"},"content":{"rendered":"<p><img loading=\"lazy\" decoding=\"async\" class=\"alignnone wp-image-683 size-full\" src=\"http:\/\/blogs2.abo.fi\/ovningsdaghem\/wp-content\/uploads\/sites\/159\/2021\/10\/BSS.jpg\" alt=\"\" width=\"300\" height=\"400\" srcset=\"https:\/\/blogs2.abo.fi\/ovningsdaghem\/wp-content\/uploads\/sites\/159\/2021\/10\/BSS.jpg 300w, https:\/\/blogs2.abo.fi\/ovningsdaghem\/wp-content\/uploads\/sites\/159\/2021\/10\/BSS-225x300.jpg 225w\" sizes=\"auto, (max-width: 300px) 100vw, 300px\" \/><\/p>\n<p>Bilden h\u00e4mtad <a href=\"https:\/\/www.bjss.fi\/?p=\/daghemmet_2401\">BJSS hemsida<\/a><\/p>\n<h1>BSS daghemmet (Bj\u00f6rneborg svenska samskolas daghem)<\/h1>\n<p><strong>Daghemmets ort: <\/strong>Bj\u00f6rneborg<\/p>\n<p><strong>Tag chansen att g\u00f6ra din praktik i en unik milj\u00f6 \u2013 en spr\u00e5k\u00f6 i Bj\u00f6rneborg\u00a0<\/strong>Om du ska g\u00f6ra praktik p\u00e5 en sm\u00e5barnsavdelning, daghemsavdelning eller i f\u00f6rskolan s\u00e5 \u00e4r daghemmet vid Bj\u00f6rneborgs svenska samskola ett sp\u00e4nnande alternativ eftersom det \u00e4r en spr\u00e5k\u00f6.<\/p>\n<p>En spr\u00e5k\u00f6 \u00e4r ett daghem och skola d\u00e4r undervisningen bedrivs p\u00e5 svenska trots att \u00f6vriga omgivningen \u00e4r finsktalande.<\/p>\n<p>Personalen p\u00e5 daghemmet och i f\u00f6rskolan tar mycket g\u00e4rna emot studerande p\u00e5 praktik och det \u00e4r en unik erfarenhet som du f\u00e5r genom att g\u00f6ra praktik i denna speciella milj\u00f6. Det speciella ligger bland annat i att Bj\u00f6rneborgs daghem tar emot m\u00e5nga barn som kommer fr\u00e5n finsktalande hem och barnen m\u00f6ter bara svenska spr\u00e5ket p\u00e5 daghemmet eller i f\u00f6rskolan.<\/p>\n<p>En del barn b\u00f6rjar p\u00e5 daghemmet vid 1 \u00e5rs \u00e5lder, och blir p\u00e5 s\u00e5 s\u00e4tt simultant tv\u00e5spr\u00e5kiga, medan andra barn b\u00f6rjar n\u00e4r de \u00e4r 2-, 3-, 4-, 5- eller 6 \u00e5r. Det inneb\u00e4r utmaningar f\u00f6r personalen att i sina grupper ha barn med v\u00e4ldigt olika kunskaper i undervisningsspr\u00e5ket, dvs. svenska.<\/p>\n<p>Att som studerande f\u00e5 ta del av dessa utmaningar ger en fantastisk m\u00f6jlighet till inblick i barns f\u00f6rm\u00e5ga och arbete med att l\u00e4ra sig ett nytt spr\u00e5k och l\u00e4rares arbete med att st\u00f6dja och stimulera barnens alla spr\u00e5k.<\/p>\n<p><strong>Det finns en m\u00f6blerad l\u00e4genhet som du kan l\u00e5na utan kostnad.<\/strong><\/p>\n","protected":false},"excerpt":{"rendered":"<p>Bilden h\u00e4mtad BJSS hemsida BSS daghemmet (Bj\u00f6rneborg svenska samskolas daghem) Daghemmets ort: Bj\u00f6rneborg Tag chansen att g\u00f6ra din praktik i en unik milj\u00f6 \u2013 en spr\u00e5k\u00f6 i Bj\u00f6rneborg\u00a0Om du ska g\u00f6ra praktik p\u00e5 en sm\u00e5barnsavdelning, daghemsavdelning eller i f\u00f6rskolan s\u00e5 \u00e4r daghemmet vid Bj\u00f6rneborgs svenska samskola ett sp\u00e4nnande alternativ eftersom det \u00e4r en spr\u00e5k\u00f6. En &hellip; <a href=\"https:\/\/blogs2.abo.fi\/ovningsdaghem\/bss-daghemmet\/\" class=\"more-link\">Forts\u00e4tt l\u00e4sa <span class=\"screen-reader-text\">BSS daghemmet<\/span><\/a><\/p>\n","protected":false},"author":641,"featured_media":0,"parent":0,"menu_order":0,"comment_status":"closed","ping_status":"closed","template":"","meta":{"footnotes":""},"class_list":["post-682","page","type-page","status-publish","hentry"],"_links":{"self":[{"href":"https:\/\/blogs2.abo.fi\/ovningsdaghem\/wp-json\/wp\/v2\/pages\/682","targetHints":{"allow":["GET"]}}],"collection":[{"href":"https:\/\/blogs2.abo.fi\/ovningsdaghem\/wp-json\/wp\/v2\/pages"}],"about":[{"href":"https:\/\/blogs2.abo.fi\/ovningsdaghem\/wp-json\/wp\/v2\/types\/page"}],"author":[{"embeddable":true,"href":"https:\/\/blogs2.abo.fi\/ovningsdaghem\/wp-json\/wp\/v2\/users\/641"}],"replies":[{"embeddable":true,"href":"https:\/\/blogs2.abo.fi\/ovningsdaghem\/wp-json\/wp\/v2\/comments?post=682"}],"version-history":[{"count":3,"href":"https:\/\/blogs2.abo.fi\/ovningsdaghem\/wp-json\/wp\/v2\/pages\/682\/revisions"}],"predecessor-version":[{"id":1082,"href":"https:\/\/blogs2.abo.fi\/ovningsdaghem\/wp-json\/wp\/v2\/pages\/682\/revisions\/1082"}],"wp:attachment":[{"href":"https:\/\/blogs2.abo.fi\/ovningsdaghem\/wp-json\/wp\/v2\/media?parent=682"}],"curies":[{"name":"wp","href":"https:\/\/api.w.org\/{rel}","templated":true}]}}