{"id":672,"date":"2021-10-05T12:24:35","date_gmt":"2021-10-05T09:24:35","guid":{"rendered":"https:\/\/blogs2.abo.fi\/ovningsdaghem\/?page_id=672"},"modified":"2024-06-25T12:23:54","modified_gmt":"2024-06-25T09:23:54","slug":"672-2","status":"publish","type":"page","link":"https:\/\/blogs2.abo.fi\/ovningsdaghem\/672-2\/","title":{"rendered":"Ebbo daghem"},"content":{"rendered":"<h1><img loading=\"lazy\" decoding=\"async\" class=\"alignnone wp-image-673 size-full\" src=\"http:\/\/blogs2.abo.fi\/ovningsdaghem\/wp-content\/uploads\/sites\/159\/2021\/10\/Ebbo-daghem.jpg\" alt=\"\" width=\"454\" height=\"217\" srcset=\"https:\/\/blogs2.abo.fi\/ovningsdaghem\/wp-content\/uploads\/sites\/159\/2021\/10\/Ebbo-daghem.jpg 454w, https:\/\/blogs2.abo.fi\/ovningsdaghem\/wp-content\/uploads\/sites\/159\/2021\/10\/Ebbo-daghem-300x143.jpg 300w\" sizes=\"auto, (max-width: 454px) 100vw, 454px\" \/><\/h1>\n<h1>Ebbo daghem<\/h1>\n<p><strong>Daghemmets ort: <\/strong>Borg\u00e5<\/p>\n<p><strong>Daghemmets storlek: <\/strong>Ebbo daghem har 4 barngrupper.<br \/>\nVilukot \u00e4r en finskspr\u00e5kig syskongrupp med barn i \u00e5lder 1-5 \u00e5r<br \/>\nGullvivorna \u00e4r en sm\u00e5barnsgrupp som har barn i \u00e5lder 1-3 \u00e5r<br \/>\nSkogsviolerna \u00e4r 4-5 \u00e5ringarnas grupp<br \/>\nSkogsstj\u00e4rnorna \u00e4r f\u00f6rskolebarnens grupp<\/p>\n<p><strong>Vi verkar p\u00e5 f\u00f6ljande spr\u00e5k: <\/strong>Finska och svenska.<\/p>\n<p><strong>V\u00e5r pedagogiska grundsyn:\u00a0<\/strong>Vi vill att barnen l\u00e4r sig om j\u00e4mlikhet, \u00f6kad gemenskap och h\u00e5llbar utveckling. Barnen skall f\u00e5 pr\u00f6va sj\u00e4lv, l\u00e4ra sig att ta hand om sig sj\u00e4lv och bli bekant med sitt eget l\u00e4rande. Barnens r\u00f6st skall bli h\u00f6rd. Spr\u00e5ket, naturen och r\u00f6relsen h\u00f6r till v\u00e5ra tyngdpunktsomr\u00e5den.<\/p>\n<p><strong>V\u00e5r pedagogik: <\/strong>Vi satsar extra mycket p\u00e5 de sociala f\u00e4rdigheterna och v\u00e4nskapsband. Det spr\u00e5ket \u00e4r n\u00e5got som genomsyrar all v\u00e5r verksamhet.<\/p>\n<p><strong>Varf\u00f6r ska studerande g\u00f6ra praktik p\u00e5 v\u00e5rt daghem?: <\/strong>Ebbo daghem \u00e4r ett hemlikt, litet daghem ute p\u00e5 landsbygden. Vi \u00e4r ofta ute i naturen. Vi har en h\u00e4rligt skog som vi g\u00e5r till m\u00e5nga g\u00e5nger per vecka. Sammanh\u00e5llningen i huset \u00e4r bra, alla k\u00e4nner alla.<\/p>\n<p><strong>Vi kan erbjuda boende f\u00f6r den studerande under praktiktiden: <\/strong>Nej<\/p>\n<p><strong>Vi kan hj\u00e4lpa till att s\u00f6ka boende f\u00f6r den studerande under praktiktiden:\u00a0<\/strong>Nej<\/p>\n","protected":false},"excerpt":{"rendered":"<p>Ebbo daghem Daghemmets ort: Borg\u00e5 Daghemmets storlek: Ebbo daghem har 4 barngrupper. Vilukot \u00e4r en finskspr\u00e5kig syskongrupp med barn i \u00e5lder 1-5 \u00e5r Gullvivorna \u00e4r en sm\u00e5barnsgrupp som har barn i \u00e5lder 1-3 \u00e5r Skogsviolerna \u00e4r 4-5 \u00e5ringarnas grupp Skogsstj\u00e4rnorna \u00e4r f\u00f6rskolebarnens grupp Vi verkar p\u00e5 f\u00f6ljande spr\u00e5k: Finska och svenska. V\u00e5r pedagogiska grundsyn:\u00a0Vi vill &hellip; <a href=\"https:\/\/blogs2.abo.fi\/ovningsdaghem\/672-2\/\" class=\"more-link\">Forts\u00e4tt l\u00e4sa <span class=\"screen-reader-text\">Ebbo daghem<\/span><\/a><\/p>\n","protected":false},"author":641,"featured_media":0,"parent":0,"menu_order":0,"comment_status":"closed","ping_status":"closed","template":"","meta":{"footnotes":""},"class_list":["post-672","page","type-page","status-publish","hentry"],"_links":{"self":[{"href":"https:\/\/blogs2.abo.fi\/ovningsdaghem\/wp-json\/wp\/v2\/pages\/672","targetHints":{"allow":["GET"]}}],"collection":[{"href":"https:\/\/blogs2.abo.fi\/ovningsdaghem\/wp-json\/wp\/v2\/pages"}],"about":[{"href":"https:\/\/blogs2.abo.fi\/ovningsdaghem\/wp-json\/wp\/v2\/types\/page"}],"author":[{"embeddable":true,"href":"https:\/\/blogs2.abo.fi\/ovningsdaghem\/wp-json\/wp\/v2\/users\/641"}],"replies":[{"embeddable":true,"href":"https:\/\/blogs2.abo.fi\/ovningsdaghem\/wp-json\/wp\/v2\/comments?post=672"}],"version-history":[{"count":5,"href":"https:\/\/blogs2.abo.fi\/ovningsdaghem\/wp-json\/wp\/v2\/pages\/672\/revisions"}],"predecessor-version":[{"id":1179,"href":"https:\/\/blogs2.abo.fi\/ovningsdaghem\/wp-json\/wp\/v2\/pages\/672\/revisions\/1179"}],"wp:attachment":[{"href":"https:\/\/blogs2.abo.fi\/ovningsdaghem\/wp-json\/wp\/v2\/media?parent=672"}],"curies":[{"name":"wp","href":"https:\/\/api.w.org\/{rel}","templated":true}]}}