{"id":667,"date":"2021-10-05T12:14:56","date_gmt":"2021-10-05T09:14:56","guid":{"rendered":"https:\/\/blogs2.abo.fi\/ovningsdaghem\/?page_id=667"},"modified":"2024-06-25T10:51:48","modified_gmt":"2024-06-25T07:51:48","slug":"667-2","status":"publish","type":"page","link":"https:\/\/blogs2.abo.fi\/ovningsdaghem\/667-2\/","title":{"rendered":"Huktis daghem"},"content":{"rendered":"<p><img loading=\"lazy\" decoding=\"async\" class=\"alignnone size-medium wp-image-668\" src=\"http:\/\/blogs2.abo.fi\/ovningsdaghem\/wp-content\/uploads\/sites\/159\/2021\/10\/Huhtinen-300x300.jpg\" alt=\"\" width=\"300\" height=\"300\" srcset=\"https:\/\/blogs2.abo.fi\/ovningsdaghem\/wp-content\/uploads\/sites\/159\/2021\/10\/Huhtinen-300x300.jpg 300w, https:\/\/blogs2.abo.fi\/ovningsdaghem\/wp-content\/uploads\/sites\/159\/2021\/10\/Huhtinen-150x150.jpg 150w, https:\/\/blogs2.abo.fi\/ovningsdaghem\/wp-content\/uploads\/sites\/159\/2021\/10\/Huhtinen-624x624.jpg 624w, https:\/\/blogs2.abo.fi\/ovningsdaghem\/wp-content\/uploads\/sites\/159\/2021\/10\/Huhtinen.jpg 640w\" sizes=\"auto, (max-width: 300px) 100vw, 300px\" \/><\/p>\n<h1>Huktis daghem<\/h1>\n<p><strong>Daghemmets ort: <\/strong>Borg\u00e5<\/p>\n<p><strong>Daghemmets storlek:<\/strong>\u00a0Fyra avdelningar, ungef\u00e4r 65 barn<\/p>\n<p><strong>Vi verkar p\u00e5 f\u00f6ljande spr\u00e5k: <\/strong>svenska och finska (2+2)<\/p>\n<p><strong>V\u00e5r pedagogiska grundsyn: <\/strong>Den grundl\u00e4ggande tryggheten bottnar i n\u00e4rvarande fostrares positiva arbetsgrepp som uppmuntrar och st\u00f6der barnet. Barnet f\u00e5r medk\u00e4nsla och empati. En tydlig och f\u00f6rutsebar struktur ger tillr\u00e4ckligt med tid f\u00f6r den grundl\u00e4ggande v\u00e5rden.<\/p>\n<p>Vi lyssnar p\u00e5 barnet, barnet blir h\u00f6rt. Tillsammans med f\u00f6r\u00e4ldrarna skapar vi en positiv uppv\u00e4xtmilj\u00f6, d\u00e4r barnet stegvis blir mera sj\u00e4lvst\u00e4ndigt och l\u00e4r sig att ta h\u00e4nsyn till andra m\u00e4nniskor. Barnet blir accepterat som det \u00e4r, som sin egen v\u00e4rdefulla person. Barnets individualitet respekteras, vi s\u00e4tter ord p\u00e5 barnets styrkor f\u00f6r att ocks\u00e5 \u00f6vertyga barnet sj\u00e4lvt om sina egna styrkor. Vi st\u00f6der utvecklingen av barnets personliga egenskaper. Vi ger rum f\u00f6r diskussioner.<\/p>\n<p>Barnens intressen utg\u00f6r grunden f\u00f6r verksamheten. Leken utvecklas med hj\u00e4lp av barnens fantasi. Vi undviker att begr\u00e4nsa barnets kreativitet. Varje stund under barnets dag i sm\u00e5barnspedagogiken \u00e4r betydelsefull.<\/p>\n<p><strong>Varf\u00f6r ska studerande g\u00f6ra praktik p\u00e5 v\u00e5rt daghem?: <\/strong>Vi \u00e4r ett litet daghem n\u00e4ra historiska Borg\u00e5 med m\u00e5nga erfarna pedagoger som trivs med sitt jobb. Trygghet, gl\u00e4dje att l\u00e4ra sig och vikten av att alla m\u00e5r bra och trivs \u00e4r viktigt f\u00f6r oss. Dessutom ligger v\u00e5rt daghem precis intill en friluftsstig samt en utomordentlig lekpark, som vi l\u00e4tt kan bes\u00f6ka utan att g\u00e5 \u00f6ver n\u00e5gra farliga v\u00e4gar.<\/p>\n<p><strong>Vi kan erbjuda boende f\u00f6r den studerande under praktiktiden: <\/strong>Nej<\/p>\n<p><strong>Vi kan hj\u00e4lpa till att s\u00f6ka boende f\u00f6r den studerande under praktiktiden:\u00a0<\/strong>Nej<\/p>\n","protected":false},"excerpt":{"rendered":"<p>Huktis daghem Daghemmets ort: Borg\u00e5 Daghemmets storlek:\u00a0Fyra avdelningar, ungef\u00e4r 65 barn Vi verkar p\u00e5 f\u00f6ljande spr\u00e5k: svenska och finska (2+2) V\u00e5r pedagogiska grundsyn: Den grundl\u00e4ggande tryggheten bottnar i n\u00e4rvarande fostrares positiva arbetsgrepp som uppmuntrar och st\u00f6der barnet. Barnet f\u00e5r medk\u00e4nsla och empati. En tydlig och f\u00f6rutsebar struktur ger tillr\u00e4ckligt med tid f\u00f6r den grundl\u00e4ggande v\u00e5rden. &hellip; <a href=\"https:\/\/blogs2.abo.fi\/ovningsdaghem\/667-2\/\" class=\"more-link\">Forts\u00e4tt l\u00e4sa <span class=\"screen-reader-text\">Huktis daghem<\/span><\/a><\/p>\n","protected":false},"author":641,"featured_media":0,"parent":0,"menu_order":0,"comment_status":"closed","ping_status":"closed","template":"","meta":{"footnotes":""},"class_list":["post-667","page","type-page","status-publish","hentry"],"_links":{"self":[{"href":"https:\/\/blogs2.abo.fi\/ovningsdaghem\/wp-json\/wp\/v2\/pages\/667","targetHints":{"allow":["GET"]}}],"collection":[{"href":"https:\/\/blogs2.abo.fi\/ovningsdaghem\/wp-json\/wp\/v2\/pages"}],"about":[{"href":"https:\/\/blogs2.abo.fi\/ovningsdaghem\/wp-json\/wp\/v2\/types\/page"}],"author":[{"embeddable":true,"href":"https:\/\/blogs2.abo.fi\/ovningsdaghem\/wp-json\/wp\/v2\/users\/641"}],"replies":[{"embeddable":true,"href":"https:\/\/blogs2.abo.fi\/ovningsdaghem\/wp-json\/wp\/v2\/comments?post=667"}],"version-history":[{"count":4,"href":"https:\/\/blogs2.abo.fi\/ovningsdaghem\/wp-json\/wp\/v2\/pages\/667\/revisions"}],"predecessor-version":[{"id":1109,"href":"https:\/\/blogs2.abo.fi\/ovningsdaghem\/wp-json\/wp\/v2\/pages\/667\/revisions\/1109"}],"wp:attachment":[{"href":"https:\/\/blogs2.abo.fi\/ovningsdaghem\/wp-json\/wp\/v2\/media?parent=667"}],"curies":[{"name":"wp","href":"https:\/\/api.w.org\/{rel}","templated":true}]}}