{"id":663,"date":"2021-10-05T11:40:54","date_gmt":"2021-10-05T08:40:54","guid":{"rendered":"https:\/\/blogs2.abo.fi\/ovningsdaghem\/?page_id=663"},"modified":"2024-10-21T09:35:55","modified_gmt":"2024-10-21T06:35:55","slug":"lappvik-daghem","status":"publish","type":"page","link":"https:\/\/blogs2.abo.fi\/ovningsdaghem\/lappvik-daghem\/","title":{"rendered":"Lappvik daghem"},"content":{"rendered":"<h6><img loading=\"lazy\" decoding=\"async\" class=\"alignnone size-full wp-image-1122\" src=\"http:\/\/blogs2.abo.fi\/ovningsdaghem\/wp-content\/uploads\/sites\/159\/2024\/06\/lappohjakansi.jpg\" alt=\"\" width=\"710\" height=\"474\" srcset=\"https:\/\/blogs2.abo.fi\/ovningsdaghem\/wp-content\/uploads\/sites\/159\/2024\/06\/lappohjakansi.jpg 710w, https:\/\/blogs2.abo.fi\/ovningsdaghem\/wp-content\/uploads\/sites\/159\/2024\/06\/lappohjakansi-300x200.jpg 300w\" sizes=\"auto, (max-width: 710px) 100vw, 710px\" \/>Bilden h\u00e4mtad fr\u00e5n<a href=\"https:\/\/hanko.fi\/sv\/smabarnspedagogik-och-utbildning\/smabarnspedagogik\/daghemmen\/lappvik-daghem\/\"> Hang\u00f6 stads hemsida\u00a0 \u00a0<\/a><\/h6>\n<h1>Lappvik daghem<\/h1>\n<p><strong>Daghemmets ort: <\/strong><br \/>\nLappvik daghem h\u00f6r till Hang\u00f6 stads sm\u00e5barnspedagogik. Daghemmet befinner sig i Lappvik, vilket geografiskt ligger mellan Hang\u00f6 och Raseborg\/Eken\u00e4s.<\/p>\n<p><strong>Daghemmets storlek: <\/strong><br \/>\nLappvik daghem best\u00e5r av en administrativ barngrupp med f\u00f6r n\u00e4rvarande 16 barn. Barngruppen delas i verksamheten upp i sm\u00e5grupper, l\u00e5ngt utg\u00e5ende ifr\u00e5n spr\u00e5k och \u00e5lder.<\/p>\n<p><strong>Vi verkar p\u00e5 f\u00f6ljande spr\u00e5k: <\/strong><br \/>\nDaghemmet \u00e4r tv\u00e5spr\u00e5kigt, s\u00e5 v\u00e5rt undervisningsspr\u00e5k \u00e4r svenska och finska.<\/p>\n<p><strong>V\u00e5r pedagogiska grundsyn och v\u00e5r pedagogik i korthet: <\/strong><br \/>\nV\u00e5r pedagogiska grundsyn baserar sig p\u00e5 planerna f\u00f6r sm\u00e5barnspedagogik och f\u00f6rskola. Vi erbjuder barnen en trygg, varm och positiv vardag i en lugn och harmonisk milj\u00f6. Genom varierande verksamhet bygger vi en grund f\u00f6r l\u00e4rande, d\u00e4r vi utg\u00e5r ifr\u00e5n barnens tidigare erfarenheter och kunskaper.<\/p>\n<p>Lekens betydelse ses som en viktig del av barnets vardag. Genom s\u00e5v\u00e4l den fria- som handledda leken skapar vi f\u00f6ruts\u00e4ttningar f\u00f6r barnen att l\u00e4ra och tr\u00e4na bland annat sociala f\u00e4rdigheter. Vi utformar inspirerande och m\u00e5ngsidiga l\u00e4rmilj\u00f6er enligt barnens intressen, behov och f\u00f6ruts\u00e4ttningar.<\/p>\n<p>Genom ett f\u00f6rtroendefullt samarbete med v\u00e5rdnadshavarna str\u00e4var vi till att tillsammans st\u00f6da barnet i dess utveckling, fostran och l\u00e4rande. V\u00e5rdnadshavarna ges m\u00f6jlighet att vara delaktiga i v\u00e5r planering och verksamhet.<\/p>\n<p><strong>Varf\u00f6r ska studerande g\u00f6ra praktik p\u00e5 v\u00e5rt daghem?<br \/>\n<\/strong> Lappvik daghem \u00e4r en liten men m\u00e5ngsidig enhet d\u00e4r studerande f\u00e5r inblick i det som sm\u00e5barnspedagogiken har att erbjuda. V\u00e5rt daghem \u00e4r bel\u00e4get alldeles n\u00e4ra skog och strand, s\u00e5 vi vistas mycket utomhus b\u00e5de p\u00e5 g\u00e5rden och i v\u00e5r n\u00e4rmilj\u00f6. Personalen \u00e4r kompetent med god gemenskap, och vi tar med gl\u00e4dje emot studerande vid v\u00e5r enhet.<\/p>\n<p><strong>Vi kan erbjuda boende f\u00f6r den studerande under praktiktiden: <\/strong>Nej<\/p>\n<p><strong>Vi kan hj\u00e4lpa till att s\u00f6ka boende f\u00f6r den studerande under praktiktiden:<\/strong> Ja<\/p>\n","protected":false},"excerpt":{"rendered":"<p>Bilden h\u00e4mtad fr\u00e5n Hang\u00f6 stads hemsida\u00a0 \u00a0 Lappvik daghem Daghemmets ort: Lappvik daghem h\u00f6r till Hang\u00f6 stads sm\u00e5barnspedagogik. Daghemmet befinner sig i Lappvik, vilket geografiskt ligger mellan Hang\u00f6 och Raseborg\/Eken\u00e4s. Daghemmets storlek: Lappvik daghem best\u00e5r av en administrativ barngrupp med f\u00f6r n\u00e4rvarande 16 barn. Barngruppen delas i verksamheten upp i sm\u00e5grupper, l\u00e5ngt utg\u00e5ende ifr\u00e5n spr\u00e5k &hellip; <a href=\"https:\/\/blogs2.abo.fi\/ovningsdaghem\/lappvik-daghem\/\" class=\"more-link\">Forts\u00e4tt l\u00e4sa <span class=\"screen-reader-text\">Lappvik daghem<\/span><\/a><\/p>\n","protected":false},"author":641,"featured_media":0,"parent":0,"menu_order":0,"comment_status":"closed","ping_status":"closed","template":"","meta":{"footnotes":""},"class_list":["post-663","page","type-page","status-publish","hentry"],"_links":{"self":[{"href":"https:\/\/blogs2.abo.fi\/ovningsdaghem\/wp-json\/wp\/v2\/pages\/663","targetHints":{"allow":["GET"]}}],"collection":[{"href":"https:\/\/blogs2.abo.fi\/ovningsdaghem\/wp-json\/wp\/v2\/pages"}],"about":[{"href":"https:\/\/blogs2.abo.fi\/ovningsdaghem\/wp-json\/wp\/v2\/types\/page"}],"author":[{"embeddable":true,"href":"https:\/\/blogs2.abo.fi\/ovningsdaghem\/wp-json\/wp\/v2\/users\/641"}],"replies":[{"embeddable":true,"href":"https:\/\/blogs2.abo.fi\/ovningsdaghem\/wp-json\/wp\/v2\/comments?post=663"}],"version-history":[{"count":6,"href":"https:\/\/blogs2.abo.fi\/ovningsdaghem\/wp-json\/wp\/v2\/pages\/663\/revisions"}],"predecessor-version":[{"id":1264,"href":"https:\/\/blogs2.abo.fi\/ovningsdaghem\/wp-json\/wp\/v2\/pages\/663\/revisions\/1264"}],"wp:attachment":[{"href":"https:\/\/blogs2.abo.fi\/ovningsdaghem\/wp-json\/wp\/v2\/media?parent=663"}],"curies":[{"name":"wp","href":"https:\/\/api.w.org\/{rel}","templated":true}]}}