{"id":656,"date":"2021-10-05T11:21:57","date_gmt":"2021-10-05T08:21:57","guid":{"rendered":"https:\/\/blogs2.abo.fi\/ovningsdaghem\/?page_id=656"},"modified":"2024-06-25T10:39:15","modified_gmt":"2024-06-25T07:39:15","slug":"munksnas-smabarnsskola","status":"publish","type":"page","link":"https:\/\/blogs2.abo.fi\/ovningsdaghem\/munksnas-smabarnsskola\/","title":{"rendered":"Munksn\u00e4s sm\u00e5barnsskola"},"content":{"rendered":"<h1>\u00a0<img loading=\"lazy\" decoding=\"async\" class=\"alignnone wp-image-660 size-full\" src=\"http:\/\/blogs2.abo.fi\/ovningsdaghem\/wp-content\/uploads\/sites\/159\/2021\/10\/Munksnas-4.jpg\" alt=\"\" width=\"773\" height=\"512\" srcset=\"https:\/\/blogs2.abo.fi\/ovningsdaghem\/wp-content\/uploads\/sites\/159\/2021\/10\/Munksnas-4.jpg 773w, https:\/\/blogs2.abo.fi\/ovningsdaghem\/wp-content\/uploads\/sites\/159\/2021\/10\/Munksnas-4-300x199.jpg 300w, https:\/\/blogs2.abo.fi\/ovningsdaghem\/wp-content\/uploads\/sites\/159\/2021\/10\/Munksnas-4-768x509.jpg 768w, https:\/\/blogs2.abo.fi\/ovningsdaghem\/wp-content\/uploads\/sites\/159\/2021\/10\/Munksnas-4-624x413.jpg 624w\" sizes=\"auto, (max-width: 773px) 100vw, 773px\" \/>Munksn\u00e4s sm\u00e5barnsskola<\/h1>\n<p><strong>Daghemmets ort: <\/strong>Helsingfors<\/p>\n<p><strong>Daghemmets storlek: <\/strong>3 avdelningar, 47 barn<\/p>\n<p>Vi har 47 barn i \u00e5ldern 1 &#8211; 5 \u00e5r. Barnen \u00e4r indelade i tre barngrupper. I Krabatgruppen finns 8 barn i \u00e5lder 1 &#8211; 2 \u00e5r tillsammans med 1 l\u00e4rare i sm\u00e5barnspedagogik och 1 barnsk\u00f6tare i sm\u00e5barnspedagogik. Vid \u00e5rsskiftet b\u00f6rjar fyra barn till hos Krabaterna och \u00e4ven 1 l\u00e4rare i sm\u00e5barnspedagogik.<\/p>\n<p>Hos Lurifaxer finns det 20 barn i \u00e5ldern 3 &#8211; 5 \u00e5r finns det 2 l\u00e4rare i sm\u00e5barnspedagogik och 1 barnsk\u00f6tare i sm\u00e5barnspedagogik.<\/p>\n<p>Den tredje gruppen heter Filurer och h\u00e4r finns 15 barn i \u00e5lder 2,5 &#8211; 5 \u00e5r, med dem jobbar 2 l\u00e4rare i sm\u00e5barnspedagogik och 1 barnsk\u00f6tare i sm\u00e5barnspedagogik.<\/p>\n<p><strong>Vi verkar p\u00e5 f\u00f6ljande spr\u00e5k:<\/strong>Svenska<\/p>\n<p><strong>V\u00e5r pedagogiska grundsyn: <\/strong>Barnets b\u00e4sta och dess intressen, styrkor utg\u00f6r grunden f\u00f6r verksamheten. Barnet m\u00f6ts av trygghet och n\u00e4rhet samtidigt som de blir sedda, h\u00f6rda och bekr\u00e4ftade. D\u00e4rtill erbjuder vi barnet en till\u00e5tande, positiv milj\u00f6 att v\u00e4xa i d\u00e4r barnet bem\u00f6ts med respekt, empati och tillit. Vi v\u00e4rnar om m\u00e5ngfalden och st\u00f6der barnet samh\u00f6righetsk\u00e4nsla samtidigt som vi har respekt f\u00f6r individen.<\/p>\n<p>Milj\u00f6n omformas s\u00e5 att barnets egenv\u00e4rde och r\u00f6st h\u00f6rs. Barnets och vuxnas delaktighet \u00e4r n\u00e5got som genomsyrar verksamheten. Barnen skapar sin l\u00e4rmilj\u00f6 tillsammans med pedagogerna. Barnen p\u00e5verkar sin vardag och barnets m\u00f6jlighet att p\u00e5verka sin vardag st\u00f6der barnets l\u00e4rande och bekr\u00e4ftar barnet som individ och en del av gruppen. V\u00e5rdnadshavarnas delaktighet \u00e4r viktigt f\u00f6r oss och vi bjuder in till dialog och diskussioner. \u00c4ven v\u00e5rdnadshavarnas delaktighet vad g\u00e4ller verksamheten \u00e4r n\u00e5got vi vill f\u00f6rst\u00e4rka.<\/p>\n<p><strong>V\u00e5r pedagogik: <\/strong>Leken har en central roll och vi erbjuder en m\u00e5ngsidig verksamhet och milj\u00f6 d\u00e4r spr\u00e5ket har en stor betydelse. Vi st\u00f6der barnets spr\u00e5kliga identitet p\u00e5 ett lekfullt, kreativt och fantasifullt s\u00e4tt. Vi st\u00f6der barnet spr\u00e5kliga medvetenhet och deras kommunikation med andra. De spr\u00e5kliga f\u00e4rdigheterna har ocks\u00e5 en stor betydelse f\u00f6r den sociala samvaron. D\u00e4rmed arbetar vi ocks\u00e5 f\u00f6r en stark sammanh\u00e5llning och f\u00f6rst\u00e4rker gruppdynamiken genom att arbeta med k\u00e4nslor, st\u00f6da barnens lekar i olika sammans\u00e4ttningar, fundera p\u00e5 olika egenskaper hos en bra v\u00e4n har och hur man kan l\u00f6sa olika sociala situationer.<\/p>\n<p>Vi satsar p\u00e5 det svenska spr\u00e5ket och utvecklar v\u00e5rt s\u00e4tt att uttrycka oss p\u00e5 m\u00e5nga olika s\u00e4tt och l\u00e4r oss av v\u00e5ra upplevelser genom ett dialogiskt f\u00f6rh\u00e5llande i en l\u00e4rande gemenskap<em>. <\/em>Vi v\u00e4rnar om en m\u00e5ngsidig verksamhet i form av r\u00f6relse (bl.a. capoeira, yoga), milj\u00f6- och naturupplevelser (Mulleskogen), konst, musik, samt multimediala arbetsformer.<\/p>\n<p>Vi arbetar med egenv\u00e5rdarmodellen och d\u00e5 barnet b\u00f6rjar hos oss g\u00f6r vi hembes\u00f6k till familjerna.<\/p>\n<p><strong>Varf\u00f6r ska studerande g\u00f6ra praktik p\u00e5 v\u00e5rt daghem? <\/strong>Munksn\u00e4s sm\u00e5barnsskola \u00e4r en av Stiftelsen Sedmigradskys tre privata daghem och ligger i stadsdelen Munksn\u00e4s i Helsingfors. Vi kan erbjuda en praktikplats i v\u00e5rt daghem d\u00e4r det jobbar beh\u00f6rig, tillr\u00e4cklig personal och vi har en extra resurs i personalen. Utg\u00e5ende fr\u00e5n den studerandes synvinkel s\u00e5 finns det tid att planera, ut\u00f6va aktiviteter och utv\u00e4rdera individuellt och tillsammans med sin handledare. Studeranden f\u00e5r \u00e4ta gratis lunch som g\u00f6rs p\u00e5 plats av v\u00e5r egen kock.<\/p>\n<p>Det \u00e4r viktigt att studeranden \u00e4r aktiva, fr\u00e5gvisa och reflekterande. Vi h\u00f6r g\u00e4rna den studerandens tankar, fr\u00e5gor och id\u00e9er. Vi \u00e4r en l\u00e4rande organisation som utg\u00e5r fr\u00e5n att alla som jobbar inom Stiftelsen Sedmigradsky l\u00e4r oss av varandra och allra fr\u00e4mst med och av barnen. Vi anser att i samverkan med studeranden har vi mycket att l\u00e4ra oss av studeranden och vi kan erbjuda er m\u00f6jligheten att l\u00e4ra er n\u00e5got av oss.<\/p>\n<p><strong>Vi kan erbjuda boende f\u00f6r den studerande under praktiktiden: <\/strong>Nej<\/p>\n<p><strong>Vi kan hj\u00e4lpa till att s\u00f6ka boende f\u00f6r den studerande under praktiktiden:\u00a0 <\/strong>Ja<\/p>\n<p><img loading=\"lazy\" decoding=\"async\" class=\"alignnone size-medium wp-image-659\" src=\"http:\/\/blogs2.abo.fi\/ovningsdaghem\/wp-content\/uploads\/sites\/159\/2021\/10\/Munksnas-3-300x184.jpg\" alt=\"\" width=\"300\" height=\"184\" srcset=\"https:\/\/blogs2.abo.fi\/ovningsdaghem\/wp-content\/uploads\/sites\/159\/2021\/10\/Munksnas-3-300x184.jpg 300w, https:\/\/blogs2.abo.fi\/ovningsdaghem\/wp-content\/uploads\/sites\/159\/2021\/10\/Munksnas-3-624x382.jpg 624w, https:\/\/blogs2.abo.fi\/ovningsdaghem\/wp-content\/uploads\/sites\/159\/2021\/10\/Munksnas-3.jpg 668w\" sizes=\"auto, (max-width: 300px) 100vw, 300px\" \/> <img loading=\"lazy\" decoding=\"async\" class=\"alignnone size-medium wp-image-658\" src=\"http:\/\/blogs2.abo.fi\/ovningsdaghem\/wp-content\/uploads\/sites\/159\/2021\/10\/Munksnas-2-300x256.jpg\" alt=\"\" width=\"300\" height=\"256\" srcset=\"https:\/\/blogs2.abo.fi\/ovningsdaghem\/wp-content\/uploads\/sites\/159\/2021\/10\/Munksnas-2-300x256.jpg 300w, https:\/\/blogs2.abo.fi\/ovningsdaghem\/wp-content\/uploads\/sites\/159\/2021\/10\/Munksnas-2-624x533.jpg 624w, https:\/\/blogs2.abo.fi\/ovningsdaghem\/wp-content\/uploads\/sites\/159\/2021\/10\/Munksnas-2.jpg 706w\" sizes=\"auto, (max-width: 300px) 100vw, 300px\" \/><\/p>\n","protected":false},"excerpt":{"rendered":"<p>\u00a0Munksn\u00e4s sm\u00e5barnsskola Daghemmets ort: Helsingfors Daghemmets storlek: 3 avdelningar, 47 barn Vi har 47 barn i \u00e5ldern 1 &#8211; 5 \u00e5r. Barnen \u00e4r indelade i tre barngrupper. I Krabatgruppen finns 8 barn i \u00e5lder 1 &#8211; 2 \u00e5r tillsammans med 1 l\u00e4rare i sm\u00e5barnspedagogik och 1 barnsk\u00f6tare i sm\u00e5barnspedagogik. Vid \u00e5rsskiftet b\u00f6rjar fyra barn till &hellip; <a href=\"https:\/\/blogs2.abo.fi\/ovningsdaghem\/munksnas-smabarnsskola\/\" class=\"more-link\">Forts\u00e4tt l\u00e4sa <span class=\"screen-reader-text\">Munksn\u00e4s sm\u00e5barnsskola<\/span><\/a><\/p>\n","protected":false},"author":641,"featured_media":0,"parent":0,"menu_order":0,"comment_status":"closed","ping_status":"closed","template":"","meta":{"footnotes":""},"class_list":["post-656","page","type-page","status-publish","hentry"],"_links":{"self":[{"href":"https:\/\/blogs2.abo.fi\/ovningsdaghem\/wp-json\/wp\/v2\/pages\/656","targetHints":{"allow":["GET"]}}],"collection":[{"href":"https:\/\/blogs2.abo.fi\/ovningsdaghem\/wp-json\/wp\/v2\/pages"}],"about":[{"href":"https:\/\/blogs2.abo.fi\/ovningsdaghem\/wp-json\/wp\/v2\/types\/page"}],"author":[{"embeddable":true,"href":"https:\/\/blogs2.abo.fi\/ovningsdaghem\/wp-json\/wp\/v2\/users\/641"}],"replies":[{"embeddable":true,"href":"https:\/\/blogs2.abo.fi\/ovningsdaghem\/wp-json\/wp\/v2\/comments?post=656"}],"version-history":[{"count":3,"href":"https:\/\/blogs2.abo.fi\/ovningsdaghem\/wp-json\/wp\/v2\/pages\/656\/revisions"}],"predecessor-version":[{"id":1094,"href":"https:\/\/blogs2.abo.fi\/ovningsdaghem\/wp-json\/wp\/v2\/pages\/656\/revisions\/1094"}],"wp:attachment":[{"href":"https:\/\/blogs2.abo.fi\/ovningsdaghem\/wp-json\/wp\/v2\/media?parent=656"}],"curies":[{"name":"wp","href":"https:\/\/api.w.org\/{rel}","templated":true}]}}