{"id":651,"date":"2021-10-05T11:10:56","date_gmt":"2021-10-05T08:10:56","guid":{"rendered":"https:\/\/blogs2.abo.fi\/ovningsdaghem\/?page_id=651"},"modified":"2024-06-25T10:02:19","modified_gmt":"2024-06-25T07:02:19","slug":"651-2","status":"publish","type":"page","link":"https:\/\/blogs2.abo.fi\/ovningsdaghem\/651-2\/","title":{"rendered":"Petalax f\u00f6rskola"},"content":{"rendered":"<h1><img loading=\"lazy\" decoding=\"async\" class=\"alignnone wp-image-652 size-large\" src=\"http:\/\/blogs2.abo.fi\/ovningsdaghem\/wp-content\/uploads\/sites\/159\/2021\/10\/Petalax-forskola-1024x768.jpg\" alt=\"\" width=\"660\" height=\"495\" srcset=\"https:\/\/blogs2.abo.fi\/ovningsdaghem\/wp-content\/uploads\/sites\/159\/2021\/10\/Petalax-forskola-1024x768.jpg 1024w, https:\/\/blogs2.abo.fi\/ovningsdaghem\/wp-content\/uploads\/sites\/159\/2021\/10\/Petalax-forskola-300x225.jpg 300w, https:\/\/blogs2.abo.fi\/ovningsdaghem\/wp-content\/uploads\/sites\/159\/2021\/10\/Petalax-forskola-768x576.jpg 768w, https:\/\/blogs2.abo.fi\/ovningsdaghem\/wp-content\/uploads\/sites\/159\/2021\/10\/Petalax-forskola-1536x1152.jpg 1536w, https:\/\/blogs2.abo.fi\/ovningsdaghem\/wp-content\/uploads\/sites\/159\/2021\/10\/Petalax-forskola-2048x1536.jpg 2048w, https:\/\/blogs2.abo.fi\/ovningsdaghem\/wp-content\/uploads\/sites\/159\/2021\/10\/Petalax-forskola-624x468.jpg 624w\" sizes=\"auto, (max-width: 660px) 100vw, 660px\" \/><\/h1>\n<h1>Petalax f\u00f6rskola<\/h1>\n<p><strong>Daghemmets ort:<\/strong> Petalax<\/p>\n<p><strong>Daghemmets storlek:<\/strong> 1 avdelning, 8 barn.<\/p>\n<p><strong>Vi verkar p\u00e5 f\u00f6ljande spr\u00e5k: <\/strong>Svenska<\/p>\n<p><strong>V\u00e5r pedagogiska grundsyn: <\/strong> Vid Petalax f\u00f6rskola \u00e4r barnen aktiva. Det \u00e4r barnen som ska vara aktiva, utforska och l\u00e4ra sig om v\u00e4rlden. L\u00e4raren ska fungera som handledare.<\/p>\n<p>Barnen ska k\u00e4nna sig trygga i l\u00e4rmilj\u00f6erna och d\u00e4rf\u00f6r \u00e4r respekt och tillit n\u00e5got som vi v\u00e4rdes\u00e4tter mycket i v\u00e5r verksamhet.<\/p>\n<p><strong>V\u00e5r pedagogik: <\/strong>Barnen och l\u00e4raren ska samarbeta f\u00f6r att uppn\u00e5 de m\u00e5l som s\u00e4tts fram i l\u00e4roplanen samt barnens egna f\u00f6rskoleplan. Barnen ska ha m\u00f6jlighet att p\u00e5verka det de vill l\u00e4ra sig mera om, till exempel om olika teman som rymden, kroppen, historia med mera.<\/p>\n<p>Vid Petalax f\u00f6rskola anv\u00e4nder vi oss flitigt av utomhuspedagogik.<\/p>\n<p><strong>Varf\u00f6r ska studerande g\u00f6ra praktik p\u00e5 v\u00e5rt daghem?:<\/strong> Petalax f\u00f6rskola erbjuder en chans att f\u00e5 arbeta med en mindre grupp barn vilket ger en b\u00e4ttre m\u00f6jlighet att se den enskilda individen.<\/p>\n<p><strong>Vi kan erbjuda boende f\u00f6r den studerande under praktiktiden: <\/strong>Nej.<\/p>\n<p><strong>Vi kan hj\u00e4lpa till att s\u00f6ka boende f\u00f6r den studerande under praktiktiden:\u00a0<\/strong>Nej.<\/p>\n","protected":false},"excerpt":{"rendered":"<p>Petalax f\u00f6rskola Daghemmets ort: Petalax Daghemmets storlek: 1 avdelning, 8 barn. Vi verkar p\u00e5 f\u00f6ljande spr\u00e5k: Svenska V\u00e5r pedagogiska grundsyn: Vid Petalax f\u00f6rskola \u00e4r barnen aktiva. Det \u00e4r barnen som ska vara aktiva, utforska och l\u00e4ra sig om v\u00e4rlden. L\u00e4raren ska fungera som handledare. Barnen ska k\u00e4nna sig trygga i l\u00e4rmilj\u00f6erna och d\u00e4rf\u00f6r \u00e4r respekt &hellip; <a href=\"https:\/\/blogs2.abo.fi\/ovningsdaghem\/651-2\/\" class=\"more-link\">Forts\u00e4tt l\u00e4sa <span class=\"screen-reader-text\">Petalax f\u00f6rskola<\/span><\/a><\/p>\n","protected":false},"author":641,"featured_media":0,"parent":0,"menu_order":0,"comment_status":"closed","ping_status":"closed","template":"","meta":{"footnotes":""},"class_list":["post-651","page","type-page","status-publish","hentry"],"_links":{"self":[{"href":"https:\/\/blogs2.abo.fi\/ovningsdaghem\/wp-json\/wp\/v2\/pages\/651","targetHints":{"allow":["GET"]}}],"collection":[{"href":"https:\/\/blogs2.abo.fi\/ovningsdaghem\/wp-json\/wp\/v2\/pages"}],"about":[{"href":"https:\/\/blogs2.abo.fi\/ovningsdaghem\/wp-json\/wp\/v2\/types\/page"}],"author":[{"embeddable":true,"href":"https:\/\/blogs2.abo.fi\/ovningsdaghem\/wp-json\/wp\/v2\/users\/641"}],"replies":[{"embeddable":true,"href":"https:\/\/blogs2.abo.fi\/ovningsdaghem\/wp-json\/wp\/v2\/comments?post=651"}],"version-history":[{"count":4,"href":"https:\/\/blogs2.abo.fi\/ovningsdaghem\/wp-json\/wp\/v2\/pages\/651\/revisions"}],"predecessor-version":[{"id":1073,"href":"https:\/\/blogs2.abo.fi\/ovningsdaghem\/wp-json\/wp\/v2\/pages\/651\/revisions\/1073"}],"wp:attachment":[{"href":"https:\/\/blogs2.abo.fi\/ovningsdaghem\/wp-json\/wp\/v2\/media?parent=651"}],"curies":[{"name":"wp","href":"https:\/\/api.w.org\/{rel}","templated":true}]}}