{"id":632,"date":"2021-09-28T16:22:00","date_gmt":"2021-09-28T13:22:00","guid":{"rendered":"https:\/\/blogs2.abo.fi\/ovningsdaghem\/?page_id=632"},"modified":"2024-06-25T09:58:34","modified_gmt":"2024-06-25T06:58:34","slug":"gerby-daghem","status":"publish","type":"page","link":"https:\/\/blogs2.abo.fi\/ovningsdaghem\/gerby-daghem\/","title":{"rendered":"Gerby daghem och f\u00f6rskola"},"content":{"rendered":"<h1><img loading=\"lazy\" decoding=\"async\" class=\"alignnone wp-image-633 size-full\" src=\"http:\/\/blogs2.abo.fi\/ovningsdaghem\/wp-content\/uploads\/sites\/159\/2021\/09\/gerbydaghem1.jpg\" alt=\"\" width=\"750\" height=\"362\" srcset=\"https:\/\/blogs2.abo.fi\/ovningsdaghem\/wp-content\/uploads\/sites\/159\/2021\/09\/gerbydaghem1.jpg 750w, https:\/\/blogs2.abo.fi\/ovningsdaghem\/wp-content\/uploads\/sites\/159\/2021\/09\/gerbydaghem1-300x145.jpg 300w, https:\/\/blogs2.abo.fi\/ovningsdaghem\/wp-content\/uploads\/sites\/159\/2021\/09\/gerbydaghem1-624x301.jpg 624w\" sizes=\"auto, (max-width: 750px) 100vw, 750px\" \/><\/h1>\n<h1>Gerby daghem och f\u00f6rskola<\/h1>\n<p><strong>Daghemmets ort: <\/strong>Vasa<\/p>\n<p><strong>Daghemmets storlek: <\/strong>10 avdelningar, barn i \u00e5ldrarna 1-6 \u00e5r<\/p>\n<p><strong>Vi verkar p\u00e5 f\u00f6ljande spr\u00e5k: <\/strong>Svenska<\/p>\n<p><strong>V\u00e5r pedagogiska grundsyn: <\/strong>Vi vill skapa en trygg milj\u00f6 d\u00e4r barnet f\u00e5r utvecklas enligt sina egna f\u00f6ruts\u00e4ttningar. Alla barn skall f\u00e5r uppleva lek och gl\u00e4dje. L\u00e4rande sker genom lek och barnen ska f\u00e5 var delaktiga i planeringen av verksamheten och deras vardag. Vi bem\u00f6ter alla med respekt och v\u00e4nlighet.<\/p>\n<p><strong>V\u00e5r pedagogik: <\/strong>Vid Gerby daghem l\u00e4gger vi stor vikt vid r\u00f6relse och r\u00f6relsegl\u00e4dje. Vi \u00e4r till exempel med i projektetet \u201dFart p\u00e5 f\u00f6tterna\u201d vilket ocks\u00e5 syns i v\u00e5r verksamhet.<\/p>\n<p>Vi str\u00e4var efter att jobba s\u00e5 mycket som m\u00f6jligt i sm\u00e5 grupper under dagen.<\/p>\n<p>Vi v\u00e4rdes\u00e4tter leken och lekbaserat l\u00e4rande. Hos oss f\u00e5r leken synas och h\u00f6ras.<\/p>\n<p><strong>Varf\u00f6r ska studerande g\u00f6ra praktik p\u00e5 v\u00e5rt daghem?: <\/strong>Vi har nya fina utrymmen och n\u00e4ra till naturen. Kom till oss och se hur det kan fungera i en stor enhet!<\/p>\n<p><strong>Vi kan erbjuda boende f\u00f6r den studerande under praktiktiden: <\/strong>nej<\/p>\n<p><strong>Vi kan hj\u00e4lpa till att s\u00f6ka boende f\u00f6r den studerande under praktiktiden:\u00a0<\/strong> nej<\/p>\n<p><img loading=\"lazy\" decoding=\"async\" class=\"alignnone wp-image-634 size-large\" src=\"http:\/\/blogs2.abo.fi\/ovningsdaghem\/wp-content\/uploads\/sites\/159\/2021\/09\/gerbydaghem2-768x1024.jpg\" alt=\"\" width=\"660\" height=\"880\" srcset=\"https:\/\/blogs2.abo.fi\/ovningsdaghem\/wp-content\/uploads\/sites\/159\/2021\/09\/gerbydaghem2-768x1024.jpg 768w, https:\/\/blogs2.abo.fi\/ovningsdaghem\/wp-content\/uploads\/sites\/159\/2021\/09\/gerbydaghem2-225x300.jpg 225w, https:\/\/blogs2.abo.fi\/ovningsdaghem\/wp-content\/uploads\/sites\/159\/2021\/09\/gerbydaghem2-1152x1536.jpg 1152w, https:\/\/blogs2.abo.fi\/ovningsdaghem\/wp-content\/uploads\/sites\/159\/2021\/09\/gerbydaghem2-624x832.jpg 624w, https:\/\/blogs2.abo.fi\/ovningsdaghem\/wp-content\/uploads\/sites\/159\/2021\/09\/gerbydaghem2.jpg 1500w\" sizes=\"auto, (max-width: 660px) 100vw, 660px\" \/><\/p>\n","protected":false},"excerpt":{"rendered":"<p>Gerby daghem och f\u00f6rskola Daghemmets ort: Vasa Daghemmets storlek: 10 avdelningar, barn i \u00e5ldrarna 1-6 \u00e5r Vi verkar p\u00e5 f\u00f6ljande spr\u00e5k: Svenska V\u00e5r pedagogiska grundsyn: Vi vill skapa en trygg milj\u00f6 d\u00e4r barnet f\u00e5r utvecklas enligt sina egna f\u00f6ruts\u00e4ttningar. Alla barn skall f\u00e5r uppleva lek och gl\u00e4dje. L\u00e4rande sker genom lek och barnen ska f\u00e5 &hellip; <a href=\"https:\/\/blogs2.abo.fi\/ovningsdaghem\/gerby-daghem\/\" class=\"more-link\">Forts\u00e4tt l\u00e4sa <span class=\"screen-reader-text\">Gerby daghem och f\u00f6rskola<\/span><\/a><\/p>\n","protected":false},"author":641,"featured_media":0,"parent":0,"menu_order":0,"comment_status":"closed","ping_status":"closed","template":"","meta":{"footnotes":""},"class_list":["post-632","page","type-page","status-publish","hentry"],"_links":{"self":[{"href":"https:\/\/blogs2.abo.fi\/ovningsdaghem\/wp-json\/wp\/v2\/pages\/632","targetHints":{"allow":["GET"]}}],"collection":[{"href":"https:\/\/blogs2.abo.fi\/ovningsdaghem\/wp-json\/wp\/v2\/pages"}],"about":[{"href":"https:\/\/blogs2.abo.fi\/ovningsdaghem\/wp-json\/wp\/v2\/types\/page"}],"author":[{"embeddable":true,"href":"https:\/\/blogs2.abo.fi\/ovningsdaghem\/wp-json\/wp\/v2\/users\/641"}],"replies":[{"embeddable":true,"href":"https:\/\/blogs2.abo.fi\/ovningsdaghem\/wp-json\/wp\/v2\/comments?post=632"}],"version-history":[{"count":5,"href":"https:\/\/blogs2.abo.fi\/ovningsdaghem\/wp-json\/wp\/v2\/pages\/632\/revisions"}],"predecessor-version":[{"id":1069,"href":"https:\/\/blogs2.abo.fi\/ovningsdaghem\/wp-json\/wp\/v2\/pages\/632\/revisions\/1069"}],"wp:attachment":[{"href":"https:\/\/blogs2.abo.fi\/ovningsdaghem\/wp-json\/wp\/v2\/media?parent=632"}],"curies":[{"name":"wp","href":"https:\/\/api.w.org\/{rel}","templated":true}]}}