{"id":628,"date":"2021-09-28T16:14:49","date_gmt":"2021-09-28T13:14:49","guid":{"rendered":"https:\/\/blogs2.abo.fi\/ovningsdaghem\/?page_id=628"},"modified":"2024-06-25T10:44:29","modified_gmt":"2024-06-25T07:44:29","slug":"finno-daghem-och-forskola","status":"publish","type":"page","link":"https:\/\/blogs2.abo.fi\/ovningsdaghem\/finno-daghem-och-forskola\/","title":{"rendered":"Finno daghem och f\u00f6rskola"},"content":{"rendered":"<h1><img loading=\"lazy\" decoding=\"async\" class=\"alignnone wp-image-629 size-large\" src=\"http:\/\/blogs2.abo.fi\/ovningsdaghem\/wp-content\/uploads\/sites\/159\/2021\/09\/Finno-daghem-1600x600_72-1024x384.jpg\" alt=\"\" width=\"660\" height=\"248\" srcset=\"https:\/\/blogs2.abo.fi\/ovningsdaghem\/wp-content\/uploads\/sites\/159\/2021\/09\/Finno-daghem-1600x600_72-1024x384.jpg 1024w, https:\/\/blogs2.abo.fi\/ovningsdaghem\/wp-content\/uploads\/sites\/159\/2021\/09\/Finno-daghem-1600x600_72-300x113.jpg 300w, https:\/\/blogs2.abo.fi\/ovningsdaghem\/wp-content\/uploads\/sites\/159\/2021\/09\/Finno-daghem-1600x600_72-768x288.jpg 768w, https:\/\/blogs2.abo.fi\/ovningsdaghem\/wp-content\/uploads\/sites\/159\/2021\/09\/Finno-daghem-1600x600_72-624x234.jpg 624w, https:\/\/blogs2.abo.fi\/ovningsdaghem\/wp-content\/uploads\/sites\/159\/2021\/09\/Finno-daghem-1600x600_72.jpg 1280w\" sizes=\"auto, (max-width: 660px) 100vw, 660px\" \/><\/h1>\n<h1>Finno daghem och f\u00f6rskola<\/h1>\n<p><strong>Daghemmets ort: <\/strong>Esbo<\/p>\n<p><strong>Daghemmets storlek: <\/strong>6 &#8211; 7 grupper, ca 100 barn<\/p>\n<p><strong>Vi verkar p\u00e5 f\u00f6ljande spr\u00e5k: <\/strong>svenska<\/p>\n<p><strong>V\u00e5r pedagogiska grundsyn: <\/strong>P\u00e5 Finno daghem ser vi det enskilda barnets behov och erbjuder sm\u00e5barnspedagogik med betoning p\u00e5 barnets egna f\u00f6ruts\u00e4ttningar. Vi str\u00e4var efter att ha tydliga strukturer, vara proaktiva och skapa en positiv och uppmuntrande l\u00e4rmilj\u00f6.<\/p>\n<p><strong>V\u00e5r pedagogik: <\/strong>Finno daghem och f\u00f6rskola erbjuder plats f\u00f6r barn i behov av st\u00f6d. Vi har detta \u00e5r sex grupper varav tv\u00e5 \u00e4r integrerade sm\u00e5grupper f\u00f6r barn i behov av st\u00f6d. I en sm\u00e5grupp \u00e4r barnantalet l\u00e4gre och personalgruppen best\u00e5r av speciall\u00e4rare inom sm\u00e5barnspedagogik, l\u00e4rare inom sm\u00e5barnspedagogik, barnsk\u00f6tare och assistent.<\/p>\n<p><strong>Varf\u00f6r ska studerande g\u00f6ra praktik p\u00e5 v\u00e5rt daghem?: <\/strong>Ger en fin m\u00f6jlighet i att f\u00e5 insyn i hur barns olika behov kan tas i beaktande.<\/p>\n<p><strong>Vi kan erbjuda boende f\u00f6r den studerande under praktiktiden: <\/strong>nej<\/p>\n<p><strong>Vi kan hj\u00e4lpa till att s\u00f6ka boende f\u00f6r den studerande under praktiktiden: <\/strong>nej<\/p>\n","protected":false},"excerpt":{"rendered":"<p>Finno daghem och f\u00f6rskola Daghemmets ort: Esbo Daghemmets storlek: 6 &#8211; 7 grupper, ca 100 barn Vi verkar p\u00e5 f\u00f6ljande spr\u00e5k: svenska V\u00e5r pedagogiska grundsyn: P\u00e5 Finno daghem ser vi det enskilda barnets behov och erbjuder sm\u00e5barnspedagogik med betoning p\u00e5 barnets egna f\u00f6ruts\u00e4ttningar. Vi str\u00e4var efter att ha tydliga strukturer, vara proaktiva och skapa en &hellip; <a href=\"https:\/\/blogs2.abo.fi\/ovningsdaghem\/finno-daghem-och-forskola\/\" class=\"more-link\">Forts\u00e4tt l\u00e4sa <span class=\"screen-reader-text\">Finno daghem och f\u00f6rskola<\/span><\/a><\/p>\n","protected":false},"author":641,"featured_media":0,"parent":0,"menu_order":0,"comment_status":"closed","ping_status":"closed","template":"","meta":{"footnotes":""},"class_list":["post-628","page","type-page","status-publish","hentry"],"_links":{"self":[{"href":"https:\/\/blogs2.abo.fi\/ovningsdaghem\/wp-json\/wp\/v2\/pages\/628","targetHints":{"allow":["GET"]}}],"collection":[{"href":"https:\/\/blogs2.abo.fi\/ovningsdaghem\/wp-json\/wp\/v2\/pages"}],"about":[{"href":"https:\/\/blogs2.abo.fi\/ovningsdaghem\/wp-json\/wp\/v2\/types\/page"}],"author":[{"embeddable":true,"href":"https:\/\/blogs2.abo.fi\/ovningsdaghem\/wp-json\/wp\/v2\/users\/641"}],"replies":[{"embeddable":true,"href":"https:\/\/blogs2.abo.fi\/ovningsdaghem\/wp-json\/wp\/v2\/comments?post=628"}],"version-history":[{"count":3,"href":"https:\/\/blogs2.abo.fi\/ovningsdaghem\/wp-json\/wp\/v2\/pages\/628\/revisions"}],"predecessor-version":[{"id":1101,"href":"https:\/\/blogs2.abo.fi\/ovningsdaghem\/wp-json\/wp\/v2\/pages\/628\/revisions\/1101"}],"wp:attachment":[{"href":"https:\/\/blogs2.abo.fi\/ovningsdaghem\/wp-json\/wp\/v2\/media?parent=628"}],"curies":[{"name":"wp","href":"https:\/\/api.w.org\/{rel}","templated":true}]}}