{"id":625,"date":"2021-09-28T16:07:02","date_gmt":"2021-09-28T13:07:02","guid":{"rendered":"https:\/\/blogs2.abo.fi\/ovningsdaghem\/?page_id=625"},"modified":"2024-06-25T10:13:09","modified_gmt":"2024-06-25T07:13:09","slug":"braheskolan-sagoon","status":"publish","type":"page","link":"https:\/\/blogs2.abo.fi\/ovningsdaghem\/braheskolan-sagoon\/","title":{"rendered":"Braheskolan &#8211; Sago\u00f6n"},"content":{"rendered":"<h1><\/h1>\n<h1><\/h1>\n<h1>Braheskolan &#8211; Sago\u00f6n<\/h1>\n<p><strong>Daghemmets ort: <\/strong>\u00c5bo<\/p>\n<p><strong>Daghemmets storlek: <\/strong>Braheskolan tv\u00e5 avdelningar och tv\u00e5 f\u00f6rskolegrupper, sammanlagt 78 barn.\u00a0P\u00e5 Sago\u00f6n finns tv\u00e5 grupper, sammanlagt 30 barn.<\/p>\n<p><strong>Vi verkar p\u00e5 f\u00f6ljande spr\u00e5k: <\/strong>Svenska<\/p>\n<p><strong>V\u00e5r pedagogiska grundsyn: <\/strong>Postiv pedagogik. Vi bem\u00f6ter alla barn och familjer som individer och st\u00f6der utifr\u00e5n barnets egna behov. Detta g\u00f6rs med en positiv och respekterande syn p\u00e5 barnet, familjen och kollegor. Barnens deltagaden och intressen skall synas i planeringen och verksamheten.<\/p>\n<p><strong>V\u00e5r pedagogik: <\/strong>Barnens intressen att l\u00e4ra sig skall tas tillvara och st\u00f6das. Likv\u00e4l skall personalen berika barnens v\u00e4rld genom att vara lyh\u00f6rda och st\u00f6da barnen till att experimentera och pr\u00f6va p\u00e5, erbjuda nya syns\u00e4tt och vara n\u00e4rvarande i leken och berika den. Vi skall ocks\u00e5 erbjuda nya lek- och l\u00e4rm\u00f6jligheter och trygga famnar till barnen.<\/p>\n<p>V\u00e5r personal \u00e4r mycket musikalisk och teaterintresserad s\u00e5 det syns i vardagen, via mycket musik, s\u00e5ng, musicerande och dans. Samt teater f\u00f6r och av barnen.<\/p>\n<p>Eftersom vi \u00e4r en liten enhet, st\u00f6der vi varandra och hj\u00e4lper till samt har mycket samarbete mellan grupperna. Personalen \u00e4r aktiv och utvecklar sig sj\u00e4lva och sitt arbetss\u00e4tt.<\/p>\n<p><strong>Varf\u00f6r ska studerande g\u00f6ra praktik p\u00e5 v\u00e5rt daghem?: <\/strong>Vi har en kunnig personal som har erfarenhet att st\u00f6da och handleda studeranden. Dessutom \u00e4r vi intresserade av studerandes tankar och f\u00e5 ta aktivt del av de nyaste fr\u00e5n universitetsstudier. Personalen \u00e4r flexibel och kan st\u00f6da studenterna samt l\u00e5ter dem pr\u00f6va p\u00e5 sina egna s\u00e4tt att arbeta p\u00e5.<\/p>\n<p><strong>Vi kan erbjuda boende f\u00f6r den studerande under praktiktiden: <\/strong>Nej.<\/p>\n<p><strong>Vi kan hj\u00e4lpa till att s\u00f6ka boende f\u00f6r den studerande under praktiktiden:\u00a0 <\/strong>Nej.<\/p>\n","protected":false},"excerpt":{"rendered":"<p>Braheskolan &#8211; Sago\u00f6n Daghemmets ort: \u00c5bo Daghemmets storlek: Braheskolan tv\u00e5 avdelningar och tv\u00e5 f\u00f6rskolegrupper, sammanlagt 78 barn.\u00a0P\u00e5 Sago\u00f6n finns tv\u00e5 grupper, sammanlagt 30 barn. Vi verkar p\u00e5 f\u00f6ljande spr\u00e5k: Svenska V\u00e5r pedagogiska grundsyn: Postiv pedagogik. Vi bem\u00f6ter alla barn och familjer som individer och st\u00f6der utifr\u00e5n barnets egna behov. Detta g\u00f6rs med en positiv och &hellip; <a href=\"https:\/\/blogs2.abo.fi\/ovningsdaghem\/braheskolan-sagoon\/\" class=\"more-link\">Forts\u00e4tt l\u00e4sa <span class=\"screen-reader-text\">Braheskolan &#8211; Sago\u00f6n<\/span><\/a><\/p>\n","protected":false},"author":641,"featured_media":0,"parent":0,"menu_order":0,"comment_status":"closed","ping_status":"closed","template":"","meta":{"footnotes":""},"class_list":["post-625","page","type-page","status-publish","hentry"],"_links":{"self":[{"href":"https:\/\/blogs2.abo.fi\/ovningsdaghem\/wp-json\/wp\/v2\/pages\/625","targetHints":{"allow":["GET"]}}],"collection":[{"href":"https:\/\/blogs2.abo.fi\/ovningsdaghem\/wp-json\/wp\/v2\/pages"}],"about":[{"href":"https:\/\/blogs2.abo.fi\/ovningsdaghem\/wp-json\/wp\/v2\/types\/page"}],"author":[{"embeddable":true,"href":"https:\/\/blogs2.abo.fi\/ovningsdaghem\/wp-json\/wp\/v2\/users\/641"}],"replies":[{"embeddable":true,"href":"https:\/\/blogs2.abo.fi\/ovningsdaghem\/wp-json\/wp\/v2\/comments?post=625"}],"version-history":[{"count":3,"href":"https:\/\/blogs2.abo.fi\/ovningsdaghem\/wp-json\/wp\/v2\/pages\/625\/revisions"}],"predecessor-version":[{"id":1084,"href":"https:\/\/blogs2.abo.fi\/ovningsdaghem\/wp-json\/wp\/v2\/pages\/625\/revisions\/1084"}],"wp:attachment":[{"href":"https:\/\/blogs2.abo.fi\/ovningsdaghem\/wp-json\/wp\/v2\/media?parent=625"}],"curies":[{"name":"wp","href":"https:\/\/api.w.org\/{rel}","templated":true}]}}