{"id":622,"date":"2021-09-28T15:51:52","date_gmt":"2021-09-28T12:51:52","guid":{"rendered":"https:\/\/blogs2.abo.fi\/ovningsdaghem\/?page_id=622"},"modified":"2024-06-25T10:40:27","modified_gmt":"2024-06-25T07:40:27","slug":"grani-sprakbad","status":"publish","type":"page","link":"https:\/\/blogs2.abo.fi\/ovningsdaghem\/grani-sprakbad\/","title":{"rendered":"Grani spr\u00e5kbad"},"content":{"rendered":"<h1>Grani spr\u00e5kbad<\/h1>\n<p><strong>Daghemmets ort: <\/strong>Grankulla<\/p>\n<p><strong>Daghemmets storlek: <\/strong>3 grupper, en grupp f\u00f6r 3-4 \u00e5ringar, en grupp f\u00f6r 5 \u00e5ringar och en f\u00f6rskolegrupp.<\/p>\n<p><strong>Vi verkar p\u00e5 f\u00f6ljande spr\u00e5k:<\/strong> svenska\/finska<\/p>\n<p><strong>Daghemmets hemsida: <\/strong><a href=\"https:\/\/www.kauniainen.fi\/varhaiskasvatus-ja-koulutus\/varhaiskasvatusyksikot\/kunnallinen-varhaiskasvatus\/kielikylpypaivakoti\/\">https:\/\/www.kauniainen.fi\/varhaiskasvatus-ja-koulutus\/varhaiskasvatusyksikot\/kunnallinen-varhaiskasvatus\/kielikylpypaivakoti\/<\/a><\/p>\n<p><strong>V\u00e5r pedagogiska grundsyn: <\/strong>Toimintamme perustuu lapsil\u00e4ht\u00f6iseen ja kielitietoiseen, positiiviseen pedagogiikkaan Toimintaamme ohjaavat seuraavat arvot: suvaitsevaisuus, rehellisyys ja reiluus, toisten ihmisten huomioonottaminen ja kunnioittaminen, hyv\u00e4t tavat sek\u00e4 kest\u00e4v\u00e4 kehitys kaikilla osa-alueilla.<\/p>\n<p><strong>V\u00e5r pedagogik: <\/strong>P\u00e4iv\u00e4kotimme on ruotsin kielen kielikylpyp\u00e4iv\u00e4koti joka on yksi t\u00e4rkeimmist\u00e4 tekij\u00f6ist\u00e4 mink\u00e4 vuoksi huoltajat hakevat lapselleen paikkaa p\u00e4iv\u00e4kodistamme. Ymp\u00e4rist\u00f6kasvatuksella ja luonnossa liikkumisella on merkitt\u00e4v\u00e4 rooli arjessamme.\u00a0 Tavoitteenamme on luoda my\u00f6nteinen ja suvaitsevainen asenne muita kieli\u00e4 ja kulttuureita kohtaan turvallisessa ja kannustavassa ilmapiiriss\u00e4. Kielitaidon osalta tavoitteenamme on antaa lapselle rohkeutta ja innostusta saavuttaa toiminnallinen ruotsin kielen taito.<\/p>\n<p><strong>Varf\u00f6r ska studerande g\u00f6ra praktik p\u00e5 v\u00e5rt daghem?: <\/strong>P\u00e4iv\u00e4kodissamme vallitsee innostava ja positiivinen sek\u00e4 kehitysmy\u00f6nteinen ty\u00f6ilmapiiri. Uudet ideat otetaan ilolla vastaan ja uusia toimintatapoja kehitet\u00e4\u00e4n jatkuvasti. Keskeinen sijainti palveluiden ja luonnon l\u00e4hell\u00e4 mahdollistaa monipuoliset oppimisymp\u00e4rist\u00f6t. Kauniainen kaksikielisen\u00e4, vire\u00e4n\u00e4 ja vihre\u00e4n\u00e4 kaupunkina tarjoaa monia mahdollisuuksia my\u00f6s ty\u00f6ajan ulkopuoliseen viihtymiseen.<\/p>\n<p><strong>Vi kan erbjuda boende f\u00f6r den studerande under praktiktiden: <\/strong>ei<\/p>\n<p><strong>Vi kan hj\u00e4lpa till att s\u00f6ka boende f\u00f6r den studerande under praktiktiden: <\/strong>voimme toki yritt\u00e4\u00e4 auttaa ja kysell\u00e4 verkostoiltamme vapaista asunnoista<\/p>\n","protected":false},"excerpt":{"rendered":"<p>Grani spr\u00e5kbad Daghemmets ort: Grankulla Daghemmets storlek: 3 grupper, en grupp f\u00f6r 3-4 \u00e5ringar, en grupp f\u00f6r 5 \u00e5ringar och en f\u00f6rskolegrupp. Vi verkar p\u00e5 f\u00f6ljande spr\u00e5k: svenska\/finska Daghemmets hemsida: https:\/\/www.kauniainen.fi\/varhaiskasvatus-ja-koulutus\/varhaiskasvatusyksikot\/kunnallinen-varhaiskasvatus\/kielikylpypaivakoti\/ V\u00e5r pedagogiska grundsyn: Toimintamme perustuu lapsil\u00e4ht\u00f6iseen ja kielitietoiseen, positiiviseen pedagogiikkaan Toimintaamme ohjaavat seuraavat arvot: suvaitsevaisuus, rehellisyys ja reiluus, toisten ihmisten huomioonottaminen ja kunnioittaminen, hyv\u00e4t &hellip; <a href=\"https:\/\/blogs2.abo.fi\/ovningsdaghem\/grani-sprakbad\/\" class=\"more-link\">Forts\u00e4tt l\u00e4sa <span class=\"screen-reader-text\">Grani spr\u00e5kbad<\/span><\/a><\/p>\n","protected":false},"author":641,"featured_media":0,"parent":0,"menu_order":0,"comment_status":"closed","ping_status":"closed","template":"","meta":{"footnotes":""},"class_list":["post-622","page","type-page","status-publish","hentry"],"_links":{"self":[{"href":"https:\/\/blogs2.abo.fi\/ovningsdaghem\/wp-json\/wp\/v2\/pages\/622","targetHints":{"allow":["GET"]}}],"collection":[{"href":"https:\/\/blogs2.abo.fi\/ovningsdaghem\/wp-json\/wp\/v2\/pages"}],"about":[{"href":"https:\/\/blogs2.abo.fi\/ovningsdaghem\/wp-json\/wp\/v2\/types\/page"}],"author":[{"embeddable":true,"href":"https:\/\/blogs2.abo.fi\/ovningsdaghem\/wp-json\/wp\/v2\/users\/641"}],"replies":[{"embeddable":true,"href":"https:\/\/blogs2.abo.fi\/ovningsdaghem\/wp-json\/wp\/v2\/comments?post=622"}],"version-history":[{"count":3,"href":"https:\/\/blogs2.abo.fi\/ovningsdaghem\/wp-json\/wp\/v2\/pages\/622\/revisions"}],"predecessor-version":[{"id":1097,"href":"https:\/\/blogs2.abo.fi\/ovningsdaghem\/wp-json\/wp\/v2\/pages\/622\/revisions\/1097"}],"wp:attachment":[{"href":"https:\/\/blogs2.abo.fi\/ovningsdaghem\/wp-json\/wp\/v2\/media?parent=622"}],"curies":[{"name":"wp","href":"https:\/\/api.w.org\/{rel}","templated":true}]}}