{"id":619,"date":"2021-09-28T15:20:10","date_gmt":"2021-09-28T12:20:10","guid":{"rendered":"https:\/\/blogs2.abo.fi\/ovningsdaghem\/?page_id=619"},"modified":"2024-06-25T10:58:16","modified_gmt":"2024-06-25T07:58:16","slug":"daghemmet-mantykoto","status":"publish","type":"page","link":"https:\/\/blogs2.abo.fi\/ovningsdaghem\/daghemmet-mantykoto\/","title":{"rendered":"Daghemmet M\u00e4ntykoto"},"content":{"rendered":"<h1>Daghemmet M\u00e4ntykoto<\/h1>\n<p><strong>Daghemmets ort: <\/strong>Raseborg\/Eken\u00e4s<\/p>\n<p><strong>Daghemmets storlek:<\/strong>M\u00e4ntykoto har 6 grupper f\u00f6r finskspr\u00e5kiga barn , c. 90 platser. Endast en grupp, spr\u00e5kbadet Trollen (14 platser f\u00f6r 3-5-\u00e5ringar) fungerar som plats f\u00f6r praktik p\u00e5 \u00f6vningsdaghem.<\/p>\n<p><strong>Vi verkar p\u00e5 f\u00f6ljande spr\u00e5k: <\/strong>I spr\u00e5kbadsgruppen\u00a0Trollen \u00e4r barnens modersm\u00e5l finska, men undervisningsspr\u00e5ket svenska.<\/p>\n<p><strong>V\u00e5r pedagogiska grundsyn: <\/strong>Alla barn \u00e4r nyfikna till sin natur och intresserade av allting. Barnen \u00e4r ocks\u00e5 kompetenta att ha egna tankar, id\u00e9er och \u00e5sikter om saker och ting, de beh\u00f6ver ges tillf\u00e4llen att s\u00e4ga sitt. Barnen ska bli h\u00f6rda och bem\u00f6tta med respekt och v\u00e4rme.<\/p>\n<p><strong>V\u00e5r pedagogik: <\/strong>Trollen \u00e4r en spr\u00e5kbadsgrupp f\u00f6r finska barn som l\u00e4r sig svenska. Spr\u00e5k \u00e4r dagligen i en mycket central roll i hela daghemmets verksamhet eftersom vi ocks\u00e5 har ett stort antal barn med annan spr\u00e5klig och kulturell tillh\u00f6righet. R\u00f6relse och utepedagogik \u00e4r n\u00e5got som vi s\u00e4rskilt betonar i v\u00e5r dagliga verksamhet.<\/p>\n<p><strong>Varf\u00f6r ska studerande g\u00f6ra praktik p\u00e5 v\u00e5rt daghem?: <\/strong>M\u00e4ntykoto \u00e4r ett v\u00e4ldigt modernt t\u00e4nkande, fram\u00e5tstr\u00e4vande och diskuterande daghem. Vi pr\u00f6var f\u00f6rdomsfritt p\u00e5 det mesta och utv\u00e4rderar och reflekterar \u00f6ver skeenden f\u00f6r att hela tiden h\u00e5lla en h\u00f6g kvalitet p\u00e5 v\u00e5r verksamhet.<\/p>\n<p><strong>Vi kan erbjuda boende f\u00f6r den studerande under praktiktiden: <\/strong>nej<\/p>\n<p><strong>Vi kan hj\u00e4lpa till att s\u00f6ka boende f\u00f6r den studerande under praktiktiden: <\/strong>\u00a0ja<\/p>\n<p>G\u00e5 g\u00e4rna in p\u00e5 v\u00e5r <strong>Facebook-sida<\/strong> &#8221;M\u00e4ntykodon p\u00e4iv\u00e4koti&#8221; d\u00e4r det finns en videopresentation av v\u00e5ra utrymmen.<\/p>\n","protected":false},"excerpt":{"rendered":"<p>Daghemmet M\u00e4ntykoto Daghemmets ort: Raseborg\/Eken\u00e4s Daghemmets storlek:M\u00e4ntykoto har 6 grupper f\u00f6r finskspr\u00e5kiga barn , c. 90 platser. Endast en grupp, spr\u00e5kbadet Trollen (14 platser f\u00f6r 3-5-\u00e5ringar) fungerar som plats f\u00f6r praktik p\u00e5 \u00f6vningsdaghem. Vi verkar p\u00e5 f\u00f6ljande spr\u00e5k: I spr\u00e5kbadsgruppen\u00a0Trollen \u00e4r barnens modersm\u00e5l finska, men undervisningsspr\u00e5ket svenska. V\u00e5r pedagogiska grundsyn: Alla barn \u00e4r nyfikna till &hellip; <a href=\"https:\/\/blogs2.abo.fi\/ovningsdaghem\/daghemmet-mantykoto\/\" class=\"more-link\">Forts\u00e4tt l\u00e4sa <span class=\"screen-reader-text\">Daghemmet M\u00e4ntykoto<\/span><\/a><\/p>\n","protected":false},"author":641,"featured_media":0,"parent":0,"menu_order":0,"comment_status":"closed","ping_status":"closed","template":"","meta":{"footnotes":""},"class_list":["post-619","page","type-page","status-publish","hentry"],"_links":{"self":[{"href":"https:\/\/blogs2.abo.fi\/ovningsdaghem\/wp-json\/wp\/v2\/pages\/619","targetHints":{"allow":["GET"]}}],"collection":[{"href":"https:\/\/blogs2.abo.fi\/ovningsdaghem\/wp-json\/wp\/v2\/pages"}],"about":[{"href":"https:\/\/blogs2.abo.fi\/ovningsdaghem\/wp-json\/wp\/v2\/types\/page"}],"author":[{"embeddable":true,"href":"https:\/\/blogs2.abo.fi\/ovningsdaghem\/wp-json\/wp\/v2\/users\/641"}],"replies":[{"embeddable":true,"href":"https:\/\/blogs2.abo.fi\/ovningsdaghem\/wp-json\/wp\/v2\/comments?post=619"}],"version-history":[{"count":4,"href":"https:\/\/blogs2.abo.fi\/ovningsdaghem\/wp-json\/wp\/v2\/pages\/619\/revisions"}],"predecessor-version":[{"id":1116,"href":"https:\/\/blogs2.abo.fi\/ovningsdaghem\/wp-json\/wp\/v2\/pages\/619\/revisions\/1116"}],"wp:attachment":[{"href":"https:\/\/blogs2.abo.fi\/ovningsdaghem\/wp-json\/wp\/v2\/media?parent=619"}],"curies":[{"name":"wp","href":"https:\/\/api.w.org\/{rel}","templated":true}]}}