{"id":605,"date":"2021-09-22T14:00:56","date_gmt":"2021-09-22T11:00:56","guid":{"rendered":"https:\/\/blogs2.abo.fi\/ovningsdaghem\/?page_id=605"},"modified":"2024-06-25T10:59:18","modified_gmt":"2024-06-25T07:59:18","slug":"daghemmet-skogsglantan","status":"publish","type":"page","link":"https:\/\/blogs2.abo.fi\/ovningsdaghem\/daghemmet-skogsglantan\/","title":{"rendered":"Daghemmet Skogsgl\u00e4ntan"},"content":{"rendered":"<p><img loading=\"lazy\" decoding=\"async\" class=\"alignnone wp-image-606 size-large\" src=\"http:\/\/blogs2.abo.fi\/ovningsdaghem\/wp-content\/uploads\/sites\/159\/2021\/09\/Skogsglantan-moduulipaivakoti-tammisaari-4-003-1024x683.jpg\" alt=\"\" width=\"660\" height=\"440\" srcset=\"https:\/\/blogs2.abo.fi\/ovningsdaghem\/wp-content\/uploads\/sites\/159\/2021\/09\/Skogsglantan-moduulipaivakoti-tammisaari-4-003-1024x683.jpg 1024w, https:\/\/blogs2.abo.fi\/ovningsdaghem\/wp-content\/uploads\/sites\/159\/2021\/09\/Skogsglantan-moduulipaivakoti-tammisaari-4-003-300x200.jpg 300w, https:\/\/blogs2.abo.fi\/ovningsdaghem\/wp-content\/uploads\/sites\/159\/2021\/09\/Skogsglantan-moduulipaivakoti-tammisaari-4-003-768x512.jpg 768w, https:\/\/blogs2.abo.fi\/ovningsdaghem\/wp-content\/uploads\/sites\/159\/2021\/09\/Skogsglantan-moduulipaivakoti-tammisaari-4-003-624x416.jpg 624w, https:\/\/blogs2.abo.fi\/ovningsdaghem\/wp-content\/uploads\/sites\/159\/2021\/09\/Skogsglantan-moduulipaivakoti-tammisaari-4-003.jpg 1200w\" sizes=\"auto, (max-width: 660px) 100vw, 660px\" \/><\/p>\n<h1>Daghemmet Skogsgl\u00e4ntan<\/h1>\n<p><strong>Daghemmets ort: <\/strong>Raseborg<\/p>\n<p><strong>Daghemmets storlek: <\/strong> 5 avdelningar, 80 barn<\/p>\n<p><strong>Vi verkar p\u00e5 f\u00f6ljande spr\u00e5k:<\/strong> svenska<\/p>\n<p><strong>V\u00e5r pedagogiska grundsyn och v\u00e5r pedagogik: <\/strong>Viktigt f\u00f6r oss \u00e4r att se barnet: att ha ett positivt bem\u00f6tande b\u00e5de mot barn och vuxna, att vara n\u00e4rvarande och ta var p\u00e5 barnens intressen och styrkor och sporra, st\u00f6dja och hj\u00e4lpa dem i deras inl\u00e4rning (mobbningsf\u00f6rebyggande).<\/p>\n<p>Vi satsar mycket p\u00e5 v\u00e5r l\u00e4rmilj\u00f6n: Vi \u00e4r m\u00e5na om att l\u00e4rmilj\u00f6n \u00f6r harmonisk, m\u00e5ngsidig och inspirerande och \u00e4ndrar den enligt barnens intressen och behov.<\/p>\n<p>Leken \u00e4r ett viktigt inslag i v\u00e5r vardag.<\/p>\n<p>Vi \u00e4r m\u00e5na om att skapa ett f\u00f6rtroendefullt samarbete med familjerna och ge dem m\u00f6jlighet att vara delaktiga i barnets vardag.<\/p>\n<p>Mycket r\u00f6relse i vardagen.<\/p>\n<p><strong>Varf\u00f6r ska studerande g\u00f6ra praktik p\u00e5 v\u00e5rt daghem?: <\/strong>Vi har ett stort och m\u00e5ngsidigt daghem som ger studerande m\u00f6jlighet att pr\u00f6va p\u00e5 olika verksamhetsformer. Personalen \u00e4r professionell och har mycket att dela med sig. Vi har en positiv och glad atmosf\u00e4r och tar emot studerande med \u00f6ppna armar.<\/p>\n<p><strong>Vi kan erbjuda boende f\u00f6r den studerande under praktiktiden:\u00a0<\/strong>nej<\/p>\n<p><strong>Vi kan hj\u00e4lpa till att s\u00f6ka boende f\u00f6r den studerande under praktiktiden:\u00a0<\/strong>nej<\/p>\n<p><img loading=\"lazy\" decoding=\"async\" class=\"alignnone size-medium wp-image-607\" src=\"http:\/\/blogs2.abo.fi\/ovningsdaghem\/wp-content\/uploads\/sites\/159\/2021\/09\/paivakoti-skogsglantans-jumppasali-lapset-2-300x200.jpg\" alt=\"\" width=\"300\" height=\"200\" srcset=\"https:\/\/blogs2.abo.fi\/ovningsdaghem\/wp-content\/uploads\/sites\/159\/2021\/09\/paivakoti-skogsglantans-jumppasali-lapset-2-300x200.jpg 300w, https:\/\/blogs2.abo.fi\/ovningsdaghem\/wp-content\/uploads\/sites\/159\/2021\/09\/paivakoti-skogsglantans-jumppasali-lapset-2-1024x683.jpg 1024w, https:\/\/blogs2.abo.fi\/ovningsdaghem\/wp-content\/uploads\/sites\/159\/2021\/09\/paivakoti-skogsglantans-jumppasali-lapset-2-768x512.jpg 768w, https:\/\/blogs2.abo.fi\/ovningsdaghem\/wp-content\/uploads\/sites\/159\/2021\/09\/paivakoti-skogsglantans-jumppasali-lapset-2-624x416.jpg 624w, https:\/\/blogs2.abo.fi\/ovningsdaghem\/wp-content\/uploads\/sites\/159\/2021\/09\/paivakoti-skogsglantans-jumppasali-lapset-2.jpg 1200w\" sizes=\"auto, (max-width: 300px) 100vw, 300px\" \/> <img loading=\"lazy\" decoding=\"async\" class=\"alignnone size-medium wp-image-608\" src=\"http:\/\/blogs2.abo.fi\/ovningsdaghem\/wp-content\/uploads\/sites\/159\/2021\/09\/paivakoti-skogsglantans-leikkihuone-lepohuone-1-300x200.jpg\" alt=\"\" width=\"300\" height=\"200\" srcset=\"https:\/\/blogs2.abo.fi\/ovningsdaghem\/wp-content\/uploads\/sites\/159\/2021\/09\/paivakoti-skogsglantans-leikkihuone-lepohuone-1-300x200.jpg 300w, https:\/\/blogs2.abo.fi\/ovningsdaghem\/wp-content\/uploads\/sites\/159\/2021\/09\/paivakoti-skogsglantans-leikkihuone-lepohuone-1-1024x683.jpg 1024w, https:\/\/blogs2.abo.fi\/ovningsdaghem\/wp-content\/uploads\/sites\/159\/2021\/09\/paivakoti-skogsglantans-leikkihuone-lepohuone-1-768x512.jpg 768w, https:\/\/blogs2.abo.fi\/ovningsdaghem\/wp-content\/uploads\/sites\/159\/2021\/09\/paivakoti-skogsglantans-leikkihuone-lepohuone-1-624x416.jpg 624w, https:\/\/blogs2.abo.fi\/ovningsdaghem\/wp-content\/uploads\/sites\/159\/2021\/09\/paivakoti-skogsglantans-leikkihuone-lepohuone-1.jpg 1200w\" sizes=\"auto, (max-width: 300px) 100vw, 300px\" \/> <img loading=\"lazy\" decoding=\"async\" class=\"alignnone size-medium wp-image-609\" src=\"http:\/\/blogs2.abo.fi\/ovningsdaghem\/wp-content\/uploads\/sites\/159\/2021\/09\/Skogsglantan-Larmiljo-225x300.jpeg\" alt=\"\" width=\"225\" height=\"300\" srcset=\"https:\/\/blogs2.abo.fi\/ovningsdaghem\/wp-content\/uploads\/sites\/159\/2021\/09\/Skogsglantan-Larmiljo-225x300.jpeg 225w, https:\/\/blogs2.abo.fi\/ovningsdaghem\/wp-content\/uploads\/sites\/159\/2021\/09\/Skogsglantan-Larmiljo-768x1024.jpeg 768w, https:\/\/blogs2.abo.fi\/ovningsdaghem\/wp-content\/uploads\/sites\/159\/2021\/09\/Skogsglantan-Larmiljo-1152x1536.jpeg 1152w, https:\/\/blogs2.abo.fi\/ovningsdaghem\/wp-content\/uploads\/sites\/159\/2021\/09\/Skogsglantan-Larmiljo-1536x2048.jpeg 1536w, https:\/\/blogs2.abo.fi\/ovningsdaghem\/wp-content\/uploads\/sites\/159\/2021\/09\/Skogsglantan-Larmiljo-624x832.jpeg 624w, https:\/\/blogs2.abo.fi\/ovningsdaghem\/wp-content\/uploads\/sites\/159\/2021\/09\/Skogsglantan-Larmiljo-scaled.jpeg 1920w\" sizes=\"auto, (max-width: 225px) 100vw, 225px\" \/><\/p>\n","protected":false},"excerpt":{"rendered":"<p>Daghemmet Skogsgl\u00e4ntan Daghemmets ort: Raseborg Daghemmets storlek: 5 avdelningar, 80 barn Vi verkar p\u00e5 f\u00f6ljande spr\u00e5k: svenska V\u00e5r pedagogiska grundsyn och v\u00e5r pedagogik: Viktigt f\u00f6r oss \u00e4r att se barnet: att ha ett positivt bem\u00f6tande b\u00e5de mot barn och vuxna, att vara n\u00e4rvarande och ta var p\u00e5 barnens intressen och styrkor och sporra, st\u00f6dja och &hellip; <a href=\"https:\/\/blogs2.abo.fi\/ovningsdaghem\/daghemmet-skogsglantan\/\" class=\"more-link\">Forts\u00e4tt l\u00e4sa <span class=\"screen-reader-text\">Daghemmet Skogsgl\u00e4ntan<\/span><\/a><\/p>\n","protected":false},"author":641,"featured_media":0,"parent":0,"menu_order":0,"comment_status":"closed","ping_status":"closed","template":"","meta":{"footnotes":""},"class_list":["post-605","page","type-page","status-publish","hentry"],"_links":{"self":[{"href":"https:\/\/blogs2.abo.fi\/ovningsdaghem\/wp-json\/wp\/v2\/pages\/605","targetHints":{"allow":["GET"]}}],"collection":[{"href":"https:\/\/blogs2.abo.fi\/ovningsdaghem\/wp-json\/wp\/v2\/pages"}],"about":[{"href":"https:\/\/blogs2.abo.fi\/ovningsdaghem\/wp-json\/wp\/v2\/types\/page"}],"author":[{"embeddable":true,"href":"https:\/\/blogs2.abo.fi\/ovningsdaghem\/wp-json\/wp\/v2\/users\/641"}],"replies":[{"embeddable":true,"href":"https:\/\/blogs2.abo.fi\/ovningsdaghem\/wp-json\/wp\/v2\/comments?post=605"}],"version-history":[{"count":3,"href":"https:\/\/blogs2.abo.fi\/ovningsdaghem\/wp-json\/wp\/v2\/pages\/605\/revisions"}],"predecessor-version":[{"id":1118,"href":"https:\/\/blogs2.abo.fi\/ovningsdaghem\/wp-json\/wp\/v2\/pages\/605\/revisions\/1118"}],"wp:attachment":[{"href":"https:\/\/blogs2.abo.fi\/ovningsdaghem\/wp-json\/wp\/v2\/media?parent=605"}],"curies":[{"name":"wp","href":"https:\/\/api.w.org\/{rel}","templated":true}]}}