{"id":602,"date":"2021-09-22T13:53:46","date_gmt":"2021-09-22T10:53:46","guid":{"rendered":"https:\/\/blogs2.abo.fi\/ovningsdaghem\/?page_id=602"},"modified":"2024-06-25T10:46:26","modified_gmt":"2024-06-25T07:46:26","slug":"skepparbackens-daghem","status":"publish","type":"page","link":"https:\/\/blogs2.abo.fi\/ovningsdaghem\/skepparbackens-daghem\/","title":{"rendered":"Skepparbackens daghem"},"content":{"rendered":"<h1>Skepparbackens daghem<\/h1>\n<p><strong>Daghemmets ort: <\/strong>Esbo<\/p>\n<p><strong>Daghemmets storlek: <\/strong>Skepparbackens daghem \u00e4r ett litet daghem med tv\u00e5 barngrupper, Guldfiskarna som har 12 barn i 1-3 \u00e5rs \u00e5ldern och Delfinerna med 21 barn som har barn i \u00e5ldern 2-5.<\/p>\n<p><strong>Vi verkar p\u00e5 f\u00f6ljande spr\u00e5k: <\/strong>Vi talar svenska med barnen s\u00e5 i huvudsak p\u00e5 svenska, personalen kan \u00e4ven finska och engelska.<\/p>\n<p><strong>V\u00e5r pedagogiska grundsyn: <\/strong>Vi upplever att trygghet \u00e4r grunden f\u00f6r l\u00e4rande och d\u00e4rmed fokuserar vi p\u00e5 att skapa en trygg atmosf\u00e4r i grupperna d\u00e4r varje barn respekteras f\u00f6r den hen \u00e4r. F\u00f6r att skapa en meningsfull verksamhet tar vi i verksamhetens planering i beaktande barnens tankar, intressen, styrkor och utvecklingsbehov. \u00c4ven Grunderna f\u00f6r planen f\u00f6r sm\u00e5barnspedagogik 2022 ligger som grund i verksamhetens planering. Vi utg\u00e5r fr\u00e5n synen p\u00e5 l\u00e4rande att m\u00e4nniskor \u00e4r aktiva akt\u00f6rer och l\u00e4r sig i samspel med varandra \u2013 barnen \u00e4r delaktiga och vi jobbar mycket i grupp och i par.<\/p>\n<p><strong>V\u00e5r pedagogik: <\/strong>Vi jobbar med temaarbete som utg\u00e5r fr\u00e5n barnens tankar och intressen. Vi fokuserar p\u00e5 att vara n\u00e4rvarande och lyh\u00f6rda f\u00f6r att kunna bygga vidare p\u00e5 barnens kunskaper i b\u00e5de spontana och planerade l\u00e4rstunder. Veckovis har vi sm\u00e5gruppsverksamhet och r\u00f6relse \u00e4r en stor del av v\u00e5r verksamhet.<\/p>\n<p><strong>Varf\u00f6r ska studerande g\u00f6ra praktik p\u00e5 v\u00e5rt daghem?: <\/strong>Vi \u00e4r ett litet och mysigt daghem som aktivt anv\u00e4nder n\u00e4rmilj\u00f6n i verksamheten. Veckovis utnyttjar vi n\u00e4rmilj\u00f6ns sportplan och skogar samt g\u00e5r p\u00e5 promenader. Vi vill g\u00e4rna fungera som er handledare f\u00f6r att f\u00e5 ny kompetent personal.<\/p>\n<p><strong>Vi kan erbjuda boende f\u00f6r den studerande under praktiktiden: <\/strong>nej<\/p>\n<p><strong>Vi kan hj\u00e4lpa till att s\u00f6ka boende f\u00f6r den studerande under praktiktiden: <\/strong>nej<\/p>\n","protected":false},"excerpt":{"rendered":"<p>Skepparbackens daghem Daghemmets ort: Esbo Daghemmets storlek: Skepparbackens daghem \u00e4r ett litet daghem med tv\u00e5 barngrupper, Guldfiskarna som har 12 barn i 1-3 \u00e5rs \u00e5ldern och Delfinerna med 21 barn som har barn i \u00e5ldern 2-5. Vi verkar p\u00e5 f\u00f6ljande spr\u00e5k: Vi talar svenska med barnen s\u00e5 i huvudsak p\u00e5 svenska, personalen kan \u00e4ven finska &hellip; <a href=\"https:\/\/blogs2.abo.fi\/ovningsdaghem\/skepparbackens-daghem\/\" class=\"more-link\">Forts\u00e4tt l\u00e4sa <span class=\"screen-reader-text\">Skepparbackens daghem<\/span><\/a><\/p>\n","protected":false},"author":641,"featured_media":0,"parent":0,"menu_order":0,"comment_status":"closed","ping_status":"closed","template":"","meta":{"footnotes":""},"class_list":["post-602","page","type-page","status-publish","hentry"],"_links":{"self":[{"href":"https:\/\/blogs2.abo.fi\/ovningsdaghem\/wp-json\/wp\/v2\/pages\/602","targetHints":{"allow":["GET"]}}],"collection":[{"href":"https:\/\/blogs2.abo.fi\/ovningsdaghem\/wp-json\/wp\/v2\/pages"}],"about":[{"href":"https:\/\/blogs2.abo.fi\/ovningsdaghem\/wp-json\/wp\/v2\/types\/page"}],"author":[{"embeddable":true,"href":"https:\/\/blogs2.abo.fi\/ovningsdaghem\/wp-json\/wp\/v2\/users\/641"}],"replies":[{"embeddable":true,"href":"https:\/\/blogs2.abo.fi\/ovningsdaghem\/wp-json\/wp\/v2\/comments?post=602"}],"version-history":[{"count":5,"href":"https:\/\/blogs2.abo.fi\/ovningsdaghem\/wp-json\/wp\/v2\/pages\/602\/revisions"}],"predecessor-version":[{"id":1103,"href":"https:\/\/blogs2.abo.fi\/ovningsdaghem\/wp-json\/wp\/v2\/pages\/602\/revisions\/1103"}],"wp:attachment":[{"href":"https:\/\/blogs2.abo.fi\/ovningsdaghem\/wp-json\/wp\/v2\/media?parent=602"}],"curies":[{"name":"wp","href":"https:\/\/api.w.org\/{rel}","templated":true}]}}