{"id":595,"date":"2021-09-22T13:32:48","date_gmt":"2021-09-22T10:32:48","guid":{"rendered":"https:\/\/blogs2.abo.fi\/ovningsdaghem\/?page_id=595"},"modified":"2024-06-25T10:45:37","modified_gmt":"2024-06-25T07:45:37","slug":"kongsbergs-daghem","status":"publish","type":"page","link":"https:\/\/blogs2.abo.fi\/ovningsdaghem\/kongsbergs-daghem\/","title":{"rendered":"Kongsbergs daghem"},"content":{"rendered":"<h1>Kongsbergs daghem<\/h1>\n<p><strong>Daghemmets ort: <\/strong>Esbo<\/p>\n<p><strong>Daghemmets storlek: <\/strong>Kongsbergs daghem \u00e4r ett litet daghem med tv\u00e5 barngrupper.<br \/>\nLingonen har 12 barn i \u00e5ldern 1-3.<br \/>\nBl\u00e5b\u00e4ren har 21 barn i \u00e5ldern 2-5.<\/p>\n<p><strong>Vi verkar p\u00e5 f\u00f6ljande spr\u00e5k: <\/strong>Vi talar svenska med barnen s\u00e5 i huvudsak p\u00e5 svenska, men personalen kan \u00e4ven finska och engelska.<\/p>\n<p><strong>V\u00e5r pedagogiska grundsyn: <\/strong>Vi har en barncentrerad och positiv pedagogik. Vi utg\u00e5r fr\u00e5n alla barnens intressen i planeringen av v\u00e5r verksamhet.<\/p>\n<p><strong>V\u00e5r pedagogik: <\/strong>Vi har en till\u00e5tande milj\u00f6 d\u00e4r vi uppmuntrar barnen till att utmana sig sj\u00e4lv och d\u00e4rmed st\u00e4rka sina f\u00e4rdigheter. Vi st\u00f6der barnen i att utforska sin omgivning och r\u00f6r oss mycket i n\u00e4rmilj\u00f6n.<\/p>\n<p><strong>Varf\u00f6r ska studerande g\u00f6ra praktik p\u00e5 v\u00e5rt daghem?: <\/strong>F\u00f6r att vi har en positiv inst\u00e4llning till l\u00e4rande och vill ocks\u00e5 sj\u00e4lva utvecklas. Vi v\u00e4lkomnar dig till v\u00e5rt superteam.<\/p>\n<p><strong>Vi kan erbjuda boende f\u00f6r den studerande under praktiktiden: <\/strong>nej<\/p>\n<p><strong>Vi kan hj\u00e4lpa till att s\u00f6ka boende f\u00f6r den studerande under praktiktiden: <\/strong>nej<\/p>\n","protected":false},"excerpt":{"rendered":"<p>Kongsbergs daghem Daghemmets ort: Esbo Daghemmets storlek: Kongsbergs daghem \u00e4r ett litet daghem med tv\u00e5 barngrupper. Lingonen har 12 barn i \u00e5ldern 1-3. Bl\u00e5b\u00e4ren har 21 barn i \u00e5ldern 2-5. Vi verkar p\u00e5 f\u00f6ljande spr\u00e5k: Vi talar svenska med barnen s\u00e5 i huvudsak p\u00e5 svenska, men personalen kan \u00e4ven finska och engelska. V\u00e5r pedagogiska grundsyn: &hellip; <a href=\"https:\/\/blogs2.abo.fi\/ovningsdaghem\/kongsbergs-daghem\/\" class=\"more-link\">Forts\u00e4tt l\u00e4sa <span class=\"screen-reader-text\">Kongsbergs daghem<\/span><\/a><\/p>\n","protected":false},"author":641,"featured_media":0,"parent":0,"menu_order":0,"comment_status":"closed","ping_status":"closed","template":"","meta":{"footnotes":""},"class_list":["post-595","page","type-page","status-publish","hentry"],"_links":{"self":[{"href":"https:\/\/blogs2.abo.fi\/ovningsdaghem\/wp-json\/wp\/v2\/pages\/595","targetHints":{"allow":["GET"]}}],"collection":[{"href":"https:\/\/blogs2.abo.fi\/ovningsdaghem\/wp-json\/wp\/v2\/pages"}],"about":[{"href":"https:\/\/blogs2.abo.fi\/ovningsdaghem\/wp-json\/wp\/v2\/types\/page"}],"author":[{"embeddable":true,"href":"https:\/\/blogs2.abo.fi\/ovningsdaghem\/wp-json\/wp\/v2\/users\/641"}],"replies":[{"embeddable":true,"href":"https:\/\/blogs2.abo.fi\/ovningsdaghem\/wp-json\/wp\/v2\/comments?post=595"}],"version-history":[{"count":4,"href":"https:\/\/blogs2.abo.fi\/ovningsdaghem\/wp-json\/wp\/v2\/pages\/595\/revisions"}],"predecessor-version":[{"id":1102,"href":"https:\/\/blogs2.abo.fi\/ovningsdaghem\/wp-json\/wp\/v2\/pages\/595\/revisions\/1102"}],"wp:attachment":[{"href":"https:\/\/blogs2.abo.fi\/ovningsdaghem\/wp-json\/wp\/v2\/media?parent=595"}],"curies":[{"name":"wp","href":"https:\/\/api.w.org\/{rel}","templated":true}]}}