{"id":590,"date":"2021-09-22T13:20:11","date_gmt":"2021-09-22T10:20:11","guid":{"rendered":"https:\/\/blogs2.abo.fi\/ovningsdaghem\/?page_id=590"},"modified":"2024-06-25T11:37:13","modified_gmt":"2024-06-25T08:37:13","slug":"vindangens-daghem","status":"publish","type":"page","link":"https:\/\/blogs2.abo.fi\/ovningsdaghem\/vindangens-daghem\/","title":{"rendered":"Vind\u00e4ngens daghem"},"content":{"rendered":"<p><img loading=\"lazy\" decoding=\"async\" class=\"alignnone wp-image-591 size-full\" src=\"http:\/\/blogs2.abo.fi\/ovningsdaghem\/wp-content\/uploads\/sites\/159\/2021\/09\/Vindangen.png\" alt=\"\" width=\"605\" height=\"339\" srcset=\"https:\/\/blogs2.abo.fi\/ovningsdaghem\/wp-content\/uploads\/sites\/159\/2021\/09\/Vindangen.png 605w, https:\/\/blogs2.abo.fi\/ovningsdaghem\/wp-content\/uploads\/sites\/159\/2021\/09\/Vindangen-300x168.png 300w\" sizes=\"auto, (max-width: 605px) 100vw, 605px\" \/><\/p>\n<h1>Vind\u00e4ngens daghem<\/h1>\n<p><strong>Daghemmets ort: <\/strong>Vasa<\/p>\n<p><strong>Daghemmets storlek: <\/strong>Fyra svenska avdelningar, tv\u00e5 finska avdelningar, 99platser<\/p>\n<p><strong>Vi verkar p\u00e5 f\u00f6ljande spr\u00e5k: <\/strong>Svenska och finska<\/p>\n<p><strong>V\u00e5r pedagogiska grundsyn: <\/strong>P\u00e5 Vind\u00e4ngens daghem betonar vi spr\u00e5ket och utvecklandet av det, den sociala kompetensen; sociala samverkan och st\u00f6djandet av den sociala utvecklingen.<\/p>\n<p>I v\u00e5r verksamhet vill vi ocks\u00e5 lyfta fram naturen, leken och r\u00f6relsegl\u00e4dje. Vid planering av v\u00e5r verksamhet utg\u00e5r vi fr\u00e5n barnen och deras intressen och behov. Vi jobbar f\u00f6r en gl\u00e4djefylld, inspirerande och pedagogisk vardag f\u00f6r barnen. I v\u00e4rdegrunden betonar vi j\u00e4mlikhet och respekt, delaktighet, trygghet, samarbete och positivet<\/p>\n<p><strong>V\u00e5r pedagogik: <\/strong>Skogen ligger intill daghemmet vilket m\u00f6jligg\u00f6r att utomhuspedagogik och skogsvistelser \u00e4r en del av v\u00e5r verksamhet. Under l\u00e4s\u00e5ren 2021-2023 betonar vi barnets intressen samt energi, havet och upplevelser genom ett lekprojekt.<\/p>\n<p>Leken \u00e4r ett grundl\u00e4ggande verktyg i barnens l\u00e4rande och utveckling och det \u00e4r via leken som barnen l\u00e4r sig. Vi l\u00e5ter barnen ha tillr\u00e4ckligt med tid f\u00f6r att leka och l\u00e5ta leken synas i verksamheten. \u00a0Pedagogik inkluderas i lekarna och via leken f\u00e5r barnen ocks\u00e5 l\u00e4ra sig sociala kunskaper och lekkunskaper.<\/p>\n<p><strong>Varf\u00f6r ska studerande g\u00f6ra praktik p\u00e5 v\u00e5rt daghem?: <\/strong>Vi har en erfaren personal som ocks\u00e5 har erfarenhet av att vara handledare. I daghemmet finns finska och svenska grupper med barn i \u00e5ldrarna 1-5 \u00e5r.\u00a0 I v\u00e5rt daghem finns \u00e4ven tillg\u00e5ng till ett gemensamt bildkonstrum, bibliotek, hemk\u00f6k, gymnastiksal och matsal, vilket m\u00f6jligg\u00f6r att verksamheten indelas i sm\u00e5grupper. Hos oss f\u00e5r du m\u00f6jlighet att utvecklas i din roll som l\u00e4rare inom sm\u00e5barnspedagogik.<\/p>\n<p>V\u00e4lkommen!<\/p>\n<p><strong>Vi kan erbjuda boende f\u00f6r den studerande under praktiktiden: <\/strong>Nej<\/p>\n<p><strong>Vi kan hj\u00e4lpa till att s\u00f6ka boende f\u00f6r den studerande under praktiktiden:\u00a0 <\/strong>Nej<\/p>\n","protected":false},"excerpt":{"rendered":"<p>Vind\u00e4ngens daghem Daghemmets ort: Vasa Daghemmets storlek: Fyra svenska avdelningar, tv\u00e5 finska avdelningar, 99platser Vi verkar p\u00e5 f\u00f6ljande spr\u00e5k: Svenska och finska V\u00e5r pedagogiska grundsyn: P\u00e5 Vind\u00e4ngens daghem betonar vi spr\u00e5ket och utvecklandet av det, den sociala kompetensen; sociala samverkan och st\u00f6djandet av den sociala utvecklingen. I v\u00e5r verksamhet vill vi ocks\u00e5 lyfta fram naturen, &hellip; <a href=\"https:\/\/blogs2.abo.fi\/ovningsdaghem\/vindangens-daghem\/\" class=\"more-link\">Forts\u00e4tt l\u00e4sa <span class=\"screen-reader-text\">Vind\u00e4ngens daghem<\/span><\/a><\/p>\n","protected":false},"author":641,"featured_media":0,"parent":0,"menu_order":0,"comment_status":"closed","ping_status":"closed","template":"","meta":{"footnotes":""},"class_list":["post-590","page","type-page","status-publish","hentry"],"_links":{"self":[{"href":"https:\/\/blogs2.abo.fi\/ovningsdaghem\/wp-json\/wp\/v2\/pages\/590","targetHints":{"allow":["GET"]}}],"collection":[{"href":"https:\/\/blogs2.abo.fi\/ovningsdaghem\/wp-json\/wp\/v2\/pages"}],"about":[{"href":"https:\/\/blogs2.abo.fi\/ovningsdaghem\/wp-json\/wp\/v2\/types\/page"}],"author":[{"embeddable":true,"href":"https:\/\/blogs2.abo.fi\/ovningsdaghem\/wp-json\/wp\/v2\/users\/641"}],"replies":[{"embeddable":true,"href":"https:\/\/blogs2.abo.fi\/ovningsdaghem\/wp-json\/wp\/v2\/comments?post=590"}],"version-history":[{"count":4,"href":"https:\/\/blogs2.abo.fi\/ovningsdaghem\/wp-json\/wp\/v2\/pages\/590\/revisions"}],"predecessor-version":[{"id":1152,"href":"https:\/\/blogs2.abo.fi\/ovningsdaghem\/wp-json\/wp\/v2\/pages\/590\/revisions\/1152"}],"wp:attachment":[{"href":"https:\/\/blogs2.abo.fi\/ovningsdaghem\/wp-json\/wp\/v2\/media?parent=590"}],"curies":[{"name":"wp","href":"https:\/\/api.w.org\/{rel}","templated":true}]}}