{"id":584,"date":"2021-09-22T13:12:05","date_gmt":"2021-09-22T10:12:05","guid":{"rendered":"https:\/\/blogs2.abo.fi\/ovningsdaghem\/?page_id=584"},"modified":"2024-06-25T11:22:49","modified_gmt":"2024-06-25T08:22:49","slug":"kyrkostrands-daghem","status":"publish","type":"page","link":"https:\/\/blogs2.abo.fi\/ovningsdaghem\/kyrkostrands-daghem\/","title":{"rendered":"Kyrkostrands daghem"},"content":{"rendered":"<p><img loading=\"lazy\" decoding=\"async\" class=\"alignnone wp-image-586 size-full\" src=\"http:\/\/blogs2.abo.fi\/ovningsdaghem\/wp-content\/uploads\/sites\/159\/2021\/09\/Kyrkostrand-2.jpg\" alt=\"\" width=\"482\" height=\"361\" srcset=\"https:\/\/blogs2.abo.fi\/ovningsdaghem\/wp-content\/uploads\/sites\/159\/2021\/09\/Kyrkostrand-2.jpg 482w, https:\/\/blogs2.abo.fi\/ovningsdaghem\/wp-content\/uploads\/sites\/159\/2021\/09\/Kyrkostrand-2-300x225.jpg 300w\" sizes=\"auto, (max-width: 482px) 100vw, 482px\" \/><\/p>\n<h1><strong>Kyrkostrands daghem<\/strong><\/h1>\n<p>Kyrkostrands daghem \u00e4r ett tv\u00e5spr\u00e5kigt daghem med barn i \u00e5ldern 1-5 \u00e5r, bel\u00e4get i <strong>Jakobstad<\/strong>. Vi har fem avdelningar varav tv\u00e5 \u00e4r finskspr\u00e5kiga och tre \u00e4r svenskspr\u00e5kiga. Sammanlagt har vi plats f\u00f6r 87 barn. Personalstyrkan p\u00e5 Kyrkostrands daghem \u00e4r 17 vuxna.<\/p>\n<p><strong>Avdelningarna: <\/strong>Sn\u00e4ckorna (1-3 \u00e5ringar) Sj\u00f6h\u00e4starna (3-5 \u00e5ringar) Delfinerna (3-5 \u00e5ringar) Merit\u00e4hdet (1-3 \u00e5ringar) Kultakalat (3-5 \u00e5ringar)<\/p>\n<p><strong>V\u00e5r pedagogiska grundsyn och pedagogik: <\/strong>P\u00e5 Kyrkostrands daghem prioriterar vi sm\u00e5gruppsarbete, detta \u00e4r viktigt f\u00f6r att barnen ska ha b\u00e4ttre m\u00f6jlighet att v\u00e5ga uttrycka och l\u00e4ra sig samt f\u00e5 utveckla sig i en stressfri milj\u00f6. Viktigt f\u00f6r oss \u00e4r att varje barn ska ha m\u00f6jlighet att l\u00e4ra sig p\u00e5 ett m\u00e5ngsidigt s\u00e4tt samt f\u00e5 st\u00f6d av pedagogerna i sitt l\u00e4rande. Vi fr\u00e4mjar barnets delaktighet i verksamheten, vilket betyder att barnen f\u00e5r vara delaktiga i planeringen och utvecklingen av verksamheten samt utv\u00e4rderingen. I och med att vi \u00e4r ett tv\u00e5spr\u00e5kigt daghem samarbetar vi \u00e4ven \u00f6ver spr\u00e5kgr\u00e4nser, det har barnen uppskattat.<\/p>\n<p><strong>Varf\u00f6r ska studerande g\u00f6ra praktik p\u00e5 v\u00e5rt daghem? <\/strong>P\u00e5 Kyrkostrands daghem f\u00e5r du som studerande l\u00e4ra dig mycket praktiska saker om yrket som l\u00e4rare inom sm\u00e5barnspedagogik. Du f\u00e5r vara med och planera verksamheten, utf\u00f6ra den samt utv\u00e4rdera och fundera hur verksamheten kan utvecklas. Vi \u00f6nskar att du \u00e4r \u00f6ppen och vill l\u00e4ra dig samt att du tar tillf\u00e4lle i akt att fr\u00e5ga det som du undrar av v\u00e5ra handledare.<\/p>\n<p><strong>Vi kan erbjuda boende f\u00f6r den studerande under praktiktiden<\/strong>: Nej<\/p>\n<p><strong>Vi kan hj\u00e4lpa till att s\u00f6ka boende f\u00f6r den studerande under praktiktiden<\/strong>: Nej<\/p>\n","protected":false},"excerpt":{"rendered":"<p>Kyrkostrands daghem Kyrkostrands daghem \u00e4r ett tv\u00e5spr\u00e5kigt daghem med barn i \u00e5ldern 1-5 \u00e5r, bel\u00e4get i Jakobstad. Vi har fem avdelningar varav tv\u00e5 \u00e4r finskspr\u00e5kiga och tre \u00e4r svenskspr\u00e5kiga. Sammanlagt har vi plats f\u00f6r 87 barn. Personalstyrkan p\u00e5 Kyrkostrands daghem \u00e4r 17 vuxna. Avdelningarna: Sn\u00e4ckorna (1-3 \u00e5ringar) Sj\u00f6h\u00e4starna (3-5 \u00e5ringar) Delfinerna (3-5 \u00e5ringar) Merit\u00e4hdet (1-3 &hellip; <a href=\"https:\/\/blogs2.abo.fi\/ovningsdaghem\/kyrkostrands-daghem\/\" class=\"more-link\">Forts\u00e4tt l\u00e4sa <span class=\"screen-reader-text\">Kyrkostrands daghem<\/span><\/a><\/p>\n","protected":false},"author":641,"featured_media":0,"parent":0,"menu_order":0,"comment_status":"closed","ping_status":"closed","template":"","meta":{"footnotes":""},"class_list":["post-584","page","type-page","status-publish","hentry"],"_links":{"self":[{"href":"https:\/\/blogs2.abo.fi\/ovningsdaghem\/wp-json\/wp\/v2\/pages\/584","targetHints":{"allow":["GET"]}}],"collection":[{"href":"https:\/\/blogs2.abo.fi\/ovningsdaghem\/wp-json\/wp\/v2\/pages"}],"about":[{"href":"https:\/\/blogs2.abo.fi\/ovningsdaghem\/wp-json\/wp\/v2\/types\/page"}],"author":[{"embeddable":true,"href":"https:\/\/blogs2.abo.fi\/ovningsdaghem\/wp-json\/wp\/v2\/users\/641"}],"replies":[{"embeddable":true,"href":"https:\/\/blogs2.abo.fi\/ovningsdaghem\/wp-json\/wp\/v2\/comments?post=584"}],"version-history":[{"count":4,"href":"https:\/\/blogs2.abo.fi\/ovningsdaghem\/wp-json\/wp\/v2\/pages\/584\/revisions"}],"predecessor-version":[{"id":1030,"href":"https:\/\/blogs2.abo.fi\/ovningsdaghem\/wp-json\/wp\/v2\/pages\/584\/revisions\/1030"}],"wp:attachment":[{"href":"https:\/\/blogs2.abo.fi\/ovningsdaghem\/wp-json\/wp\/v2\/media?parent=584"}],"curies":[{"name":"wp","href":"https:\/\/api.w.org\/{rel}","templated":true}]}}