{"id":580,"date":"2021-09-20T11:31:42","date_gmt":"2021-09-20T08:31:42","guid":{"rendered":"https:\/\/blogs2.abo.fi\/ovningsdaghem\/?page_id=580"},"modified":"2024-06-25T09:55:25","modified_gmt":"2024-06-25T06:55:25","slug":"sundom-daghem-2","status":"publish","type":"page","link":"https:\/\/blogs2.abo.fi\/ovningsdaghem\/sundom-daghem-2\/","title":{"rendered":"Sundom daghem och Barnholken"},"content":{"rendered":"<p><img loading=\"lazy\" decoding=\"async\" class=\"alignnone wp-image-581 size-full\" src=\"http:\/\/blogs2.abo.fi\/ovningsdaghem\/wp-content\/uploads\/sites\/159\/2021\/09\/Sundom-daghem.png\" alt=\"\" width=\"605\" height=\"336\" srcset=\"https:\/\/blogs2.abo.fi\/ovningsdaghem\/wp-content\/uploads\/sites\/159\/2021\/09\/Sundom-daghem.png 605w, https:\/\/blogs2.abo.fi\/ovningsdaghem\/wp-content\/uploads\/sites\/159\/2021\/09\/Sundom-daghem-300x167.png 300w\" sizes=\"auto, (max-width: 605px) 100vw, 605px\" \/><\/p>\n<h1>Sundom daghem och Barnholken<\/h1>\n<p><strong>Daghemmets ort:<\/strong> Vasa<\/p>\n<p><strong>Daghemmets storlek:<\/strong> Tv\u00e5 f\u00f6rskolegrupper och en flexibel grupp, 21 barn per avdelning<\/p>\n<p><strong>Vi verkar p\u00e5 f\u00f6ljande spr\u00e5k: <\/strong>Svenska<\/p>\n<p><strong>V\u00e5r pedagogiska grundsyn:<\/strong> I v\u00e5ra daghem bedriver vi h\u00f6gklassig sm\u00e5barnspedagogik som st\u00e4rker barnets egna f\u00e4rdigheter, l\u00e4rande och utveckling. Genom att g\u00f6ra barnet delaktigt i planeringen, genomf\u00f6randet och utv\u00e4rderingen av v\u00e5r verksamhet m\u00f6jligg\u00f6r vi en verksamhet som utg\u00e5r fr\u00e5n barnens intressen och behov. Vi jobbar f\u00f6r en gl\u00e4djefylld, inspirerande och pedagogisk vardag f\u00f6r barnen.<\/p>\n<p><strong>V\u00e5r pedagogik:<\/strong> V\u00e5r verksamhet utg\u00e5r fr\u00e5n planen f\u00f6r sm\u00e5barnspedagogik, f\u00f6rskolans l\u00e4roplan och vi deltar i f\u00f6rs\u00f6ket med tv\u00e5\u00e5rig f\u00f6rskola.<\/p>\n<p>I v\u00e5r pedagogik betonar vi r\u00f6relsegl\u00e4dje, spr\u00e5klig medvetenhet, social kompetens och upplevelser i naturen.<\/p>\n<p>Pedagogik utomhus h\u00f6r till vardagen eftersom det intill daghemmet finns en stor skog d\u00e4r vi vistas ofta. En stor del av verksamheten enligt l\u00e4roplanen kan med f\u00f6rdel utf\u00f6ras utomhus.<\/p>\n<p>Under l\u00e4s\u00e5ren 2021-2023 deltar vi i ett lekprojekt d\u00e4r leken ska f\u00e5 en st\u00f6rre betydelse i verksamheten.\u00a0 Genom detta projekt betonar vi barnets intressen men ocks\u00e5\u00a0 \u00e4mnena energi, havet och upplevelsernas Vasa som omn\u00e4mns i stadens l\u00e4roplan.<\/p>\n<p><strong>Varf\u00f6r ska studerande g\u00f6ra praktik p\u00e5 v\u00e5rt daghem?: <\/strong>Sundom daghem \u00e4r bel\u00e4get i samma byggnad som skolan\/l\u00e4rcentret. Daghemmet samarbetar med skolan och anv\u00e4nder bl.a. deras matsal och gymnastiksal. F\u00f6rskolan har ocks\u00e5 tillg\u00e5ng till sl\u00f6jdsalen. L\u00e4rcentrets bibliotek bes\u00f6ks regelbundet. Intill daghemmet finns en stor och inspirerande skog d\u00e4r vi ofta vistas. \u00a0Studeranden har m\u00f6jlighet att praktisera i en f\u00f6rskolegrupp eller i en flexibel grupp.<\/p>\n<p>Hos oss f\u00e5r du m\u00f6jlighet att utvecklas i din roll som l\u00e4rare inom sm\u00e5barnspedagogik, tillsammans med trevliga kollegor. V\u00e4lkommen!<\/p>\n<p><strong>Vi kan erbjuda boende f\u00f6r den studerande under praktiktiden:<\/strong> Nej<\/p>\n<p><strong>Vi kan hj\u00e4lpa till att s\u00f6ka boende f\u00f6r den studerande under praktiktiden<\/strong>:\u00a0Nej<\/p>\n","protected":false},"excerpt":{"rendered":"<p>Sundom daghem och Barnholken Daghemmets ort: Vasa Daghemmets storlek: Tv\u00e5 f\u00f6rskolegrupper och en flexibel grupp, 21 barn per avdelning Vi verkar p\u00e5 f\u00f6ljande spr\u00e5k: Svenska V\u00e5r pedagogiska grundsyn: I v\u00e5ra daghem bedriver vi h\u00f6gklassig sm\u00e5barnspedagogik som st\u00e4rker barnets egna f\u00e4rdigheter, l\u00e4rande och utveckling. Genom att g\u00f6ra barnet delaktigt i planeringen, genomf\u00f6randet och utv\u00e4rderingen av v\u00e5r &hellip; <a href=\"https:\/\/blogs2.abo.fi\/ovningsdaghem\/sundom-daghem-2\/\" class=\"more-link\">Forts\u00e4tt l\u00e4sa <span class=\"screen-reader-text\">Sundom daghem och Barnholken<\/span><\/a><\/p>\n","protected":false},"author":641,"featured_media":0,"parent":0,"menu_order":0,"comment_status":"closed","ping_status":"closed","template":"","meta":{"footnotes":""},"class_list":["post-580","page","type-page","status-publish","hentry"],"_links":{"self":[{"href":"https:\/\/blogs2.abo.fi\/ovningsdaghem\/wp-json\/wp\/v2\/pages\/580","targetHints":{"allow":["GET"]}}],"collection":[{"href":"https:\/\/blogs2.abo.fi\/ovningsdaghem\/wp-json\/wp\/v2\/pages"}],"about":[{"href":"https:\/\/blogs2.abo.fi\/ovningsdaghem\/wp-json\/wp\/v2\/types\/page"}],"author":[{"embeddable":true,"href":"https:\/\/blogs2.abo.fi\/ovningsdaghem\/wp-json\/wp\/v2\/users\/641"}],"replies":[{"embeddable":true,"href":"https:\/\/blogs2.abo.fi\/ovningsdaghem\/wp-json\/wp\/v2\/comments?post=580"}],"version-history":[{"count":5,"href":"https:\/\/blogs2.abo.fi\/ovningsdaghem\/wp-json\/wp\/v2\/pages\/580\/revisions"}],"predecessor-version":[{"id":1065,"href":"https:\/\/blogs2.abo.fi\/ovningsdaghem\/wp-json\/wp\/v2\/pages\/580\/revisions\/1065"}],"wp:attachment":[{"href":"https:\/\/blogs2.abo.fi\/ovningsdaghem\/wp-json\/wp\/v2\/media?parent=580"}],"curies":[{"name":"wp","href":"https:\/\/api.w.org\/{rel}","templated":true}]}}