{"id":572,"date":"2021-09-15T12:55:07","date_gmt":"2021-09-15T09:55:07","guid":{"rendered":"https:\/\/blogs2.abo.fi\/ovningsdaghem\/?page_id=572"},"modified":"2024-10-02T13:38:36","modified_gmt":"2024-10-02T10:38:36","slug":"minerva-forskola","status":"publish","type":"page","link":"https:\/\/blogs2.abo.fi\/ovningsdaghem\/minerva-forskola\/","title":{"rendered":"Minerva f\u00f6rskola"},"content":{"rendered":"<h1>Minerva f\u00f6rskola<\/h1>\n<p><strong>F\u00f6rskolans ort: <\/strong>Helsingfors<\/p>\n<p><strong>F\u00f6rskolans storlek: <\/strong>3 grupper och platsantal 42<\/p>\n<p><strong>V\u00e5r pedagogiska grundsyn:<\/strong><br \/>\nAtt st\u00f6dja barnets f\u00f6ruts\u00e4ttningar f\u00f6r l\u00e4randet och fr\u00e4mja livsl\u00e5ngt l\u00e4rande och uppfyllandet av j\u00e4mnlikhet i enlighet med inkluderande principer.<\/p>\n<p><strong>V\u00e5r pedagogik:<\/strong><br \/>\nSE DET GODA &#8211; positiv pedagogik<\/p>\n<p><strong>Varf\u00f6r ska studerande g\u00f6ra praktik p\u00e5 v\u00e5r f\u00f6rskola?: <\/strong><br \/>\nVi \u00e4r en f\u00f6rskola \u00a0med daghem och skola i samma byggnad. F\u00f6rskolan har en bra grund och vi vill g\u00e4rna underst\u00f6da utbildning. Vi bjuder till pedagogisk diskussion och att utbyta ideer och erfarenheter.<\/p>\n<p><strong>Vi kan erbjuda boende f\u00f6r den studerande under praktiktiden: <\/strong>Nej<\/p>\n<p><strong>Vi kan hj\u00e4lpa till att s\u00f6ka boende f\u00f6r den studerande under praktiktiden: <\/strong>Nej<\/p>\n","protected":false},"excerpt":{"rendered":"<p>Minerva f\u00f6rskola F\u00f6rskolans ort: Helsingfors F\u00f6rskolans storlek: 3 grupper och platsantal 42 V\u00e5r pedagogiska grundsyn: Att st\u00f6dja barnets f\u00f6ruts\u00e4ttningar f\u00f6r l\u00e4randet och fr\u00e4mja livsl\u00e5ngt l\u00e4rande och uppfyllandet av j\u00e4mnlikhet i enlighet med inkluderande principer. V\u00e5r pedagogik: SE DET GODA &#8211; positiv pedagogik Varf\u00f6r ska studerande g\u00f6ra praktik p\u00e5 v\u00e5r f\u00f6rskola?: Vi \u00e4r en f\u00f6rskola \u00a0med &hellip; <a href=\"https:\/\/blogs2.abo.fi\/ovningsdaghem\/minerva-forskola\/\" class=\"more-link\">Forts\u00e4tt l\u00e4sa <span class=\"screen-reader-text\">Minerva f\u00f6rskola<\/span><\/a><\/p>\n","protected":false},"author":641,"featured_media":0,"parent":0,"menu_order":0,"comment_status":"closed","ping_status":"closed","template":"","meta":{"footnotes":""},"class_list":["post-572","page","type-page","status-publish","hentry"],"_links":{"self":[{"href":"https:\/\/blogs2.abo.fi\/ovningsdaghem\/wp-json\/wp\/v2\/pages\/572","targetHints":{"allow":["GET"]}}],"collection":[{"href":"https:\/\/blogs2.abo.fi\/ovningsdaghem\/wp-json\/wp\/v2\/pages"}],"about":[{"href":"https:\/\/blogs2.abo.fi\/ovningsdaghem\/wp-json\/wp\/v2\/types\/page"}],"author":[{"embeddable":true,"href":"https:\/\/blogs2.abo.fi\/ovningsdaghem\/wp-json\/wp\/v2\/users\/641"}],"replies":[{"embeddable":true,"href":"https:\/\/blogs2.abo.fi\/ovningsdaghem\/wp-json\/wp\/v2\/comments?post=572"}],"version-history":[{"count":6,"href":"https:\/\/blogs2.abo.fi\/ovningsdaghem\/wp-json\/wp\/v2\/pages\/572\/revisions"}],"predecessor-version":[{"id":1256,"href":"https:\/\/blogs2.abo.fi\/ovningsdaghem\/wp-json\/wp\/v2\/pages\/572\/revisions\/1256"}],"wp:attachment":[{"href":"https:\/\/blogs2.abo.fi\/ovningsdaghem\/wp-json\/wp\/v2\/media?parent=572"}],"curies":[{"name":"wp","href":"https:\/\/api.w.org\/{rel}","templated":true}]}}