{"id":566,"date":"2021-09-15T12:38:31","date_gmt":"2021-09-15T09:38:31","guid":{"rendered":"https:\/\/blogs2.abo.fi\/ovningsdaghem\/?page_id=566"},"modified":"2024-06-25T11:34:51","modified_gmt":"2024-06-25T08:34:51","slug":"566-2","status":"publish","type":"page","link":"https:\/\/blogs2.abo.fi\/ovningsdaghem\/566-2\/","title":{"rendered":"Malm\u00f6g\u00e5rdens daghem"},"content":{"rendered":"<p><img loading=\"lazy\" decoding=\"async\" class=\"alignnone wp-image-829 size-large\" src=\"http:\/\/blogs2.abo.fi\/ovningsdaghem\/wp-content\/uploads\/sites\/159\/2022\/06\/Malmogarden-sommar-1024x768.png\" alt=\"\" width=\"660\" height=\"495\" srcset=\"https:\/\/blogs2.abo.fi\/ovningsdaghem\/wp-content\/uploads\/sites\/159\/2022\/06\/Malmogarden-sommar-1024x768.png 1024w, https:\/\/blogs2.abo.fi\/ovningsdaghem\/wp-content\/uploads\/sites\/159\/2022\/06\/Malmogarden-sommar-300x225.png 300w, https:\/\/blogs2.abo.fi\/ovningsdaghem\/wp-content\/uploads\/sites\/159\/2022\/06\/Malmogarden-sommar-768x576.png 768w, https:\/\/blogs2.abo.fi\/ovningsdaghem\/wp-content\/uploads\/sites\/159\/2022\/06\/Malmogarden-sommar-624x468.png 624w, https:\/\/blogs2.abo.fi\/ovningsdaghem\/wp-content\/uploads\/sites\/159\/2022\/06\/Malmogarden-sommar.png 1217w\" sizes=\"auto, (max-width: 660px) 100vw, 660px\" \/><\/p>\n<h1>Malm\u00f6g\u00e5rdens daghem<\/h1>\n<p><strong>Daghemmets ort:<\/strong> Vasa<\/p>\n<p><strong>Daghemmets storlek:<\/strong> 7 avdelningar, 106 barn<\/p>\n<p><strong>Vi verkar p\u00e5 f\u00f6ljande spr\u00e5k:<\/strong> Svenska<\/p>\n<p><strong>V\u00e5r pedagogiska grundsyn: <\/strong> Vi fokuserar p\u00e5 och v\u00e4rdes\u00e4tter att alla barn ska f\u00e5 en sund sj\u00e4lvk\u00e4nsla och f\u00e5 vara sig sj\u00e4lva i v\u00e5r verksamhet. Vi ger barnen m\u00f6jligheter att prova p\u00e5 nya upplevelser och m\u00f6jlighet att l\u00e4ra sig p\u00e5 olika s\u00e4tt. Trygghet, gott bem\u00f6tande och gl\u00e4dje \u00e4r n\u00e5got av de saker vi tycker att \u00e4r viktigt att alla barn f\u00e5r uppleva.<\/p>\n<p>Trygghet: barnet i fokus, n\u00e4rvarande vuxna som ser barnen, trivsam milj\u00f6 och bra gemenskap<\/p>\n<p>Gott bem\u00f6tande: samarbetsvilja bland personalen,\u00a0 j\u00e4mlikt och respektfullt bem\u00f6tande mot barn och familjer n\u00e4r det kommer till k\u00f6n, etnicitet och religion.<\/p>\n<p>Gl\u00e4dje: lek, positiv st\u00e4mning och m\u00e5ngsidig verksamhet.<\/p>\n<p><strong>V\u00e5r pedagogik:<\/strong> Trygghet<strong>:<\/strong> Barn\/vuxna har r\u00e4tt till en v\u00e4lfungerande vardag och f\u00f6r honom\/henne ett betydelsefullt och meningsfullt liv. Trygghet byggs upp av gemensamt \u00f6verenskomna, r\u00e4ttvisa och konsekventa regler.<\/p>\n<p>Social kompetens och h\u00e4nsyn: Vi beaktar och bry oss om varandra. Vi f\u00f6rh\u00e5ller oss positiva till oss sj\u00e4lva, till andra m\u00e4nniskor, olika kulturer och omgivningar. Personalen skall vara goda f\u00f6rebilder f\u00f6r barnen.<\/p>\n<p>Sund sj\u00e4lvk\u00e4nsla: En positiv syn fr\u00e5n personalen ger barnen en god sj\u00e4lvk\u00e4nsla.<\/p>\n<p>Fr\u00e5n och med h\u00f6sten pr\u00f6var vi ut ett nytt sp\u00e4nnande s\u00e4tt att jobba p\u00e5 bland de \u00e4ldsta barnen. Vi sl\u00e5r ihop tv\u00e5 grupper och dess personal f\u00f6r att p\u00e5 b\u00e4ttre s\u00e4tt kunna anv\u00e4nda oss av utrymmen, ta tillvara p\u00e5 personalens f\u00f6rm\u00e5gor och intressen inom olika omr\u00e5den, samt att ge barnen m\u00f6jlighet att hitta likasinnade kompisar fr\u00e5n flera grupper.<\/p>\n<p><strong>Varf\u00f6r ska studerande g\u00f6ra praktik p\u00e5 v\u00e5rt daghem?:<\/strong> H\u00e4r f\u00e5r de studerande m\u00f6jlighet att se hur verksamheten fungerar i ett st\u00f6rre daghem med m\u00e5nga avdelningar.<\/p>\n<p>Vi har en fin och stor g\u00e5rd och n\u00e4rhet till naturen och parker och lekplatser.<\/p>\n<p><strong>Vi kan erbjuda boende f\u00f6r den studerande under praktiktiden:<\/strong> Nej<\/p>\n<p><strong>Vi kan hj\u00e4lpa till att s\u00f6ka boende f\u00f6r den studerande under praktiktiden:<\/strong> Nej<\/p>\n","protected":false},"excerpt":{"rendered":"<p>Malm\u00f6g\u00e5rdens daghem Daghemmets ort: Vasa Daghemmets storlek: 7 avdelningar, 106 barn Vi verkar p\u00e5 f\u00f6ljande spr\u00e5k: Svenska V\u00e5r pedagogiska grundsyn: Vi fokuserar p\u00e5 och v\u00e4rdes\u00e4tter att alla barn ska f\u00e5 en sund sj\u00e4lvk\u00e4nsla och f\u00e5 vara sig sj\u00e4lva i v\u00e5r verksamhet. Vi ger barnen m\u00f6jligheter att prova p\u00e5 nya upplevelser och m\u00f6jlighet att l\u00e4ra sig &hellip; <a href=\"https:\/\/blogs2.abo.fi\/ovningsdaghem\/566-2\/\" class=\"more-link\">Forts\u00e4tt l\u00e4sa <span class=\"screen-reader-text\">Malm\u00f6g\u00e5rdens daghem<\/span><\/a><\/p>\n","protected":false},"author":641,"featured_media":0,"parent":0,"menu_order":0,"comment_status":"closed","ping_status":"closed","template":"","meta":{"footnotes":""},"class_list":["post-566","page","type-page","status-publish","hentry"],"_links":{"self":[{"href":"https:\/\/blogs2.abo.fi\/ovningsdaghem\/wp-json\/wp\/v2\/pages\/566","targetHints":{"allow":["GET"]}}],"collection":[{"href":"https:\/\/blogs2.abo.fi\/ovningsdaghem\/wp-json\/wp\/v2\/pages"}],"about":[{"href":"https:\/\/blogs2.abo.fi\/ovningsdaghem\/wp-json\/wp\/v2\/types\/page"}],"author":[{"embeddable":true,"href":"https:\/\/blogs2.abo.fi\/ovningsdaghem\/wp-json\/wp\/v2\/users\/641"}],"replies":[{"embeddable":true,"href":"https:\/\/blogs2.abo.fi\/ovningsdaghem\/wp-json\/wp\/v2\/comments?post=566"}],"version-history":[{"count":8,"href":"https:\/\/blogs2.abo.fi\/ovningsdaghem\/wp-json\/wp\/v2\/pages\/566\/revisions"}],"predecessor-version":[{"id":1147,"href":"https:\/\/blogs2.abo.fi\/ovningsdaghem\/wp-json\/wp\/v2\/pages\/566\/revisions\/1147"}],"wp:attachment":[{"href":"https:\/\/blogs2.abo.fi\/ovningsdaghem\/wp-json\/wp\/v2\/media?parent=566"}],"curies":[{"name":"wp","href":"https:\/\/api.w.org\/{rel}","templated":true}]}}