{"id":557,"date":"2021-09-15T11:13:44","date_gmt":"2021-09-15T08:13:44","guid":{"rendered":"https:\/\/blogs2.abo.fi\/ovningsdaghem\/?page_id=557"},"modified":"2024-06-25T11:39:23","modified_gmt":"2024-06-25T08:39:23","slug":"nasby-daghem","status":"publish","type":"page","link":"https:\/\/blogs2.abo.fi\/ovningsdaghem\/nasby-daghem\/","title":{"rendered":"N\u00e4sby daghem"},"content":{"rendered":"<h1><strong><u><img decoding=\"async\" src=\"https:\/\/cdn.hssmedia.fi\/Newsmedia\/2018\/10\/24\/647\/IQqYNfqxFLHn.JPG\" alt=\"Trots m\u00e5nga barn i dagv\u00e5rd sjunker inkomsterna fr\u00e5n dagv\u00e5rdsavgifterna i N\u00e4rpes. N\u00e4sby daghem \u00e4r ett av nio daghem i staden.\" \/> <\/u><\/strong><\/h1>\n<p><a href=\"https:\/\/www.osterbottenstidning.fi\/Artikel\/Visa\/239029\">Bilden<\/a> \u00e4r fotad av Mona S\u00f6derman.<\/p>\n<h1>N\u00e4sby daghem<\/h1>\n<p><strong>Daghemmets ort: <\/strong>N\u00e4rpes<\/p>\n<p><strong>Daghemmets storlek: <\/strong>3 grupper, 33 platser<\/p>\n<p><strong>Vi verkar p\u00e5 f\u00f6ljande spr\u00e5k: <\/strong>Svenska<\/p>\n<p><strong>V\u00e5r pedagogiska grundsyn:<\/strong> V\u00e5rt m\u00e5l \u00e4r att alla skall f\u00e5 k\u00e4nna sig trygga, sedda och h\u00f6rda. Med trygghet menar vi att alla skall f\u00e5 vara som de \u00e4r , uttrycka sina \u00e5sikter, bli v\u00e4nligt bem\u00f6tta utan sarkasm och ironi. Man l\u00e4r sig genom f\u00f6rs\u00f6k och misstag, att sj\u00e4lva ta reda p\u00e5 och sedan pr\u00f6va detta i praktiken.<\/p>\n<p><strong>V\u00e5r pedagogik:<\/strong><\/p>\n<ul>\n<li style=\"text-align: left\">\u00c5rets tema \u00e4r positiva relationer<\/li>\n<li style=\"text-align: left\">Vi jobbar ocks\u00e5 mycket med spr\u00e5k<\/li>\n<li style=\"text-align: left\">Varje vecka g\u00f6r vi skogsutflykter<\/li>\n<\/ul>\n<p><strong>Varf\u00f6r ska studerande g\u00f6ra praktik p\u00e5 v\u00e5rt daghem?:<\/strong> V\u00e5rt daghem \u00e4r ett litet familj\u00e4rt daghem med en kompetent och dedikerad personal. Vi har barn fr\u00e5n flera olika kulturer. Vi har m\u00e5ng\u00e5rig erfarenhet av att jobba med barn och f\u00f6r\u00e4ldrar fr\u00e5n olika kulturer.<\/p>\n<p><strong>Vi kan erbjuda boende f\u00f6r den studerande under praktiktiden:<\/strong> Nej<\/p>\n<p><strong>Vi kan hj\u00e4lpa till att s\u00f6ka boende f\u00f6r den studerande under praktiktiden:<\/strong> Nej<\/p>\n","protected":false},"excerpt":{"rendered":"<p>Bilden \u00e4r fotad av Mona S\u00f6derman. N\u00e4sby daghem Daghemmets ort: N\u00e4rpes Daghemmets storlek: 3 grupper, 33 platser Vi verkar p\u00e5 f\u00f6ljande spr\u00e5k: Svenska V\u00e5r pedagogiska grundsyn: V\u00e5rt m\u00e5l \u00e4r att alla skall f\u00e5 k\u00e4nna sig trygga, sedda och h\u00f6rda. Med trygghet menar vi att alla skall f\u00e5 vara som de \u00e4r , uttrycka sina \u00e5sikter, &hellip; <a href=\"https:\/\/blogs2.abo.fi\/ovningsdaghem\/nasby-daghem\/\" class=\"more-link\">Forts\u00e4tt l\u00e4sa <span class=\"screen-reader-text\">N\u00e4sby daghem<\/span><\/a><\/p>\n","protected":false},"author":641,"featured_media":0,"parent":0,"menu_order":0,"comment_status":"closed","ping_status":"closed","template":"","meta":{"footnotes":""},"class_list":["post-557","page","type-page","status-publish","hentry"],"_links":{"self":[{"href":"https:\/\/blogs2.abo.fi\/ovningsdaghem\/wp-json\/wp\/v2\/pages\/557","targetHints":{"allow":["GET"]}}],"collection":[{"href":"https:\/\/blogs2.abo.fi\/ovningsdaghem\/wp-json\/wp\/v2\/pages"}],"about":[{"href":"https:\/\/blogs2.abo.fi\/ovningsdaghem\/wp-json\/wp\/v2\/types\/page"}],"author":[{"embeddable":true,"href":"https:\/\/blogs2.abo.fi\/ovningsdaghem\/wp-json\/wp\/v2\/users\/641"}],"replies":[{"embeddable":true,"href":"https:\/\/blogs2.abo.fi\/ovningsdaghem\/wp-json\/wp\/v2\/comments?post=557"}],"version-history":[{"count":5,"href":"https:\/\/blogs2.abo.fi\/ovningsdaghem\/wp-json\/wp\/v2\/pages\/557\/revisions"}],"predecessor-version":[{"id":1079,"href":"https:\/\/blogs2.abo.fi\/ovningsdaghem\/wp-json\/wp\/v2\/pages\/557\/revisions\/1079"}],"wp:attachment":[{"href":"https:\/\/blogs2.abo.fi\/ovningsdaghem\/wp-json\/wp\/v2\/media?parent=557"}],"curies":[{"name":"wp","href":"https:\/\/api.w.org\/{rel}","templated":true}]}}