{"id":552,"date":"2021-09-06T16:56:56","date_gmt":"2021-09-06T13:56:56","guid":{"rendered":"https:\/\/blogs2.abo.fi\/ovningsdaghem\/?page_id=552"},"modified":"2024-06-25T09:35:25","modified_gmt":"2024-06-25T06:35:25","slug":"haga-daghem","status":"publish","type":"page","link":"https:\/\/blogs2.abo.fi\/ovningsdaghem\/haga-daghem\/","title":{"rendered":"Haga daghem"},"content":{"rendered":"<h1><strong><img loading=\"lazy\" decoding=\"async\" class=\"alignnone wp-image-553 size-full\" src=\"http:\/\/blogs2.abo.fi\/ovningsdaghem\/wp-content\/uploads\/sites\/159\/2021\/09\/Haga.png\" alt=\"\" width=\"480\" height=\"320\" srcset=\"https:\/\/blogs2.abo.fi\/ovningsdaghem\/wp-content\/uploads\/sites\/159\/2021\/09\/Haga.png 480w, https:\/\/blogs2.abo.fi\/ovningsdaghem\/wp-content\/uploads\/sites\/159\/2021\/09\/Haga-300x200.png 300w\" sizes=\"auto, (max-width: 480px) 100vw, 480px\" \/><\/strong><\/h1>\n<h1>Haga daghem<\/h1>\n<p><strong>Daghemmets ort: <\/strong>Vasa<\/p>\n<p><strong>Daghemmets storlek: <\/strong><br \/>\n2 avdelningar:<br \/>\nKnattarna \u00a01- 4 \u00e5r<br \/>\nMymlorna 5-6 \u00e5r<\/p>\n<p><strong>Vi verkar p\u00e5 f\u00f6ljande spr\u00e5k: <\/strong>Svenska<\/p>\n<p><strong>V\u00e5r pedagogiska grundsyn:<\/strong> Vi finns bel\u00e4gna ett stenkast fr\u00e5n Ruinerna och Alkula g\u00e5rd. Vi har m\u00f6jlighet till m\u00e5ngsidig anv\u00e4ndning av skidsp\u00e5r, skridskobana, konstgr\u00e4s, bibliotek och parker, eftersom allt finns p\u00e5 promenadavst\u00e5nd fr\u00e5n v\u00e5rt daghem. Haga l\u00e5gstadieskola finns ocks\u00e5 i samma byggnad som v\u00e5rt daghem.<\/p>\n<p>Det \u00e4r genom leken som vi l\u00e4r oss. D\u00e4rf\u00f6r har leken en central betydelse i v\u00e5r verksamhet, en verksamhet d\u00e4r nyfikenhet, uppt\u00e4ckargl\u00e4dje och fantasi finns med. Genom leken \u00f6var vi oss ocks\u00e5 p\u00e5 sociala f\u00e4rdigheter \u2013 att vara en god v\u00e4n och att ta h\u00e4nsyn till varandra.<br \/>\nP\u00e5 v\u00e5rt daghem \u00e4r den vuxne aktivt n\u00e4rvarande och vi vill ge barnen trygghet och trivsel i en pedagogisk riktig milj\u00f6. Vi vill att barnen ska f\u00e5 den uppm\u00e4rksamhet och n\u00e4rhet det beh\u00f6ver i en glad och positiv milj\u00f6.<\/p>\n<p><strong>V\u00e5r pedagogik:<\/strong> Naturen och milj\u00f6medvetenhet \u00e4r en viktig del av v\u00e5r vardag, liksom lek och r\u00f6relse samt spr\u00e5ktr\u00e4ning.<\/p>\n<p><strong>Varf\u00f6r ska studerande g\u00f6ra praktik p\u00e5 v\u00e5rt daghem?:<\/strong> Vi \u00e4r ett litet familj\u00e4rt daghem i n\u00e4rheten av Haga skola. I v\u00e5r enhet ryms alla \u00e5ldrars barn, fr\u00e5n sm\u00e5barn till f\u00f6rskolebarn och varje barn \u00e4r lika viktiga.<\/p>\n<p><strong>Vi kan erbjuda boende f\u00f6r den studerande under praktiktiden: <\/strong>Nej<\/p>\n<p><strong>Vi kan hj\u00e4lpa till att s\u00f6ka boende f\u00f6r den studerande under praktiktiden: <\/strong>Nej<\/p>\n","protected":false},"excerpt":{"rendered":"<p>Haga daghem Daghemmets ort: Vasa Daghemmets storlek: 2 avdelningar: Knattarna \u00a01- 4 \u00e5r Mymlorna 5-6 \u00e5r Vi verkar p\u00e5 f\u00f6ljande spr\u00e5k: Svenska V\u00e5r pedagogiska grundsyn: Vi finns bel\u00e4gna ett stenkast fr\u00e5n Ruinerna och Alkula g\u00e5rd. Vi har m\u00f6jlighet till m\u00e5ngsidig anv\u00e4ndning av skidsp\u00e5r, skridskobana, konstgr\u00e4s, bibliotek och parker, eftersom allt finns p\u00e5 promenadavst\u00e5nd fr\u00e5n v\u00e5rt &hellip; <a href=\"https:\/\/blogs2.abo.fi\/ovningsdaghem\/haga-daghem\/\" class=\"more-link\">Forts\u00e4tt l\u00e4sa <span class=\"screen-reader-text\">Haga daghem<\/span><\/a><\/p>\n","protected":false},"author":641,"featured_media":0,"parent":0,"menu_order":0,"comment_status":"closed","ping_status":"closed","template":"","meta":{"footnotes":""},"class_list":["post-552","page","type-page","status-publish","hentry"],"_links":{"self":[{"href":"https:\/\/blogs2.abo.fi\/ovningsdaghem\/wp-json\/wp\/v2\/pages\/552","targetHints":{"allow":["GET"]}}],"collection":[{"href":"https:\/\/blogs2.abo.fi\/ovningsdaghem\/wp-json\/wp\/v2\/pages"}],"about":[{"href":"https:\/\/blogs2.abo.fi\/ovningsdaghem\/wp-json\/wp\/v2\/types\/page"}],"author":[{"embeddable":true,"href":"https:\/\/blogs2.abo.fi\/ovningsdaghem\/wp-json\/wp\/v2\/users\/641"}],"replies":[{"embeddable":true,"href":"https:\/\/blogs2.abo.fi\/ovningsdaghem\/wp-json\/wp\/v2\/comments?post=552"}],"version-history":[{"count":5,"href":"https:\/\/blogs2.abo.fi\/ovningsdaghem\/wp-json\/wp\/v2\/pages\/552\/revisions"}],"predecessor-version":[{"id":1048,"href":"https:\/\/blogs2.abo.fi\/ovningsdaghem\/wp-json\/wp\/v2\/pages\/552\/revisions\/1048"}],"wp:attachment":[{"href":"https:\/\/blogs2.abo.fi\/ovningsdaghem\/wp-json\/wp\/v2\/media?parent=552"}],"curies":[{"name":"wp","href":"https:\/\/api.w.org\/{rel}","templated":true}]}}