{"id":543,"date":"2021-09-06T16:31:57","date_gmt":"2021-09-06T13:31:57","guid":{"rendered":"https:\/\/blogs2.abo.fi\/ovningsdaghem\/?page_id=543"},"modified":"2024-06-25T09:57:21","modified_gmt":"2024-06-25T06:57:21","slug":"trollbergets-daghem","status":"publish","type":"page","link":"https:\/\/blogs2.abo.fi\/ovningsdaghem\/trollbergets-daghem\/","title":{"rendered":"Trollbergets daghem"},"content":{"rendered":"<p><img loading=\"lazy\" decoding=\"async\" class=\"alignnone wp-image-544 size-full\" src=\"http:\/\/blogs2.abo.fi\/ovningsdaghem\/wp-content\/uploads\/sites\/159\/2021\/09\/Trollberget.png\" alt=\"\" width=\"480\" height=\"320\" srcset=\"https:\/\/blogs2.abo.fi\/ovningsdaghem\/wp-content\/uploads\/sites\/159\/2021\/09\/Trollberget.png 480w, https:\/\/blogs2.abo.fi\/ovningsdaghem\/wp-content\/uploads\/sites\/159\/2021\/09\/Trollberget-300x200.png 300w\" sizes=\"auto, (max-width: 480px) 100vw, 480px\" \/><\/p>\n<h1>Trollbergets daghem<\/h1>\n<p><strong>Daghemmets ort: <\/strong>Vasa<\/p>\n<p><strong>Daghemmets storlek:<\/strong> 2 avdelningar:<br \/>\nSm\u00e5trollen 1-3 \u00e5r\u00a0<br \/>\nSkogstrollen 3-5 \u00e5r<\/p>\n<p><strong>Vi verkar p\u00e5 f\u00f6ljande spr\u00e5k: <\/strong>Svenska<\/p>\n<p><strong>V\u00e5r pedagogiska grundsyn:<\/strong> V\u00e5rt daghem \u00e4r bel\u00e4get i en lugn och naturn\u00e4ra milj\u00f6 i Roparn\u00e4s. Vi har en stor g\u00e5rd och en egen \u201dTrollskog\u201d, som stimulerar och inbjuder till spontan och fantasifull lek samt m\u00f6jligg\u00f6r varierande fysisk aktivitet dagligen.<\/p>\n<p>Vi f\u00f6ljer \u201dbarna\u00f6gon modellen\u201d vid dagv\u00e5rdens b\u00f6rjan. F\u00f6r att dagv\u00e5rdstarten ska k\u00e4nnas s\u00e5 trygg och mjuk som m\u00f6jligt, kommer vi tillsammans med f\u00f6r\u00e4ldrarna \u00f6verens om en plan hur barnet inv\u00e4njs till daghemmet. Vi erbjuder \u00e4ven hembes\u00f6k.<\/p>\n<p>Vi betonar en m\u00e5ngsidig och naturinspirerad verksamhet d\u00e4r allas v\u00e4lm\u00e5ende st\u00e5r i focus. I samarbete med f\u00f6r\u00e4ldrarna st\u00f6der vi det enskilda barnets utveckling g\u00e4llande barnets v\u00e5rd, fostran och l\u00e4rande.<\/p>\n<p>Vi satsar p\u00e5 verksamhet baserad p\u00e5 barnets behov och intresseomr\u00e5den.<\/p>\n<p>Det \u00e4r genom leken som vi l\u00e4r oss. D\u00e4rf\u00f6r har leken en central betydelse i v\u00e5r verksamhet, en verksamhet d\u00e4r nyfikenhet, uppt\u00e4ckargl\u00e4dje och fantasi finns med, s\u00e5 att vi alla trivs och har roligt tillsammans. Genom leken \u00f6var vi oss ocks\u00e5 p\u00e5 spr\u00e5klig medvetenhet och sociala f\u00e4rdigheter s\u00e5 som att vara en god v\u00e4n och kunna ta h\u00e4nsyn till varandra.<\/p>\n<p><strong>V\u00e5r pedagogik: <\/strong>Det \u00e4r genom leken som vi l\u00e4r oss. D\u00e4rf\u00f6r har leken en central betydelse i v\u00e5r verksamhet, en verksamhet d\u00e4r nyfikenhet, uppt\u00e4ckargl\u00e4dje och fantasi finns med, s\u00e5 att vi alla trivs och har roligt tillsammans. Genom leken \u00f6var vi oss ocks\u00e5 p\u00e5 spr\u00e5klig medvetenhet och sociala f\u00e4rdigheter s\u00e5 som att vara en god v\u00e4n och kunna ta h\u00e4nsyn till varandra.<\/p>\n<p><strong>Varf\u00f6r ska studerande g\u00f6ra praktik p\u00e5 v\u00e5rt daghem?:<\/strong> Vi \u00e4r ett litet familj\u00e4rt daghem i Roparn\u00e4s. V\u00e5r styrka ligger i att enheten \u00e4r liten och personalen k\u00e4nner alla familjer och barn\u00a0 som finns i huset.<\/p>\n<p><strong>Vi kan erbjuda boende f\u00f6r den studerande under praktiktiden:<\/strong> Nej<\/p>\n<p><strong>Vi kan hj\u00e4lpa till att s\u00f6ka boende f\u00f6r den studerande under praktiktiden:<\/strong> Nej<\/p>\n","protected":false},"excerpt":{"rendered":"<p>Trollbergets daghem Daghemmets ort: Vasa Daghemmets storlek: 2 avdelningar: Sm\u00e5trollen 1-3 \u00e5r\u00a0 Skogstrollen 3-5 \u00e5r Vi verkar p\u00e5 f\u00f6ljande spr\u00e5k: Svenska V\u00e5r pedagogiska grundsyn: V\u00e5rt daghem \u00e4r bel\u00e4get i en lugn och naturn\u00e4ra milj\u00f6 i Roparn\u00e4s. Vi har en stor g\u00e5rd och en egen \u201dTrollskog\u201d, som stimulerar och inbjuder till spontan och fantasifull lek samt &hellip; <a href=\"https:\/\/blogs2.abo.fi\/ovningsdaghem\/trollbergets-daghem\/\" class=\"more-link\">Forts\u00e4tt l\u00e4sa <span class=\"screen-reader-text\">Trollbergets daghem<\/span><\/a><\/p>\n","protected":false},"author":641,"featured_media":0,"parent":0,"menu_order":0,"comment_status":"closed","ping_status":"closed","template":"","meta":{"footnotes":""},"class_list":["post-543","page","type-page","status-publish","hentry"],"_links":{"self":[{"href":"https:\/\/blogs2.abo.fi\/ovningsdaghem\/wp-json\/wp\/v2\/pages\/543","targetHints":{"allow":["GET"]}}],"collection":[{"href":"https:\/\/blogs2.abo.fi\/ovningsdaghem\/wp-json\/wp\/v2\/pages"}],"about":[{"href":"https:\/\/blogs2.abo.fi\/ovningsdaghem\/wp-json\/wp\/v2\/types\/page"}],"author":[{"embeddable":true,"href":"https:\/\/blogs2.abo.fi\/ovningsdaghem\/wp-json\/wp\/v2\/users\/641"}],"replies":[{"embeddable":true,"href":"https:\/\/blogs2.abo.fi\/ovningsdaghem\/wp-json\/wp\/v2\/comments?post=543"}],"version-history":[{"count":7,"href":"https:\/\/blogs2.abo.fi\/ovningsdaghem\/wp-json\/wp\/v2\/pages\/543\/revisions"}],"predecessor-version":[{"id":1067,"href":"https:\/\/blogs2.abo.fi\/ovningsdaghem\/wp-json\/wp\/v2\/pages\/543\/revisions\/1067"}],"wp:attachment":[{"href":"https:\/\/blogs2.abo.fi\/ovningsdaghem\/wp-json\/wp\/v2\/media?parent=543"}],"curies":[{"name":"wp","href":"https:\/\/api.w.org\/{rel}","templated":true}]}}