{"id":532,"date":"2021-08-11T15:33:10","date_gmt":"2021-08-11T12:33:10","guid":{"rendered":"https:\/\/blogs2.abo.fi\/ovningsdaghem\/?page_id=532"},"modified":"2024-10-02T13:23:28","modified_gmt":"2024-10-02T10:23:28","slug":"solhagens-daghem","status":"publish","type":"page","link":"https:\/\/blogs2.abo.fi\/ovningsdaghem\/solhagens-daghem\/","title":{"rendered":"Solhagens daghem"},"content":{"rendered":"<h6><img loading=\"lazy\" decoding=\"async\" class=\"alignleft wp-image-533 size-full\" src=\"http:\/\/blogs2.abo.fi\/ovningsdaghem\/wp-content\/uploads\/sites\/159\/2021\/08\/solhagens-daghem.jpg\" alt=\"\" width=\"700\" height=\"394\" srcset=\"https:\/\/blogs2.abo.fi\/ovningsdaghem\/wp-content\/uploads\/sites\/159\/2021\/08\/solhagens-daghem.jpg 700w, https:\/\/blogs2.abo.fi\/ovningsdaghem\/wp-content\/uploads\/sites\/159\/2021\/08\/solhagens-daghem-300x169.jpg 300w, https:\/\/blogs2.abo.fi\/ovningsdaghem\/wp-content\/uploads\/sites\/159\/2021\/08\/solhagens-daghem-624x351.jpg 624w\" sizes=\"auto, (max-width: 700px) 100vw, 700px\" \/>Bild h\u00e4mtad fr\u00e5n<em> <a href=\"https:\/\/svenska.yle.fi\/artikel\/2014\/08\/13\/barnen-i-malax-fick-nytt-dagis\">denna<\/a> <\/em>l\u00e4nk.<\/h6>\n<h1>Solhagens daghem<\/h1>\n<p><strong>Daghemmets ort:<br \/>\n<\/strong>Malax, \u00d6vermalax<\/p>\n<p><strong>Daghemmets storlek:<br \/>\n<\/strong> 6 avdelningar, knappa 90 barn inskrivna.<\/p>\n<p><strong>Vi verkar p\u00e5 f\u00f6ljande spr\u00e5k:<br \/>\n<\/strong>Svenska och finska<\/p>\n<p><strong>V\u00e5r pedagogiska\u00a0grundsyn:<\/strong><br \/>\nV\u00e5rt m\u00e5l \u00e4r att erbjuda verksamhet som k\u00e4nns trygg, v\u00e4lkomnande och gl\u00e4djefylld f\u00f6r barnen.<\/p>\n<p>Alla ska f\u00e5 individuell uppm\u00e4rksamhet och vi tillgodoser allas individuella behov.\u00a0 Det ska k\u00e4nnas bra b\u00e5de f\u00f6r barn, v\u00e5rdnadshavare och personal att komma till Solhagen.<\/p>\n<p><strong>V\u00e5r pedagogik:<\/strong><br \/>\nUtomhuspedagogik utnyttjas aktivt p\u00e5 alla avdelningar, men s\u00e4rskilt p\u00e5 avdelningen Molnet, som \u00e4r en renodlad utegrupp d\u00e4r praktiskt taget n\u00e4stan all verksamhet h\u00e5lls utomhus.<\/p>\n<p>Tv\u00e5spr\u00e5kigheten st\u00f6ds i v\u00e5rt daghem genom samarbete mellan de svenskspr\u00e5kiga och finskspr\u00e5kiga enheterna.<\/p>\n<p>F\u00f6rskolan har regelbundet bes\u00f6k av musikinstitutet Legato.<\/p>\n<p><strong>Varf\u00f6r ska studerande g\u00f6ra praktik p\u00e5 v\u00e5rt\u00a0<\/strong><strong>daghem?<\/strong><strong>\u00a0<\/strong><br \/>\nVi \u00e4r ett tv\u00e5spr\u00e5kigt daghem i en lugn milj\u00f6 ute i \u00d6vermalax. Vi har en driven och motiverad personal som arbetar med ett fram\u00e5tt\u00e4nk.<\/p>\n<p><strong>Vi kan erbjuda boende f\u00f6r den studerande under praktiktiden:<br \/>\n<\/strong>Nej<\/p>\n<p><strong>Vi kan hj\u00e4lpa till att s\u00f6ka boende f\u00f6r den studerande under praktiktiden:<br \/>\n<\/strong>Nej<\/p>\n","protected":false},"excerpt":{"rendered":"<p>Bild h\u00e4mtad fr\u00e5n denna l\u00e4nk. Solhagens daghem Daghemmets ort: Malax, \u00d6vermalax Daghemmets storlek: 6 avdelningar, knappa 90 barn inskrivna. Vi verkar p\u00e5 f\u00f6ljande spr\u00e5k: Svenska och finska V\u00e5r pedagogiska\u00a0grundsyn: V\u00e5rt m\u00e5l \u00e4r att erbjuda verksamhet som k\u00e4nns trygg, v\u00e4lkomnande och gl\u00e4djefylld f\u00f6r barnen. Alla ska f\u00e5 individuell uppm\u00e4rksamhet och vi tillgodoser allas individuella behov.\u00a0 Det &hellip; <a href=\"https:\/\/blogs2.abo.fi\/ovningsdaghem\/solhagens-daghem\/\" class=\"more-link\">Forts\u00e4tt l\u00e4sa <span class=\"screen-reader-text\">Solhagens daghem<\/span><\/a><\/p>\n","protected":false},"author":530,"featured_media":0,"parent":0,"menu_order":0,"comment_status":"closed","ping_status":"closed","template":"","meta":{"footnotes":""},"class_list":["post-532","page","type-page","status-publish","hentry"],"_links":{"self":[{"href":"https:\/\/blogs2.abo.fi\/ovningsdaghem\/wp-json\/wp\/v2\/pages\/532","targetHints":{"allow":["GET"]}}],"collection":[{"href":"https:\/\/blogs2.abo.fi\/ovningsdaghem\/wp-json\/wp\/v2\/pages"}],"about":[{"href":"https:\/\/blogs2.abo.fi\/ovningsdaghem\/wp-json\/wp\/v2\/types\/page"}],"author":[{"embeddable":true,"href":"https:\/\/blogs2.abo.fi\/ovningsdaghem\/wp-json\/wp\/v2\/users\/530"}],"replies":[{"embeddable":true,"href":"https:\/\/blogs2.abo.fi\/ovningsdaghem\/wp-json\/wp\/v2\/comments?post=532"}],"version-history":[{"count":4,"href":"https:\/\/blogs2.abo.fi\/ovningsdaghem\/wp-json\/wp\/v2\/pages\/532\/revisions"}],"predecessor-version":[{"id":1252,"href":"https:\/\/blogs2.abo.fi\/ovningsdaghem\/wp-json\/wp\/v2\/pages\/532\/revisions\/1252"}],"wp:attachment":[{"href":"https:\/\/blogs2.abo.fi\/ovningsdaghem\/wp-json\/wp\/v2\/media?parent=532"}],"curies":[{"name":"wp","href":"https:\/\/api.w.org\/{rel}","templated":true}]}}