{"id":453,"date":"2021-06-17T11:38:55","date_gmt":"2021-06-17T08:38:55","guid":{"rendered":"https:\/\/blogs2.abo.fi\/ovningsdaghem\/?page_id=453"},"modified":"2024-09-13T15:08:36","modified_gmt":"2024-09-13T12:08:36","slug":"daghemmet-lijekonvaljen","status":"publish","type":"page","link":"https:\/\/blogs2.abo.fi\/ovningsdaghem\/daghemmet-lijekonvaljen\/","title":{"rendered":"Daghemmet Lijekonvaljen"},"content":{"rendered":"<h1>Daghemmet Liljekonvaljen<\/h1>\n<p><strong>Daghemmets ort:<br \/>\n<\/strong>V\u00f6r\u00e5<\/p>\n<p><strong>Daghemmets storlek: <\/strong>5 avdelningar. 2 f\u00f6rskolegrupper, 3 grupper med barn inom sm\u00e5barnspedagogik i \u00e5ldern 3-5 \u00e5r, \u00a0varav en grupp \u00e4r en utegrupp.<\/p>\n<p><strong>Vi verkar p\u00e5 f\u00f6ljande spr\u00e5k:<br \/>\n<\/strong>Svenska och finska (2 tv\u00e5spr\u00e5kiga grupper inom sm\u00e5barnspedagogik)<\/p>\n<p><strong>V\u00e5r pedagogiska grundsyn: <\/strong>Vi jobbar utifr\u00e5n planen och v\u00e4rdegrunden f\u00f6r sm\u00e5barnspedagogik och f\u00f6rskolans l\u00e4roplan. P\u00e5 Liljekonvaljen vill vi att barnen ska utvecklas till nyfikna, sj\u00e4lvst\u00e4ndiga och kompetenta barn. Vi utg\u00e5r fr\u00e5n barnen och deras intressen n\u00e4r vi planerar v\u00e5r verksamhet. Vi ser barnet som individ men ocks\u00e5 som en del av en st\u00f6rre helhet. Vi prioriterar utevistelse och anv\u00e4nder oss mycket av n\u00e4rmilj\u00f6n (skogen).<\/p>\n<p><strong>V\u00e5r pedagogik: <\/strong>Vi v\u00e4rnar mycket om h\u00e5llbarhet i vardagen. R\u00f6relsegl\u00e4dje, spr\u00e5k och sociala f\u00e4rdigheter \u00e4r v\u00e5ra grundstenar i verksamheten. I vardagen tar vi ocks\u00e5 in finska spr\u00e5kduschar med barnen. I kommunen har vi utarbetat en IKT-strategi som str\u00e4cker sig fr\u00e5n sm\u00e5barnspedagogiken upp till gymnasiet. Vi har en aktiv IKT-grupp som bland annat inspirerar och f\u00f6ljer upp personalens arbete med IKT i vardagen.<\/p>\n<p>Vi jobbar utifr\u00e5n f\u00f6rh\u00e5llningss\u00e4tten utmanande l\u00e4rande och l\u00e5gaffektivt bem\u00f6tande. I kommunen finns 3 ambulerande speciall\u00e4rare inom sm\u00e5barnspedagogik och f\u00f6rskola som st\u00f6der och handleder personalen inom tre stegsst\u00f6det. P\u00e5 daghemmet finns en elevv\u00e5rdsgrupp som tr\u00e4ffas regelbundet och f\u00f6ljer upp och utv\u00e4rderar j\u00e4mst\u00e4lldhets och likabehandlingsplan f\u00f6r sm\u00e5barnspedagogik och f\u00f6rskola samt handlingsplanen mot mobbning, trakasserier och v\u00e5ld i sm\u00e5barnspedagogik och f\u00f6rskola.<\/p>\n<p>Verktyg och program vi anv\u00e4nder: widgit online (bildst\u00f6d), p\u00e4ikky och prion (f\u00f6r pedagogisk dokumentation). Vi planerar och utv\u00e4rderar v\u00e5r verksamhet i SKA-modulen som finns i Prion.<\/p>\n<p><strong>Varf\u00f6r ska studerande g\u00f6ra praktik p\u00e5 v\u00e5rt daghem?<br \/>\n<\/strong>Liljekonvaljen \u00e4r ett trivsamt daghem med trevlig personal som har m\u00e5nga olika kompetenser! Inom personalen jobbar vi utifr\u00e5n tankes\u00e4ttet kollegialt l\u00e4rande.<br \/>\nVi erbjuder m\u00e5ngsidiga arbetss\u00e4tt. Daghemmet ligger bel\u00e4get i V\u00f6r\u00e5 centrum och vi anv\u00e4nder v\u00e5r n\u00e4romgivning flitigt (sportplan, skidcentrum, bibliotek, skolcentrum).<\/p>\n<p><strong>Vi kan erbjuda boende f\u00f6r den studerande under praktiktiden:<br \/>\n<\/strong>Nej<\/p>\n<p><strong>Vi kan hj\u00e4lpa till att s\u00f6ka boende f\u00f6r den studerande under praktiktiden:<br \/>\n<\/strong>Nej<\/p>\n","protected":false},"excerpt":{"rendered":"<p>Daghemmet Liljekonvaljen Daghemmets ort: V\u00f6r\u00e5 Daghemmets storlek: 5 avdelningar. 2 f\u00f6rskolegrupper, 3 grupper med barn inom sm\u00e5barnspedagogik i \u00e5ldern 3-5 \u00e5r, \u00a0varav en grupp \u00e4r en utegrupp. Vi verkar p\u00e5 f\u00f6ljande spr\u00e5k: Svenska och finska (2 tv\u00e5spr\u00e5kiga grupper inom sm\u00e5barnspedagogik) V\u00e5r pedagogiska grundsyn: Vi jobbar utifr\u00e5n planen och v\u00e4rdegrunden f\u00f6r sm\u00e5barnspedagogik och f\u00f6rskolans l\u00e4roplan. P\u00e5 &hellip; <a href=\"https:\/\/blogs2.abo.fi\/ovningsdaghem\/daghemmet-lijekonvaljen\/\" class=\"more-link\">Forts\u00e4tt l\u00e4sa <span class=\"screen-reader-text\">Daghemmet Lijekonvaljen<\/span><\/a><\/p>\n","protected":false},"author":530,"featured_media":0,"parent":0,"menu_order":0,"comment_status":"closed","ping_status":"closed","template":"","meta":{"footnotes":""},"class_list":["post-453","page","type-page","status-publish","hentry"],"_links":{"self":[{"href":"https:\/\/blogs2.abo.fi\/ovningsdaghem\/wp-json\/wp\/v2\/pages\/453","targetHints":{"allow":["GET"]}}],"collection":[{"href":"https:\/\/blogs2.abo.fi\/ovningsdaghem\/wp-json\/wp\/v2\/pages"}],"about":[{"href":"https:\/\/blogs2.abo.fi\/ovningsdaghem\/wp-json\/wp\/v2\/types\/page"}],"author":[{"embeddable":true,"href":"https:\/\/blogs2.abo.fi\/ovningsdaghem\/wp-json\/wp\/v2\/users\/530"}],"replies":[{"embeddable":true,"href":"https:\/\/blogs2.abo.fi\/ovningsdaghem\/wp-json\/wp\/v2\/comments?post=453"}],"version-history":[{"count":2,"href":"https:\/\/blogs2.abo.fi\/ovningsdaghem\/wp-json\/wp\/v2\/pages\/453\/revisions"}],"predecessor-version":[{"id":1247,"href":"https:\/\/blogs2.abo.fi\/ovningsdaghem\/wp-json\/wp\/v2\/pages\/453\/revisions\/1247"}],"wp:attachment":[{"href":"https:\/\/blogs2.abo.fi\/ovningsdaghem\/wp-json\/wp\/v2\/media?parent=453"}],"curies":[{"name":"wp","href":"https:\/\/api.w.org\/{rel}","templated":true}]}}