{"id":446,"date":"2021-06-17T11:32:57","date_gmt":"2021-06-17T08:32:57","guid":{"rendered":"https:\/\/blogs2.abo.fi\/ovningsdaghem\/?page_id=446"},"modified":"2024-06-25T11:02:15","modified_gmt":"2024-06-25T08:02:15","slug":"rasebo-daghem","status":"publish","type":"page","link":"https:\/\/blogs2.abo.fi\/ovningsdaghem\/rasebo-daghem\/","title":{"rendered":"Rasebo daghem"},"content":{"rendered":"<p><img loading=\"lazy\" decoding=\"async\" class=\"alignleft wp-image-450 size-large\" src=\"http:\/\/blogs2.abo.fi\/ovningsdaghem\/wp-content\/uploads\/sites\/159\/2021\/06\/Rasebo-09_Talvi-2020_Roosa-scaled-1-1024x683.jpg\" alt=\"\" width=\"660\" height=\"440\" srcset=\"https:\/\/blogs2.abo.fi\/ovningsdaghem\/wp-content\/uploads\/sites\/159\/2021\/06\/Rasebo-09_Talvi-2020_Roosa-scaled-1-1024x683.jpg 1024w, https:\/\/blogs2.abo.fi\/ovningsdaghem\/wp-content\/uploads\/sites\/159\/2021\/06\/Rasebo-09_Talvi-2020_Roosa-scaled-1-300x200.jpg 300w, https:\/\/blogs2.abo.fi\/ovningsdaghem\/wp-content\/uploads\/sites\/159\/2021\/06\/Rasebo-09_Talvi-2020_Roosa-scaled-1-768x512.jpg 768w, https:\/\/blogs2.abo.fi\/ovningsdaghem\/wp-content\/uploads\/sites\/159\/2021\/06\/Rasebo-09_Talvi-2020_Roosa-scaled-1-1536x1025.jpg 1536w, https:\/\/blogs2.abo.fi\/ovningsdaghem\/wp-content\/uploads\/sites\/159\/2021\/06\/Rasebo-09_Talvi-2020_Roosa-scaled-1-2048x1366.jpg 2048w, https:\/\/blogs2.abo.fi\/ovningsdaghem\/wp-content\/uploads\/sites\/159\/2021\/06\/Rasebo-09_Talvi-2020_Roosa-scaled-1-624x416.jpg 624w\" sizes=\"auto, (max-width: 660px) 100vw, 660px\" \/><\/p>\n<h6 style=\"text-align: left\"><a href=\"https:\/\/www.raseborg.fi\/daghem\/rasebo-daghem\/\">Bilden h\u00e4mtad fr\u00e5n Raseborgs hemsida.\u00a0<\/a><\/h6>\n<h1>Rasebo\u00a0<span style=\"font-size: 35px;font-weight: bold\">d<\/span><span style=\"font-size: 35px;font-weight: bold\">ag<\/span><span style=\"font-size: 35px;font-weight: bold\">hem<\/span><\/h1>\n<p><strong>Daghemmets ort:<br \/>\n<\/strong>Raseborg \/ Eken\u00e4s<\/p>\n<p><strong>Daghemmets sto<\/strong><strong>rlek:<\/strong><\/p>\n<p>Daghemmet har 4 grupper: Bikupan, 3-5-\u00e5ringaroch spr\u00e5kbadet Muurahaiset, 1-3-\u00e5ringar.<br \/>\nSm\u00e5 Grodor och f\u00f6rskolan Stimmet.<\/p>\n<p>\u00c5ldersf\u00f6rdelningen kan variera fr\u00e5n \u00e5r till \u00e5r.<br \/>\nRasebo \u00e4r ocks\u00e5 stadens enda skiftesv\u00e5rdsenhet; h\u00e4lften av v\u00e5ra ca. 75 barn deltar i den.<\/p>\n<p><strong>Vi verkar p\u00e5 f\u00f6ljande spr\u00e5k: <\/strong>Daghemmets spr\u00e5k \u00e4r svenska. I spr\u00e5kbadet l\u00e4r man svenskspr\u00e5kiga barn finska, vilket betyder att personalen \u00e4r helt tv\u00e5spr\u00e5kig, men arbetar med barnen p\u00e5 finska. Raseborg v\u00e4rnar om sin tv\u00e5spr\u00e5kighet, vilket betyder att i alla stadens grupper har man ocks\u00e5 inslag av det andra inhemska spr\u00e5ket.<\/p>\n<p><strong>V\u00e5r pedagogiska grundsyn: <\/strong>Barnet \u00e4r en kompetent, hel m\u00e4nniska \u2013 inte n\u00e5got som i framtiden ska bli n\u00e5got. Barnet \u00e4r h\u00e4r och nu \u2013 en v\u00e4rdefull g\u00e5va av f\u00f6r\u00e4ldrarna, som vi f\u00e5r varje dag v\u00e4rna om.<\/p>\n<p>Barnet \u00e4r ocks\u00e5 kompetent att p\u00e5 olika s\u00e4tt ber\u00e4tta om sig sj\u00e4lv, sina dr\u00f6mmar, \u00f6nskem\u00e5l och behov och m\u00e5ste d\u00e4rf\u00f6r alltid h\u00f6ras d\u00e5 man planerar, verkst\u00e4ller och utv\u00e4rderar verksamheten.<\/p>\n<p>Lek, utforskande och r\u00f6relse \u00e4r barns naturliga s\u00e4tt att ta till sig ny kunskap \u2013 dessa bildar grunden i v\u00e5r undervisning.<\/p>\n<p><strong>V\u00e5r pedagogik: <\/strong>Spr\u00e5kbadsgruppen f\u00f6r med sig kunskap om hur barn till\u00e4gnar sig ett spr\u00e5k.<\/p>\n<p>Genom skiftesv\u00e5rden har vi f\u00e5tt \u00f6gonen upp f\u00f6r hur olika barns dagar kan se ut och p\u00e5 vilket s\u00e4tt vi m\u00e5ste beakta detta i v\u00e5r verksamhet <strong>.<\/strong><\/p>\n<p><strong>Varf\u00f6r ska studerande g\u00f6ra praktik p\u00e5 v\u00e5rt daghem?<br \/>\n<\/strong>Hos oss \u00e4r det m\u00f6jligt att f\u00e5 inblick i egentligen allt som dagens sm\u00e5barnspedagogik och f\u00f6rskola har att erbjuda barnen och familjerna. Vi har tv\u00e5 l\u00e4rare i varje barngrupp. Sj\u00e4lva daghemmet finns i centrum av Eken\u00e4s, med kort avst\u00e5nd till torget, butiker, muse\u00e9r, konstutst\u00e4llningar, idrottsanl\u00e4ggningar, parker (men ocks\u00e5 lite skog) \u2013 m\u00f6jligheter till n\u00e4stan vad som helst finns! Vi har en v\u00e4ldigt fin arbetsatmosf\u00e4r och sammanh\u00e5llighet, d\u00e4r ocks\u00e5 studerande brukar trivas.<\/p>\n<p>Kika g\u00e4rna in p\u00e5 v\u00e5r facebooksida: <strong>@rasebodaghem<\/strong><\/p>\n<p><strong>Vi kan erbjuda boende f\u00f6r den studerande under praktiktiden:<br \/>\n<\/strong>Nej<\/p>\n<p><strong>Vi kan hj\u00e4lpa till att s\u00f6ka boende f\u00f6r den studerande under praktiktiden:<br \/>\n<\/strong>Ja<\/p>\n<p>&nbsp;<\/p>\n<h6 style=\"text-align: left\"><a href=\"https:\/\/www.raseborg.fi\/daghem\/rasebo-daghem\/\">Bilden h\u00e4mtad fr\u00e5n Raseborgs hemsida.\u00a0<\/a><\/h6>\n","protected":false},"excerpt":{"rendered":"<p>Bilden h\u00e4mtad fr\u00e5n Raseborgs hemsida.\u00a0 Rasebo\u00a0daghem Daghemmets ort: Raseborg \/ Eken\u00e4s Daghemmets storlek: Daghemmet har 4 grupper: Bikupan, 3-5-\u00e5ringaroch spr\u00e5kbadet Muurahaiset, 1-3-\u00e5ringar. Sm\u00e5 Grodor och f\u00f6rskolan Stimmet. \u00c5ldersf\u00f6rdelningen kan variera fr\u00e5n \u00e5r till \u00e5r. Rasebo \u00e4r ocks\u00e5 stadens enda skiftesv\u00e5rdsenhet; h\u00e4lften av v\u00e5ra ca. 75 barn deltar i den. Vi verkar p\u00e5 f\u00f6ljande spr\u00e5k: Daghemmets &hellip; <a href=\"https:\/\/blogs2.abo.fi\/ovningsdaghem\/rasebo-daghem\/\" class=\"more-link\">Forts\u00e4tt l\u00e4sa <span class=\"screen-reader-text\">Rasebo daghem<\/span><\/a><\/p>\n","protected":false},"author":530,"featured_media":0,"parent":0,"menu_order":0,"comment_status":"closed","ping_status":"closed","template":"","meta":{"footnotes":""},"class_list":["post-446","page","type-page","status-publish","hentry"],"_links":{"self":[{"href":"https:\/\/blogs2.abo.fi\/ovningsdaghem\/wp-json\/wp\/v2\/pages\/446","targetHints":{"allow":["GET"]}}],"collection":[{"href":"https:\/\/blogs2.abo.fi\/ovningsdaghem\/wp-json\/wp\/v2\/pages"}],"about":[{"href":"https:\/\/blogs2.abo.fi\/ovningsdaghem\/wp-json\/wp\/v2\/types\/page"}],"author":[{"embeddable":true,"href":"https:\/\/blogs2.abo.fi\/ovningsdaghem\/wp-json\/wp\/v2\/users\/530"}],"replies":[{"embeddable":true,"href":"https:\/\/blogs2.abo.fi\/ovningsdaghem\/wp-json\/wp\/v2\/comments?post=446"}],"version-history":[{"count":4,"href":"https:\/\/blogs2.abo.fi\/ovningsdaghem\/wp-json\/wp\/v2\/pages\/446\/revisions"}],"predecessor-version":[{"id":1121,"href":"https:\/\/blogs2.abo.fi\/ovningsdaghem\/wp-json\/wp\/v2\/pages\/446\/revisions\/1121"}],"wp:attachment":[{"href":"https:\/\/blogs2.abo.fi\/ovningsdaghem\/wp-json\/wp\/v2\/media?parent=446"}],"curies":[{"name":"wp","href":"https:\/\/api.w.org\/{rel}","templated":true}]}}